{"id":61,"date":"2022-06-08T09:37:20","date_gmt":"2022-06-08T16:37:20","guid":{"rendered":"http:\/\/localhost:10272\/?page_id=61"},"modified":"2025-07-18T17:13:29","modified_gmt":"2025-07-19T00:13:29","slug":"about","status":"publish","type":"page","link":"https:\/\/realitychangers.org\/es\/about\/","title":{"rendered":"Acerca de"},"content":{"rendered":"<h2>\n\t\t\tSobre nosotros\t<\/h2>\n<h1>\n\t\tEl <strong>Cambiadores de realidad<\/strong> Misi\u00f3n\n\t\t\t\t<\/h1>\t\n\t<p>Preparamos a los j\u00f3venes para que se conviertan en graduados universitarios de primera generaci\u00f3n y agentes de cambio en sus comunidades.<\/p>\n<h3>\n\t\t\tCAMBIADORES DE REALIDAD EN ACCI\u00d3N\t<\/h3>\n\t\t\t\t<img decoding=\"async\" src=\"https:\/\/realitychangers.org\/wp-content\/uploads\/2022\/06\/Reality-changers-high-school-student.jpg\" alt=\"A high school student\" title=\"Cambiadores-de-la-realidad-estudiante-de-bachillerato\" itemprop=\"image\"\/>\n\t\t\t\t \n\t\t<h3>EDDY (&#039;23)<\/h3>\u201cLa tutor\u00eda y la pr\u00e1ctica de hablar en p\u00fablico han sido muy \u00fatiles, pero tambi\u00e9n estoy feliz de tener a Reality Changers como segundo hogar. No hay otro programa que me haya afectado tanto como Reality Changers\u201d.\t\t\t\t\t\n\t\t\t\t<img decoding=\"async\" src=\"https:\/\/realitychangers.org\/wp-content\/uploads\/2022\/06\/First-gen-college-student.jpg\" alt=\"A college-bound high school senior\" title=\"Estudiante universitario de primera generaci\u00f3n\" itemprop=\"image\"\/>\n\t\t\t\t \n\t\t<h3>OLIVIA (&#039;22)<\/h3>\u201cDespu\u00e9s de que terminamos las solicitudes para la universidad, hablamos sobre cosas como vivir en dormitorios, acostumbrarnos a la escuela e involucrarnos. Gracias a Reality Changers, me siento preparado para ir a la universidad\u201d.\t\t\t\t\t\n\t\t\t\t<img decoding=\"async\" src=\"https:\/\/realitychangers.org\/wp-content\/uploads\/2022\/06\/Reality-Changers-graduate.jpg\" alt=\"A first-gen college graduate\" title=\"Reality Changers-graduado\" itemprop=\"image\"\/>\n\t\t\t\t \n\t\t<h3>ASHLEY (&#039;15)<\/h3>\u201cLa Red de Antiguos Alumnos de Reality Changers me ha brindado la oportunidad de crecer profesional y personalmente. Al participar en sus programas, he desarrollado habilidades, formado metas y construido mi red\u201d.\t\t\t\t\t\n<h3>\n\t\t\tDIVERSIDAD, EQUIDAD E INCLUSI\u00d3N\t<\/h3>\n\t\t\t\t<img decoding=\"async\" src=\"https:\/\/realitychangers.org\/wp-content\/uploads\/2022\/06\/Diversity-equity-inclusion.jpeg\" alt=\"Diversity-equity-inclusion\" itemprop=\"image\" height=\"683\" width=\"1024\" title=\"Diversidad-equidad-inclusi\u00f3n\" onerror=\"this.style.display='none'\" loading=\"lazy\" \/>\n<h3>\n\t\t\tSer el cambio que deseamos ver\t<\/h3>\n\t<p>Reality Changers defiende y camina junto a estudiantes universitarios de primera generaci\u00f3n mientras trabajamos juntos hacia la equidad educativa. Somos responsables ante las diversas comunidades a las que servimos y afirmamos activamente la dignidad de todas las personas.<\/p>\n<p>Nuestra declaraci\u00f3n de Diversidad, Equidad e Inclusi\u00f3n codifica estos valores. En 2021, fuimos reconocidos como una &quot;Organizaci\u00f3n Destacada para la Diversidad y la Inclusi\u00f3n&quot; por la Asociaci\u00f3n de Profesionales de Recaudaci\u00f3n de Fondos, Cap\u00edtulo de San Diego.<\/p>\n\t\t\t<a href=\"\/es\/about\/dei\/\" target=\"_self\">\n\t\t\t\t\t\t\tAprende m\u00e1s\n\t\t\t\t\t<\/a>\n<h3>\n\t\t\tVALORES FUNDAMENTALES DE LOS CAMBIADORES DE LA REALIDAD\t<\/h3>\n\t<ul>\n\t\t<li>\t\t\n\t\t\t\t<img decoding=\"async\" src=\"https:\/\/realitychangers.org\/wp-content\/uploads\/2022\/07\/community-1.svg\" alt=\"community\" title=\"comunidad\" itemprop=\"image\"\/>\n\t\t<h3>COMUNIDAD<\/h3><p>Valoramos la pertenencia y trabajamos para garantizar que las personas se sientan bienvenidas, incluidas e inspiradas para apoyarse mutuamente.<\/p><\/li><li>\t\t\n\t\t\t\t<img decoding=\"async\" src=\"https:\/\/realitychangers.org\/wp-content\/uploads\/2022\/07\/learning.svg\" alt=\"learning\" title=\"aprendiendo\" itemprop=\"image\"\/>\n\t\t<h3>APRENDIENDO<\/h3><p>Reflexionamos continuamente y crecemos a partir de nuestras experiencias para fortalecer nuestras habilidades, conocimientos e impacto.<\/p><\/li><li>\t\t\n\t\t\t\t<img decoding=\"async\" src=\"https:\/\/realitychangers.org\/wp-content\/uploads\/2022\/07\/equity.svg\" alt=\"equity\" title=\"equidad\" itemprop=\"image\"\/>\n\t\t<h3>EQUIDAD<\/h3><p>Seguimos el ejemplo de aquellos que se ven m\u00e1s afectados por las injusticias hist\u00f3ricas y sist\u00e9micas para buscar el cambio social.<\/p><\/li><li>\t\t\n\t\t\t\t<img decoding=\"async\" src=\"https:\/\/realitychangers.org\/wp-content\/uploads\/2022\/07\/achievement.svg\" alt=\"achievement\" title=\"logro\" itemprop=\"image\"\/>\n\t\t<h3>LOGRO<\/h3><p>Nos desafiamos unos a otros a dar lo mejor de nosotros y celebramos el esfuerzo colectivo, el coraje y la habilidad que se necesita para lograr nuestras metas.<\/p><\/li><li>\t\t\n\t\t\t\t<img decoding=\"async\" src=\"https:\/\/realitychangers.org\/wp-content\/uploads\/2022\/07\/integrity.svg\" alt=\"integrity\" title=\"integridad\" itemprop=\"image\"\/>\n\t\t<h3>INTEGRIDAD<\/h3><p>Nos apropiamos de nuestras acciones y luchamos contra la complacencia haciendo lo correcto, no es f\u00e1cil.<\/p><\/li><li>\t\t\n\t\t\t\t<img decoding=\"async\" src=\"https:\/\/realitychangers.org\/wp-content\/uploads\/2022\/07\/joy-hope.svg\" alt=\"joy-hope\" title=\"alegr\u00eda-esperanza\" itemprop=\"image\"\/>\n\t\t<h3>ALEGRIA Y ESPERANZA<\/h3><p>Alentamos a los dem\u00e1s, practicamos la gratitud y enfrentamos con valent\u00eda lo que la vida nos depara de un d\u00eda para otro.<\/p><\/li>\t<\/ul>\n<h3>\n\t\t\tHaz una donaci\u00f3n\t<\/h3>\n\t\t\t<a href=\"https:\/\/give.realitychangers.org\/give\/294052\/#!\/donation\/checkout?c_src=web\" target=\"_blank\" rel=\"noopener\">\n\t\t\t\t\t\t\tdar aqu\u00ed\n\t\t\t\t\t<\/a>","protected":false},"excerpt":{"rendered":"<p>About Us The Reality Changers Mission We prepare youth to become first-generation college graduates and agents of change in their communities. REALITY CHANGERS IN ACTION EDDY (&#8217;23) &#8220;The tutoring and public speaking practice have been very helpful, but I also am just glad to have Reality Changers as a second home. There isn&#8217;t another program [&hellip;]<\/p>\n","protected":false},"author":1,"featured_media":0,"parent":0,"menu_order":22,"comment_status":"closed","ping_status":"closed","template":"","meta":{"_acf_changed":false,"site-sidebar-layout":"default","site-content-layout":"","ast-site-content-layout":"default","site-content-style":"default","site-sidebar-style":"default","ast-global-header-display":"","ast-banner-title-visibility":"","ast-main-header-display":"","ast-hfb-above-header-display":"","ast-hfb-below-header-display":"","ast-hfb-mobile-header-display":"","site-post-title":"","ast-breadcrumbs-content":"","ast-featured-img":"","footer-sml-layout":"","ast-disable-related-posts":"","theme-transparent-header-meta":"","adv-header-id-meta":"","stick-header-meta":"","header-above-stick-meta":"","header-main-stick-meta":"","header-below-stick-meta":"","astra-migrate-meta-layouts":"set","ast-page-background-enabled":"default","ast-page-background-meta":{"desktop":{"background-color":"var(--ast-global-color-4)","background-image":"","background-repeat":"repeat","background-position":"center center","background-size":"auto","background-attachment":"scroll","background-type":"","background-media":"","overlay-type":"","overlay-color":"","overlay-opacity":"","overlay-gradient":""},"tablet":{"background-color":"","background-image":"","background-repeat":"repeat","background-position":"center center","background-size":"auto","background-attachment":"scroll","background-type":"","background-media":"","overlay-type":"","overlay-color":"","overlay-opacity":"","overlay-gradient":""},"mobile":{"background-color":"","background-image":"","background-repeat":"repeat","background-position":"center center","background-size":"auto","background-attachment":"scroll","background-type":"","background-media":"","overlay-type":"","overlay-color":"","overlay-opacity":"","overlay-gradient":""}},"ast-content-background-meta":{"desktop":{"background-color":"var(--ast-global-color-5)","background-image":"","background-repeat":"repeat","background-position":"center center","background-size":"auto","background-attachment":"scroll","background-type":"","background-media":"","overlay-type":"","overlay-color":"","overlay-opacity":"","overlay-gradient":""},"tablet":{"background-color":"var(--ast-global-color-5)","background-image":"","background-repeat":"repeat","background-position":"center center","background-size":"auto","background-attachment":"scroll","background-type":"","background-media":"","overlay-type":"","overlay-color":"","overlay-opacity":"","overlay-gradient":""},"mobile":{"background-color":"var(--ast-global-color-5)","background-image":"","background-repeat":"repeat","background-position":"center center","background-size":"auto","background-attachment":"scroll","background-type":"","background-media":"","overlay-type":"","overlay-color":"","overlay-opacity":"","overlay-gradient":""}},"footnotes":""},"class_list":["post-61","page","type-page","status-publish","hentry"],"acf":[],"yoast_head":"<!-- This site is optimized with the Yoast SEO plugin v27.5 - https:\/\/yoast.com\/product\/yoast-seo-wordpress\/ -->\n<title>About - Reality Changers<\/title>\n<meta name=\"description\" content=\"Reality Changers is a nonprofit organization that helps underprivileged youth achieve academic and career success. Learn about our mission, history, and more!\" \/>\n<meta name=\"robots\" content=\"index, follow, max-snippet:-1, max-image-preview:large, max-video-preview:-1\" \/>\n<link rel=\"canonical\" href=\"https:\/\/realitychangers.org\/es\/about\/\" \/>\n<meta property=\"og:locale\" content=\"es_MX\" \/>\n<meta property=\"og:type\" content=\"article\" \/>\n<meta property=\"og:title\" content=\"About - Reality Changers\" \/>\n<meta property=\"og:description\" content=\"Reality Changers is a nonprofit organization that helps underprivileged youth achieve academic and career success. Learn about our mission, history, and more!\" \/>\n<meta property=\"og:url\" content=\"https:\/\/realitychangers.org\/es\/about\/\" \/>\n<meta property=\"og:site_name\" content=\"Reality Changers\" \/>\n<meta property=\"article:publisher\" content=\"https:\/\/www.facebook.com\/RealityChangers\" \/>\n<meta property=\"article:modified_time\" content=\"2025-07-19T00:13:29+00:00\" \/>\n<meta property=\"og:image\" content=\"https:\/\/realitychangers.org\/wp-content\/uploads\/2022\/06\/Reality-changers-high-school-student.jpg\" \/>\n<meta name=\"twitter:card\" content=\"summary_large_image\" \/>\n<meta name=\"twitter:site\" content=\"@RealityChangers\" \/>\n<meta name=\"twitter:label1\" content=\"Tiempo de lectura\" \/>\n\t<meta name=\"twitter:data1\" content=\"4 minutos\" \/>\n<script type=\"application\/ld+json\" class=\"yoast-schema-graph\">{\"@context\":\"https:\\\/\\\/schema.org\",\"@graph\":[{\"@type\":\"WebPage\",\"@id\":\"https:\\\/\\\/realitychangers.org\\\/about\\\/\",\"url\":\"https:\\\/\\\/realitychangers.org\\\/about\\\/\",\"name\":\"About - Reality Changers\",\"isPartOf\":{\"@id\":\"https:\\\/\\\/realitychangers.org\\\/#website\"},\"primaryImageOfPage\":{\"@id\":\"https:\\\/\\\/realitychangers.org\\\/about\\\/#primaryimage\"},\"image\":{\"@id\":\"https:\\\/\\\/realitychangers.org\\\/about\\\/#primaryimage\"},\"thumbnailUrl\":\"https:\\\/\\\/realitychangers.org\\\/wp-content\\\/uploads\\\/2022\\\/06\\\/Reality-changers-high-school-student.jpg\",\"datePublished\":\"2022-06-08T16:37:20+00:00\",\"dateModified\":\"2025-07-19T00:13:29+00:00\",\"description\":\"Reality Changers is a nonprofit organization that helps underprivileged youth achieve academic and career success. Learn about our mission, history, and more!\",\"breadcrumb\":{\"@id\":\"https:\\\/\\\/realitychangers.org\\\/about\\\/#breadcrumb\"},\"inLanguage\":\"es\",\"potentialAction\":[{\"@type\":\"ReadAction\",\"target\":[\"https:\\\/\\\/realitychangers.org\\\/about\\\/\"]}]},{\"@type\":\"ImageObject\",\"inLanguage\":\"es\",\"@id\":\"https:\\\/\\\/realitychangers.org\\\/about\\\/#primaryimage\",\"url\":\"https:\\\/\\\/realitychangers.org\\\/wp-content\\\/uploads\\\/2022\\\/06\\\/Reality-changers-high-school-student.jpg\",\"contentUrl\":\"https:\\\/\\\/realitychangers.org\\\/wp-content\\\/uploads\\\/2022\\\/06\\\/Reality-changers-high-school-student.jpg\"},{\"@type\":\"BreadcrumbList\",\"@id\":\"https:\\\/\\\/realitychangers.org\\\/about\\\/#breadcrumb\",\"itemListElement\":[{\"@type\":\"ListItem\",\"position\":1,\"name\":\"Home\",\"item\":\"https:\\\/\\\/realitychangers.org\\\/\"},{\"@type\":\"ListItem\",\"position\":2,\"name\":\"About\"}]},{\"@type\":\"WebSite\",\"@id\":\"https:\\\/\\\/realitychangers.org\\\/#website\",\"url\":\"https:\\\/\\\/realitychangers.org\\\/\",\"name\":\"Reality Changers\",\"description\":\"\",\"publisher\":{\"@id\":\"https:\\\/\\\/realitychangers.org\\\/#organization\"},\"potentialAction\":[{\"@type\":\"SearchAction\",\"target\":{\"@type\":\"EntryPoint\",\"urlTemplate\":\"https:\\\/\\\/realitychangers.org\\\/?s={search_term_string}\"},\"query-input\":{\"@type\":\"PropertyValueSpecification\",\"valueRequired\":true,\"valueName\":\"search_term_string\"}}],\"inLanguage\":\"es\"},{\"@type\":\"Organization\",\"@id\":\"https:\\\/\\\/realitychangers.org\\\/#organization\",\"name\":\"Reality Changers\",\"url\":\"https:\\\/\\\/realitychangers.org\\\/\",\"logo\":{\"@type\":\"ImageObject\",\"inLanguage\":\"es\",\"@id\":\"https:\\\/\\\/realitychangers.org\\\/#\\\/schema\\\/logo\\\/image\\\/\",\"url\":\"https:\\\/\\\/realitychangers.org\\\/wp-content\\\/uploads\\\/2020\\\/06\\\/RC-Logo.png\",\"contentUrl\":\"https:\\\/\\\/realitychangers.org\\\/wp-content\\\/uploads\\\/2020\\\/06\\\/RC-Logo.png\",\"width\":1445,\"height\":1445,\"caption\":\"Reality Changers\"},\"image\":{\"@id\":\"https:\\\/\\\/realitychangers.org\\\/#\\\/schema\\\/logo\\\/image\\\/\"},\"sameAs\":[\"https:\\\/\\\/www.facebook.com\\\/RealityChangers\",\"https:\\\/\\\/x.com\\\/RealityChangers\",\"https:\\\/\\\/www.instagram.com\\\/realitychangersorg\\\/\",\"https:\\\/\\\/www.linkedin.com\\\/company\\\/2531366\",\"https:\\\/\\\/www.youtube.com\\\/channel\\\/UCvhBURbHKKtqDKt91KwoJCg\"]}]}<\/script>\n<!-- \/ Yoast SEO plugin. -->","yoast_head_json":{"title":"Acerca de - Reality Changers","description":"Reality Changers es una organizaci\u00f3n sin fines de lucro que ayuda a j\u00f3venes de bajos recursos a alcanzar el \u00e9xito acad\u00e9mico y profesional. \u00a1Descubre nuestra misi\u00f3n, historia y m\u00e1s!","robots":{"index":"index","follow":"follow","max-snippet":"max-snippet:-1","max-image-preview":"max-image-preview:large","max-video-preview":"max-video-preview:-1"},"canonical":"https:\/\/realitychangers.org\/es\/about\/","og_locale":"es_MX","og_type":"article","og_title":"About - Reality Changers","og_description":"Reality Changers is a nonprofit organization that helps underprivileged youth achieve academic and career success. Learn about our mission, history, and more!","og_url":"https:\/\/realitychangers.org\/es\/about\/","og_site_name":"Reality Changers","article_publisher":"https:\/\/www.facebook.com\/RealityChangers","article_modified_time":"2025-07-19T00:13:29+00:00","og_image":[{"url":"https:\/\/realitychangers.org\/wp-content\/uploads\/2022\/06\/Reality-changers-high-school-student.jpg","type":"","width":"","height":""}],"twitter_card":"summary_large_image","twitter_site":"@RealityChangers","twitter_misc":{"Tiempo de lectura":"4 minutos"},"schema":{"@context":"https:\/\/schema.org","@graph":[{"@type":"WebPage","@id":"https:\/\/realitychangers.org\/about\/","url":"https:\/\/realitychangers.org\/about\/","name":"Acerca de - Reality Changers","isPartOf":{"@id":"https:\/\/realitychangers.org\/#website"},"primaryImageOfPage":{"@id":"https:\/\/realitychangers.org\/about\/#primaryimage"},"image":{"@id":"https:\/\/realitychangers.org\/about\/#primaryimage"},"thumbnailUrl":"https:\/\/realitychangers.org\/wp-content\/uploads\/2022\/06\/Reality-changers-high-school-student.jpg","datePublished":"2022-06-08T16:37:20+00:00","dateModified":"2025-07-19T00:13:29+00:00","description":"Reality Changers es una organizaci\u00f3n sin fines de lucro que ayuda a j\u00f3venes de bajos recursos a alcanzar el \u00e9xito acad\u00e9mico y profesional. \u00a1Descubre nuestra misi\u00f3n, historia y m\u00e1s!","breadcrumb":{"@id":"https:\/\/realitychangers.org\/about\/#breadcrumb"},"inLanguage":"es","potentialAction":[{"@type":"ReadAction","target":["https:\/\/realitychangers.org\/about\/"]}]},{"@type":"ImageObject","inLanguage":"es","@id":"https:\/\/realitychangers.org\/about\/#primaryimage","url":"https:\/\/realitychangers.org\/wp-content\/uploads\/2022\/06\/Reality-changers-high-school-student.jpg","contentUrl":"https:\/\/realitychangers.org\/wp-content\/uploads\/2022\/06\/Reality-changers-high-school-student.jpg"},{"@type":"BreadcrumbList","@id":"https:\/\/realitychangers.org\/about\/#breadcrumb","itemListElement":[{"@type":"ListItem","position":1,"name":"Home","item":"https:\/\/realitychangers.org\/"},{"@type":"ListItem","position":2,"name":"About"}]},{"@type":"WebSite","@id":"https:\/\/realitychangers.org\/#website","url":"https:\/\/realitychangers.org\/","name":"Cambiadores de realidad","description":"","publisher":{"@id":"https:\/\/realitychangers.org\/#organization"},"potentialAction":[{"@type":"SearchAction","target":{"@type":"EntryPoint","urlTemplate":"https:\/\/realitychangers.org\/?s={search_term_string}"},"query-input":{"@type":"PropertyValueSpecification","valueRequired":true,"valueName":"search_term_string"}}],"inLanguage":"es"},{"@type":"Organization","@id":"https:\/\/realitychangers.org\/#organization","name":"Cambiadores de realidad","url":"https:\/\/realitychangers.org\/","logo":{"@type":"ImageObject","inLanguage":"es","@id":"https:\/\/realitychangers.org\/#\/schema\/logo\/image\/","url":"https:\/\/realitychangers.org\/wp-content\/uploads\/2020\/06\/RC-Logo.png","contentUrl":"https:\/\/realitychangers.org\/wp-content\/uploads\/2020\/06\/RC-Logo.png","width":1445,"height":1445,"caption":"Reality Changers"},"image":{"@id":"https:\/\/realitychangers.org\/#\/schema\/logo\/image\/"},"sameAs":["https:\/\/www.facebook.com\/RealityChangers","https:\/\/x.com\/RealityChangers","https:\/\/www.instagram.com\/realitychangersorg\/","https:\/\/www.linkedin.com\/company\/2531366","https:\/\/www.youtube.com\/channel\/UCvhBURbHKKtqDKt91KwoJCg"]}]}},"_links":{"self":[{"href":"https:\/\/realitychangers.org\/es\/wp-json\/wp\/v2\/pages\/61","targetHints":{"allow":["GET"]}}],"collection":[{"href":"https:\/\/realitychangers.org\/es\/wp-json\/wp\/v2\/pages"}],"about":[{"href":"https:\/\/realitychangers.org\/es\/wp-json\/wp\/v2\/types\/page"}],"author":[{"embeddable":true,"href":"https:\/\/realitychangers.org\/es\/wp-json\/wp\/v2\/users\/1"}],"replies":[{"embeddable":true,"href":"https:\/\/realitychangers.org\/es\/wp-json\/wp\/v2\/comments?post=61"}],"version-history":[{"count":0,"href":"https:\/\/realitychangers.org\/es\/wp-json\/wp\/v2\/pages\/61\/revisions"}],"wp:attachment":[{"href":"https:\/\/realitychangers.org\/es\/wp-json\/wp\/v2\/media?parent=61"}],"curies":[{"name":"gracias","href":"https:\/\/api.w.org\/{rel}","templated":true}]}}