{"id":56,"date":"2022-06-08T09:36:25","date_gmt":"2022-06-08T16:36:25","guid":{"rendered":"http:\/\/localhost:10272\/?page_id=56"},"modified":"2025-04-22T13:53:21","modified_gmt":"2025-04-22T20:53:21","slug":"collegetown","status":"publish","type":"page","link":"https:\/\/realitychangers.org\/es\/collegetown\/","title":{"rendered":"College Town"},"content":{"rendered":"<h2>\n\t\tCIUDAD UNIVERSITARIA\n\t<\/h2>\n<h1>\n\t\tPREPARACI\u00d3N UNIVERSITARIA <strong>PARA ESTUDIANTES DE SECUNDARIA<\/strong>\n\t<\/h1>\n\t<p>College Town es un programa extracurricular y de verano sin costo para estudiantes de 8.\u00ba a 11.\u00ba grado. El plan de estudios se enfoca en construir una base s\u00f3lida de habilidades acad\u00e9micas, personales y de desarrollo comunitario. Los estudiantes reciben tutor\u00eda, se unen a excursiones, participan en salidas de servicio comunitario y m\u00e1s.<\/p>\n\t\t\t<a href=\"https:\/\/realitychangers.org\/es\/apply\/application-instructions\/\" target=\"_blank\" rel=\"noopener\">\n\t\t\t\t\t\t\tSOLICITE AHORA\n\t\t\t\t\t<\/a>\n<h2>\n\t\tSERVICIOS PRINCIPALES\n\t<\/h2>\n<h3>\n\t\tTRABAJANDO JUNTOS PARA LOGRAR EL \u00c9XITO DE LA PRIMERA GENERACI\u00d3N\n\t<\/h3>\n\t\t\t\t<img decoding=\"async\" src=\"https:\/\/realitychangers.org\/wp-content\/uploads\/2022\/07\/confidence.svg\" alt=\"confidence\" title=\"confianza\" itemprop=\"image\"\/>\n\t\t<h3>CONFIANZA CRECIENTE<\/h3>\t\t\t\n\t\t\t\t<p>College Town celebra las diversas identidades de nuestros estudiantes y ayuda a los estudiantes de 8.\u00ba a 11.\u00ba grado a aprender c\u00f3mo sus fortalezas individuales pueden ayudarlos a superar los desaf\u00edos y alcanzar las metas.<\/p>\n\t\t\t\t<img decoding=\"async\" src=\"https:\/\/realitychangers.org\/wp-content\/uploads\/2022\/06\/We_Respond.svg\" alt=\"We_Respond\" title=\"Nosotros respondemos\" itemprop=\"image\"\/>\n\t\t<h3>Sistemas de apoyo a la construcci\u00f3n<\/h3>\t\t\t\n\t\t\t\t<p>Como graduados de primera generaci\u00f3n, sabemos que cada \u00e9xito proviene de una comunidad de amor y apoyo. Nuestros programas fomentan la colaboraci\u00f3n entre pares, conectan a los j\u00f3venes con modelos a seguir adultos y brindan servicios gratuitos a las familias de los estudiantes.<\/p>\n\t\t\t\t<img decoding=\"async\" src=\"https:\/\/realitychangers.org\/wp-content\/uploads\/2022\/07\/opening-doors.svg\" alt=\"opening-doors\" title=\"abriendo-puertas\" itemprop=\"image\"\/>\n\t\t<h3>APERTURA DE PUERTAS<\/h3>\t\t\t\n\t\t\t\t<p>Conectamos a los estudiantes con oportunidades en todo San Diego. Nuestras asociaciones incluyen acceso a pasant\u00edas, cursos de nivel universitario, talleres especializados, recursos comunitarios y m\u00e1s.<\/p>\n\t<ul>\n\t\t<li>\t\t\n\t\t\t\t<img decoding=\"async\" src=\"https:\/\/realitychangers.org\/wp-content\/uploads\/2022\/06\/program-2-3.png\" alt=\"program-2-3\" title=\"programa-2-3\" itemprop=\"image\"\/>\n\t\t<h3>TUTOR\u00cdA Y MENTOR\u00cdA 1 A 1<\/h3><\/li><li>\t\t\n\t\t\t\t<img decoding=\"async\" src=\"https:\/\/realitychangers.org\/wp-content\/uploads\/2022\/07\/collegue-workshop.svg\" alt=\"collegue-workshop\" title=\"colega-taller\" itemprop=\"image\"\/>\n\t\t<h3>TALLERES UNIVERSITARIOS Y TOURS<\/h3><\/li><li>\t\t\n\t\t\t\t<img decoding=\"async\" src=\"https:\/\/realitychangers.org\/wp-content\/uploads\/2022\/06\/hand-svgrepo-com.svg\" alt=\"hand-svgrepo-com\" title=\"mano-svgrepo-com\" itemprop=\"image\"\/>\n\t\t<h3>ACTIVIDADES DE SERVICIO COMUNITARIO<\/h3><\/li><li>\t\t\n\t\t\t\t<img decoding=\"async\" src=\"https:\/\/realitychangers.org\/wp-content\/uploads\/2022\/06\/program-2-5.png\" alt=\"program-2-5\" title=\"programa-2-5\" itemprop=\"image\"\/>\n\t\t<h3>EXPERIENCIAS DE CARRERA<\/h3><\/li><li>\t\t\n\t\t\t\t<img decoding=\"async\" src=\"https:\/\/realitychangers.org\/wp-content\/uploads\/2022\/06\/public-speaking.svg\" alt=\"public-speaking\" title=\"hablar en p\u00fablico\" itemprop=\"image\"\/>\n\t\t<h3>PR\u00c1CTICA DE HABLAR EN P\u00daBLICO<\/h3><\/li><li>\t\t\n\t\t\t\t<img decoding=\"async\" src=\"https:\/\/realitychangers.org\/wp-content\/uploads\/2024\/07\/Untitled-design.svg\" alt=\"Untitled design\" title=\"Dise\u00f1o sin t\u00edtulo\" itemprop=\"image\"\/>\n\t\t<h3>PROGRAMAS PARA PADRES Y FAMILIAS<\/h3><\/li>\t<\/ul>\n<h3>\n\t\tFORMAS DE PARTICIPAR\n\t<\/h3>\n\t\t\t\t<img decoding=\"async\" src=\"https:\/\/realitychangers.org\/wp-content\/uploads\/2022\/06\/high-school-student-smiling-with-ocean-in-background-scaled-1-1024x768.jpg\" alt=\"OLYMPUS DIGITAL CAMERA\" title=\"C\u00c1MARA DIGITAL OLYMPUS\" itemprop=\"image\"\/>\n\t\t<h3>\u00daNETE A LA CIUDAD UNIVERSITARIA<\/h3>\t\t\t\n\t\t\t\t<p>\u00a1Estudiantes de secundaria, pueden postularse para Reality Changers! El programa incluye tutor\u00eda gratuita, preparaci\u00f3n para la universidad, excursiones y m\u00e1s.<\/p>\n\t\t\t<a href=\"https:\/\/realitychangers.org\/es\/apply\/\" title=\"Haga clic aqu\u00ed\" target=\"_blank\" rel=\"noopener\"  role=\"button\" aria-label=\"Aplicar\">\n\t\t\t\t\t\t\tAplicar\n\t\t<\/a>\n\t\t\t\t<img decoding=\"async\" src=\"https:\/\/realitychangers.org\/wp-content\/uploads\/2022\/06\/future-first-gen-graduates-holding-a-sign-scaled-1-1024x768.jpg\" alt=\"future-first-gen-graduates-holding-a-sign-scaled\" title=\"futuros-primera-gen-graduados-sosteniendo-un-cartel-escalado\" itemprop=\"image\"\/>\n\t\t<h3>DONAR<\/h3>\t\t\t\n\t\t\t\t<p>Su donaci\u00f3n brinda tutor\u00eda, apoyo acad\u00e9mico y programas de preparaci\u00f3n para la universidad a los estudiantes de College Town.<\/p>\n\t\t\t<a href=\"https:\/\/give.realitychangers.org\/give\/294052\/#!\/donation\/checkout?c_src=web\" title=\"Haga clic aqu\u00ed\" target=\"_blank\" rel=\"noopener\"  role=\"button\" aria-label=\"Dar ahora\">\n\t\t\t\t\t\t\tDar ahora\n\t\t<\/a>\n\t\t\t\t<img decoding=\"async\" src=\"https:\/\/realitychangers.org\/wp-content\/uploads\/2022\/06\/volunteer-mentor-and-student-scaled-1-1024x683.jpg\" alt=\"volunteer-mentor-and-student-scaled\" title=\"voluntario-mentor-y-estudiante-escala\" itemprop=\"image\"\/>\n\t\t<h3>Voluntario<\/h3>\t\t\t\n\t\t\t\t<p>Sea un hacedor de la diferencia. Nuestros voluntarios son mentores de estudiantes de secundaria para el \u00e9xito universitario.<\/p>\n\t\t\t<a href=\"https:\/\/realitychangers.org\/es\/volunteer\/\" title=\"Haga clic aqu\u00ed\" target=\"_blank\" rel=\"noopener\"  role=\"button\" aria-label=\"Aprende m\u00e1s\">\n\t\t\t\t\t\t\tAprende m\u00e1s\n\t\t<\/a>\n\t\t\t\t<img decoding=\"async\" src=\"https:\/\/realitychangers.org\/wp-content\/uploads\/2022\/06\/high-school-student-doing-homework-scaled-1-1024x683.jpg\" alt=\"high-school-student-doing-homework-scaled\" title=\"estudiante-de-secundaria-haciendo-la-tarea-a-escala\" itemprop=\"image\"\/>\n\t\t<h3>SUSCR\u00cdBETE A NUESTRO BOLET\u00cdN<\/h3>\t\t\t\n\t\t\t\t<p>Mant\u00e9ngase actualizado sobre programas de preparaci\u00f3n universitaria, historias de estudiantes, eventos y m\u00e1s.<\/p>\n\t\t\t<a href=\"#subscribe\" title=\"Haga clic aqu\u00ed\" target=\"_blank\" rel=\"noopener\"  role=\"button\" aria-label=\"Inscribirse\">\n\t\t\t\t\t\t\tInscribirse\n\t\t<\/a>\n<h2>\n\t\tPOR LOS N\u00daMEROS\n\t<\/h2>\n<h3>\n\t\tA\u00f1o escolar 2023-2024\n\t<\/h3>\n\t\t\t<h5>175<\/h5><h3>Estudiantes<\/h3>\t\t\t\n\t\t\t\t<p>Los j\u00f3venes participaron en la programaci\u00f3n en Reality Changers y en Logan Memorial Educational Campus.<\/p>\n\t\t\t<h5>3+<\/h5><h3>HORAS POR SEMANA<\/h3>\t\t\t\n\t\t\t\t<p>Los estudiantes asisten a programas semanales, con oportunidades de unirse a excursiones, talleres, salidas de servicio comunitario y m\u00e1s.<\/p>\n\t\t\t<h5>70<\/h5><h3>Familias atendidas<\/h3>\t\t\t\n\t\t\t\t<p>Los padres y cuidadores participaron en reuniones mensuales, cursos universitarios gratuitos, oportunidades de voluntariado y m\u00e1s.<\/p>\n\t\t\t<h5>$0<\/h5><h3>Costo para las familias<\/h3>\t\t\t\n\t\t\t\t<p>College Town siempre es gratis para estudiantes y familias.<\/p>\n\t\t\t<a href=\"https:\/\/realitychangers.org\/wp-content\/uploads\/2023\/02\/FY22-Annual-Report.pdf\" target=\"_blank\" rel=\"noopener\">\n\t\t\t\t\t\t\tLEE NUESTRO INFORME ANUAL 2022-2023\n\t\t\t\t\t<\/a>\n<h2>\n\t\tPreguntas frecuentes sobre la ciudad universitaria\n\t<\/h2>\n\t\t\t\t\t\t<h5>\u00bfA qui\u00e9n sirve College Town?<\/h5>\n\t\t\t<p>College Town atiende a estudiantes de 8.\u00ba a 11.\u00ba grado que son futuros graduados universitarios de primera generaci\u00f3n. Esto significa que nuestros estudiantes ser\u00e1n los primeros en sus familias en graduarse de la universidad. \u00a1La preparaci\u00f3n universitaria para los estudiantes de San Diego puede marcar la diferencia!<\/p>\n<p>Nuestros estudiantes provienen de entornos raciales, \u00e9tnicos y socioecon\u00f3micos que generalmente est\u00e1n subrepresentados en los campus universitarios. Antes de venir a Reality Changers, es posible que algunos de nuestros participantes no se hayan considerado &quot;material universitario&quot;.<\/p>\n\t\t\t\t\t\t<h5>\u00bfC\u00f3mo me uno a College Town?<\/h5>\n\t\t\t<p>Nuestra preparaci\u00f3n para la universidad en San Diego est\u00e1 abierta a estudiantes de 8.\u00b0 grado que asisten al campus educativo Logan Memorial o a la escuela secundaria Wilson.\u00a0<a href=\"https:\/\/realitychangers.org\/es\/contact\/\">Cont\u00e1ctenos<\/a>\u00a0para m\u00e1s informaci\u00f3n.<\/p>\n<p>Los estudiantes que ingresan a los grados 9 a 11 pueden completar nuestro\u00a0<a href=\"https:\/\/realitychangers.org\/es\/apply\/\">aplicaciones en linea<\/a>.\u00a0<\/p>\n\t\t\t\t\t\t<h5>\u00bfCu\u00e1les son los requisitos para unirse a College Town?<\/h5>\n\t\t\t<p>Para participar en cualquiera de nuestros programas universitarios en San Diego, los estudiantes deben:<\/p>\n<ul>\n<li>Asistir a la escuela en el condado de San Diego\u00a0<\/li>\n<li>Estar ingresando a los grados 9 a 11<\/li>\n<li>Ser de primera generaci\u00f3n<\/li>\n<li>Ser elegible para un programa de Almuerzo Gratis\/Reducido y\/o ser considerado de bajos ingresos<\/li>\n<li>Completar nuestro proceso de solicitud y ser seleccionado para unirse<\/li>\n<li>Ser capaz de asegurar el transporte hacia y desde cada sesi\u00f3n.<\/li>\n<\/ul>\n<p>Reality Changers recomienda que tengas un cierto nivel de GPA. Sin embargo, si su GPA cae por debajo de este nivel, a\u00fan puede presentar una solicitud para el programa.<\/p>\n<ul>\n<li>Ingresando a 9no grado \u2013 2.0+<\/li>\n<li>Ingresando a 10\u00b0 grado \u2013 2.5+<\/li>\n<li>Entrando al 11\u00b0 grado \u2013 3.0+<\/li>\n<\/ul>\n\t\t\t\t\t\t<h5>\u00bfC\u00f3mo es Ciudad Universitaria?<\/h5>\n\t\t\t<p>College Town es una preparaci\u00f3n universitaria para estudiantes de secundaria dise\u00f1ada para ser divertida, solidaria y \u00fatil. Todas las noches, pasamos tiempo aprendiendo, socializando, cenando y trabajando en la tarea. Los entrenadores ayudan a los estudiantes a establecer metas personales y controlar el progreso, mientras que los tutores ayudan con preguntas espec\u00edficas sobre la tarea y la preparaci\u00f3n para los ex\u00e1menes.<\/p>\n<p>Los temas de aprendizaje incluyen: conocimiento universitario, desarrollo de habilidades acad\u00e9micas\/profesionales, estrategias para la salud mental y m\u00e1s.<\/p>\n\t\t\t\t\t\t<h5>\u00bfQu\u00e9 oportunidades adicionales est\u00e1n disponibles para los estudiantes de College Town?<\/h5>\n\t\t\t<p>College Town es como una llave que abre muchas puertas. Los participantes tienen la opci\u00f3n de unirse a los siguientes tipos de actividades:<\/p>\n<ul>\n<li>Campamento residencial de 3 semanas en UCSD<\/li>\n<li>Campamento de codificaci\u00f3n<\/li>\n<li>Clases de preparaci\u00f3n para ACT y SAT<\/li>\n<li>Excursiones de la Semana de Exploraci\u00f3n de Carreras a lugares de trabajo locales<\/li>\n<li>Excursiones al aire libre: caminatas, kayak, remo y m\u00e1s.<\/li>\n<li>Pasant\u00edas<\/li>\n<li>recorridos universitarios<\/li>\n<li>Formaci\u00f3n profesional<\/li>\n<li>Trabajar como voluntario<\/li>\n<li>juegos de padres<\/li>\n<li>Y m\u00e1s<\/li>\n<\/ul>\n\t\t\t\t\t\t<h5>\u00bfQu\u00e9 recursos adicionales est\u00e1n disponibles para los estudiantes de College Town?<\/h5>\n\t\t\t<p>En Reality Changers, sabemos que los estudiantes solo pueden tener \u00e9xito en la escuela cuando se satisfacen todas sus otras necesidades. Nuestra preparaci\u00f3n universitaria para estudiantes de San Diego a menudo incluye:<\/p>\n<ul>\n<li>Consejer\u00eda y apoyo de salud mental<\/li>\n<li>\u00datiles escolares (incluidas computadoras port\u00e1tiles y enrutadores inal\u00e1mbricos)<\/li>\n<li>Vestuario profesional y trajes de fiesta<\/li>\n<li>Referencias para alimentos, vivienda y apoyo m\u00e9dico.<\/li>\n<li>Referencias para ayuda legal<\/li>\n<li>Apoyo en crisis<\/li>\n<li>Y m\u00e1s<\/li>\n<\/ul>\n\t\t\t\t\t\t<h5>\u00bfCu\u00e1les son los beneficios de College Town?<\/h5>\n\t\t\t<p>La preparaci\u00f3n para la universidad en San Diego se ve muy diferente cuando te preparas con College Town. El programa proporciona a los estudiantes todo el apoyo y los recursos necesarios para el \u00e9xito. Esto incluye talleres sobre solicitudes universitarias, pruebas estandarizadas, ayuda financiera, as\u00ed como el apoyo de mentores y tutores. Tambi\u00e9n se alienta a los estudiantes a involucrarse en la comunidad local y desarrollar habilidades de liderazgo a trav\u00e9s de programas de servicio y trabajo voluntario. Esto ayuda a fomentar un fuerte sentido de responsabilidad social y prop\u00f3sito.<\/p>\n<p>El programa College Town se enfoca en ayudar a los estudiantes no solo a ingresar a la universidad, sino a tener \u00e9xito una vez que est\u00e9n all\u00ed. El programa brinda apoyo y recursos continuos para ayudar a los estudiantes a superar los desaf\u00edos de la vida universitaria y mantenerse encaminados hacia la graduaci\u00f3n. El programa conecta a los estudiantes con ex alumnos y otros profesionales en su campo de inter\u00e9s, brindando valiosas oportunidades de establecer contactos que pueden ayudar a los estudiantes a establecer conexiones y encontrar pasant\u00edas u oportunidades laborales.<\/p>","protected":false},"excerpt":{"rendered":"<p>COLLEGE TOWN COLLEGE PREPARATION FOR HIGH SCHOOL STUDENTS College Town is a cost-free afterschool and summer program for 8th-11th graders. The curriculum focuses on building a strong foundation of academic, personal, and community-building skills. Students receive tutoring, join field trips, participate in community service outings, and more. APPLY NOW CORE SERVICES WORKING TOGETHER TO ACHIEVE [&hellip;]<\/p>\n","protected":false},"author":1,"featured_media":0,"parent":0,"menu_order":15,"comment_status":"closed","ping_status":"closed","template":"","meta":{"_acf_changed":false,"site-sidebar-layout":"default","site-content-layout":"","ast-site-content-layout":"default","site-content-style":"default","site-sidebar-style":"default","ast-global-header-display":"","ast-banner-title-visibility":"","ast-main-header-display":"","ast-hfb-above-header-display":"","ast-hfb-below-header-display":"","ast-hfb-mobile-header-display":"","site-post-title":"","ast-breadcrumbs-content":"","ast-featured-img":"","footer-sml-layout":"","ast-disable-related-posts":"","theme-transparent-header-meta":"","adv-header-id-meta":"","stick-header-meta":"","header-above-stick-meta":"","header-main-stick-meta":"","header-below-stick-meta":"","astra-migrate-meta-layouts":"set","ast-page-background-enabled":"default","ast-page-background-meta":{"desktop":{"background-color":"var(--ast-global-color-4)","background-image":"","background-repeat":"repeat","background-position":"center center","background-size":"auto","background-attachment":"scroll","background-type":"","background-media":"","overlay-type":"","overlay-color":"","overlay-opacity":"","overlay-gradient":""},"tablet":{"background-color":"","background-image":"","background-repeat":"repeat","background-position":"center center","background-size":"auto","background-attachment":"scroll","background-type":"","background-media":"","overlay-type":"","overlay-color":"","overlay-opacity":"","overlay-gradient":""},"mobile":{"background-color":"","background-image":"","background-repeat":"repeat","background-position":"center center","background-size":"auto","background-attachment":"scroll","background-type":"","background-media":"","overlay-type":"","overlay-color":"","overlay-opacity":"","overlay-gradient":""}},"ast-content-background-meta":{"desktop":{"background-color":"var(--ast-global-color-5)","background-image":"","background-repeat":"repeat","background-position":"center center","background-size":"auto","background-attachment":"scroll","background-type":"","background-media":"","overlay-type":"","overlay-color":"","overlay-opacity":"","overlay-gradient":""},"tablet":{"background-color":"var(--ast-global-color-5)","background-image":"","background-repeat":"repeat","background-position":"center center","background-size":"auto","background-attachment":"scroll","background-type":"","background-media":"","overlay-type":"","overlay-color":"","overlay-opacity":"","overlay-gradient":""},"mobile":{"background-color":"var(--ast-global-color-5)","background-image":"","background-repeat":"repeat","background-position":"center center","background-size":"auto","background-attachment":"scroll","background-type":"","background-media":"","overlay-type":"","overlay-color":"","overlay-opacity":"","overlay-gradient":""}},"footnotes":""},"class_list":["post-56","page","type-page","status-publish","hentry"],"acf":[],"yoast_head":"<!-- This site is optimized with the Yoast SEO plugin v27.3 - https:\/\/yoast.com\/product\/yoast-seo-wordpress\/ -->\n<title>College Town - Reality Changers<\/title>\n<meta name=\"description\" content=\"College Town is Reality Changers&#039; free after-school and summer program for 8th through 11th graders focused on college readiness, academic support, and more.\" \/>\n<meta name=\"robots\" content=\"index, follow, max-snippet:-1, max-image-preview:large, max-video-preview:-1\" \/>\n<link rel=\"canonical\" href=\"https:\/\/realitychangers.org\/es\/collegetown\/\" \/>\n<meta property=\"og:locale\" content=\"es_MX\" \/>\n<meta property=\"og:type\" content=\"article\" \/>\n<meta property=\"og:title\" content=\"College Town - Reality Changers\" \/>\n<meta property=\"og:description\" content=\"College Town is Reality Changers&#039; free after-school and summer program for 8th through 11th graders focused on college readiness, academic support, and more.\" \/>\n<meta property=\"og:url\" content=\"https:\/\/realitychangers.org\/es\/collegetown\/\" \/>\n<meta property=\"og:site_name\" content=\"Reality Changers\" \/>\n<meta property=\"article:publisher\" content=\"https:\/\/www.facebook.com\/RealityChangers\" \/>\n<meta property=\"article:modified_time\" content=\"2025-04-22T20:53:21+00:00\" \/>\n<meta property=\"og:image\" content=\"https:\/\/realitychangers.org\/wp-content\/uploads\/2022\/07\/confidence.svg\" \/>\n<meta name=\"twitter:card\" content=\"summary_large_image\" \/>\n<meta name=\"twitter:site\" content=\"@RealityChangers\" \/>\n<meta name=\"twitter:label1\" content=\"Tiempo de lectura\" \/>\n\t<meta name=\"twitter:data1\" content=\"7 minutos\" \/>\n<script type=\"application\/ld+json\" class=\"yoast-schema-graph\">{\"@context\":\"https:\\\/\\\/schema.org\",\"@graph\":[{\"@type\":\"WebPage\",\"@id\":\"https:\\\/\\\/realitychangers.org\\\/collegetown\\\/\",\"url\":\"https:\\\/\\\/realitychangers.org\\\/collegetown\\\/\",\"name\":\"College Town - Reality Changers\",\"isPartOf\":{\"@id\":\"https:\\\/\\\/realitychangers.org\\\/#website\"},\"primaryImageOfPage\":{\"@id\":\"https:\\\/\\\/realitychangers.org\\\/collegetown\\\/#primaryimage\"},\"image\":{\"@id\":\"https:\\\/\\\/realitychangers.org\\\/collegetown\\\/#primaryimage\"},\"thumbnailUrl\":\"https:\\\/\\\/realitychangers.org\\\/wp-content\\\/uploads\\\/2022\\\/07\\\/confidence.svg\",\"datePublished\":\"2022-06-08T16:36:25+00:00\",\"dateModified\":\"2025-04-22T20:53:21+00:00\",\"description\":\"College Town is Reality Changers' free after-school and summer program for 8th through 11th graders focused on college readiness, academic support, and more.\",\"breadcrumb\":{\"@id\":\"https:\\\/\\\/realitychangers.org\\\/collegetown\\\/#breadcrumb\"},\"inLanguage\":\"es\",\"potentialAction\":[{\"@type\":\"ReadAction\",\"target\":[\"https:\\\/\\\/realitychangers.org\\\/collegetown\\\/\"]}]},{\"@type\":\"ImageObject\",\"inLanguage\":\"es\",\"@id\":\"https:\\\/\\\/realitychangers.org\\\/collegetown\\\/#primaryimage\",\"url\":\"https:\\\/\\\/realitychangers.org\\\/wp-content\\\/uploads\\\/2022\\\/07\\\/confidence.svg\",\"contentUrl\":\"https:\\\/\\\/realitychangers.org\\\/wp-content\\\/uploads\\\/2022\\\/07\\\/confidence.svg\"},{\"@type\":\"BreadcrumbList\",\"@id\":\"https:\\\/\\\/realitychangers.org\\\/collegetown\\\/#breadcrumb\",\"itemListElement\":[{\"@type\":\"ListItem\",\"position\":1,\"name\":\"Home\",\"item\":\"https:\\\/\\\/realitychangers.org\\\/\"},{\"@type\":\"ListItem\",\"position\":2,\"name\":\"College Town\"}]},{\"@type\":\"WebSite\",\"@id\":\"https:\\\/\\\/realitychangers.org\\\/#website\",\"url\":\"https:\\\/\\\/realitychangers.org\\\/\",\"name\":\"Reality Changers\",\"description\":\"\",\"publisher\":{\"@id\":\"https:\\\/\\\/realitychangers.org\\\/#organization\"},\"potentialAction\":[{\"@type\":\"SearchAction\",\"target\":{\"@type\":\"EntryPoint\",\"urlTemplate\":\"https:\\\/\\\/realitychangers.org\\\/?s={search_term_string}\"},\"query-input\":{\"@type\":\"PropertyValueSpecification\",\"valueRequired\":true,\"valueName\":\"search_term_string\"}}],\"inLanguage\":\"es\"},{\"@type\":\"Organization\",\"@id\":\"https:\\\/\\\/realitychangers.org\\\/#organization\",\"name\":\"Reality Changers\",\"url\":\"https:\\\/\\\/realitychangers.org\\\/\",\"logo\":{\"@type\":\"ImageObject\",\"inLanguage\":\"es\",\"@id\":\"https:\\\/\\\/realitychangers.org\\\/#\\\/schema\\\/logo\\\/image\\\/\",\"url\":\"https:\\\/\\\/realitychangers.org\\\/wp-content\\\/uploads\\\/2020\\\/06\\\/RC-Logo.png\",\"contentUrl\":\"https:\\\/\\\/realitychangers.org\\\/wp-content\\\/uploads\\\/2020\\\/06\\\/RC-Logo.png\",\"width\":1445,\"height\":1445,\"caption\":\"Reality Changers\"},\"image\":{\"@id\":\"https:\\\/\\\/realitychangers.org\\\/#\\\/schema\\\/logo\\\/image\\\/\"},\"sameAs\":[\"https:\\\/\\\/www.facebook.com\\\/RealityChangers\",\"https:\\\/\\\/x.com\\\/RealityChangers\",\"https:\\\/\\\/www.instagram.com\\\/realitychangersorg\\\/\",\"https:\\\/\\\/www.linkedin.com\\\/company\\\/2531366\",\"https:\\\/\\\/www.youtube.com\\\/channel\\\/UCvhBURbHKKtqDKt91KwoJCg\"]}]}<\/script>\n<!-- \/ Yoast SEO plugin. -->","yoast_head_json":{"title":"College Town - Reality Changers","description":"College Town es el programa gratuito de verano y despu\u00e9s de la escuela de Reality Changers para estudiantes de 8.\u00ba a 11.\u00ba grado centrado en la preparaci\u00f3n para la universidad, el apoyo acad\u00e9mico y m\u00e1s.","robots":{"index":"index","follow":"follow","max-snippet":"max-snippet:-1","max-image-preview":"max-image-preview:large","max-video-preview":"max-video-preview:-1"},"canonical":"https:\/\/realitychangers.org\/es\/collegetown\/","og_locale":"es_MX","og_type":"article","og_title":"College Town - Reality Changers","og_description":"College Town is Reality Changers' free after-school and summer program for 8th through 11th graders focused on college readiness, academic support, and more.","og_url":"https:\/\/realitychangers.org\/es\/collegetown\/","og_site_name":"Reality Changers","article_publisher":"https:\/\/www.facebook.com\/RealityChangers","article_modified_time":"2025-04-22T20:53:21+00:00","og_image":[{"url":"https:\/\/realitychangers.org\/wp-content\/uploads\/2022\/07\/confidence.svg","type":"","width":"","height":""}],"twitter_card":"summary_large_image","twitter_site":"@RealityChangers","twitter_misc":{"Tiempo de lectura":"7 minutos"},"schema":{"@context":"https:\/\/schema.org","@graph":[{"@type":"WebPage","@id":"https:\/\/realitychangers.org\/collegetown\/","url":"https:\/\/realitychangers.org\/collegetown\/","name":"College Town - Reality Changers","isPartOf":{"@id":"https:\/\/realitychangers.org\/#website"},"primaryImageOfPage":{"@id":"https:\/\/realitychangers.org\/collegetown\/#primaryimage"},"image":{"@id":"https:\/\/realitychangers.org\/collegetown\/#primaryimage"},"thumbnailUrl":"https:\/\/realitychangers.org\/wp-content\/uploads\/2022\/07\/confidence.svg","datePublished":"2022-06-08T16:36:25+00:00","dateModified":"2025-04-22T20:53:21+00:00","description":"College Town es el programa gratuito de verano y despu\u00e9s de la escuela de Reality Changers para estudiantes de 8.\u00ba a 11.\u00ba grado centrado en la preparaci\u00f3n para la universidad, el apoyo acad\u00e9mico y m\u00e1s.","breadcrumb":{"@id":"https:\/\/realitychangers.org\/collegetown\/#breadcrumb"},"inLanguage":"es","potentialAction":[{"@type":"ReadAction","target":["https:\/\/realitychangers.org\/collegetown\/"]}]},{"@type":"ImageObject","inLanguage":"es","@id":"https:\/\/realitychangers.org\/collegetown\/#primaryimage","url":"https:\/\/realitychangers.org\/wp-content\/uploads\/2022\/07\/confidence.svg","contentUrl":"https:\/\/realitychangers.org\/wp-content\/uploads\/2022\/07\/confidence.svg"},{"@type":"BreadcrumbList","@id":"https:\/\/realitychangers.org\/collegetown\/#breadcrumb","itemListElement":[{"@type":"ListItem","position":1,"name":"Home","item":"https:\/\/realitychangers.org\/"},{"@type":"ListItem","position":2,"name":"College Town"}]},{"@type":"WebSite","@id":"https:\/\/realitychangers.org\/#website","url":"https:\/\/realitychangers.org\/","name":"Cambiadores de realidad","description":"","publisher":{"@id":"https:\/\/realitychangers.org\/#organization"},"potentialAction":[{"@type":"SearchAction","target":{"@type":"EntryPoint","urlTemplate":"https:\/\/realitychangers.org\/?s={search_term_string}"},"query-input":{"@type":"PropertyValueSpecification","valueRequired":true,"valueName":"search_term_string"}}],"inLanguage":"es"},{"@type":"Organization","@id":"https:\/\/realitychangers.org\/#organization","name":"Cambiadores de realidad","url":"https:\/\/realitychangers.org\/","logo":{"@type":"ImageObject","inLanguage":"es","@id":"https:\/\/realitychangers.org\/#\/schema\/logo\/image\/","url":"https:\/\/realitychangers.org\/wp-content\/uploads\/2020\/06\/RC-Logo.png","contentUrl":"https:\/\/realitychangers.org\/wp-content\/uploads\/2020\/06\/RC-Logo.png","width":1445,"height":1445,"caption":"Reality Changers"},"image":{"@id":"https:\/\/realitychangers.org\/#\/schema\/logo\/image\/"},"sameAs":["https:\/\/www.facebook.com\/RealityChangers","https:\/\/x.com\/RealityChangers","https:\/\/www.instagram.com\/realitychangersorg\/","https:\/\/www.linkedin.com\/company\/2531366","https:\/\/www.youtube.com\/channel\/UCvhBURbHKKtqDKt91KwoJCg"]}]}},"_links":{"self":[{"href":"https:\/\/realitychangers.org\/es\/wp-json\/wp\/v2\/pages\/56","targetHints":{"allow":["GET"]}}],"collection":[{"href":"https:\/\/realitychangers.org\/es\/wp-json\/wp\/v2\/pages"}],"about":[{"href":"https:\/\/realitychangers.org\/es\/wp-json\/wp\/v2\/types\/page"}],"author":[{"embeddable":true,"href":"https:\/\/realitychangers.org\/es\/wp-json\/wp\/v2\/users\/1"}],"replies":[{"embeddable":true,"href":"https:\/\/realitychangers.org\/es\/wp-json\/wp\/v2\/comments?post=56"}],"version-history":[{"count":0,"href":"https:\/\/realitychangers.org\/es\/wp-json\/wp\/v2\/pages\/56\/revisions"}],"wp:attachment":[{"href":"https:\/\/realitychangers.org\/es\/wp-json\/wp\/v2\/media?parent=56"}],"curies":[{"name":"gracias","href":"https:\/\/api.w.org\/{rel}","templated":true}]}}