{"id":417,"date":"2022-06-13T11:21:28","date_gmt":"2022-06-13T18:21:28","guid":{"rendered":"http:\/\/localhost:10272\/?page_id=417"},"modified":"2025-06-25T13:13:22","modified_gmt":"2025-06-25T20:13:22","slug":"college-apps-academy","status":"publish","type":"page","link":"https:\/\/realitychangers.org\/es\/college-apps-academy\/","title":{"rendered":"Academia de aplicaciones universitarias"},"content":{"rendered":"<h1>\n\t\tAplicar, pagar y prepararse para la universidad\n\t\t\t\t<\/h1>\t\n\t<p>College Apps Academy brinda apoyo gratuito para estudiantes de \u00faltimo a\u00f1o de secundaria durante todo el proceso de solicitud de ingreso a la universidad. Ayudamos a los estudiantes a ingresar a las instituciones de 2 y 4 a\u00f1os que mejor se adapten a ellos, con \u00e9nfasis en maximizar las opciones de ayuda financiera y prepararse para la vida universitaria.<\/p>\n\t\t\t<a href=\"https:\/\/realitychangers.org\/es\/apply\/application-instructions\/\" target=\"_blank\" rel=\"noopener\">\n\t\t\t\t\t\t\tSOLICITE AHORA\n\t\t\t\t\t<\/a>\n<h3>\n\t\t\tAsistencia gratuita para la admisi\u00f3n a la universidad\t<\/h3>\n\t\t\t\t<img decoding=\"async\" src=\"https:\/\/realitychangers.org\/wp-content\/uploads\/2022\/06\/We_Provide.svg\" alt=\"We_Provide\" title=\"Proporcionamos\" itemprop=\"image\"\/>\n\t\t<h3>conocimiento universitario<\/h3>\t\t\t\n\t\t\t\t<p>Las sesiones de aprendizaje de College Apps Academy incluyen consejos para investigar y elegir escuelas, completar solicitudes, escribir ensayos, pagar la universidad, aprovechar los recursos del campus y m\u00e1s.<\/p>\n\t\t\t\t<img decoding=\"async\" src=\"https:\/\/realitychangers.org\/wp-content\/uploads\/2022\/06\/We_Respond.svg\" alt=\"We_Respond\" title=\"Nosotros respondemos\" itemprop=\"image\"\/>\n\t\t<h3>Orientaci\u00f3n Individualizada<\/h3>\t\t\t\n\t\t\t\t<p>Los entrenadores brindan ayuda personalizada para la admisi\u00f3n a la universidad a los estudiantes. Revisan los formularios de solicitud, brindan comentarios sobre los ensayos, identifican oportunidades de becas y hablan sobre las decisiones de compromiso.<\/p>\n\t\t\t\t<img decoding=\"async\" src=\"https:\/\/realitychangers.org\/wp-content\/uploads\/2022\/06\/We_Promote.svg\" alt=\"We_Promote\" title=\"Nosotros_Promovemos\" itemprop=\"image\"\/>\n\t\t<h3>Sistema de apoyo<\/h3>\t\t\t\n\t\t\t\t<p>Damos prioridad a la salud mental de los estudiantes durante todo el proceso de solicitud de ingreso a la universidad. College Apps Academy es un ambiente positivo donde los compa\u00f1eros se apoyan mutuamente y todos celebramos los \u00e9xitos de los dem\u00e1s.<\/p>\n\t<ul>\n\t\t<li>\t\t\n\t\t\t\t<img decoding=\"async\" src=\"https:\/\/realitychangers.org\/wp-content\/uploads\/2022\/07\/school-research.svg\" alt=\"school-research\" title=\"investigaci\u00f3n escolar\" itemprop=\"image\"\/>\n\t\t<h3>Investigaci\u00f3n y selecci\u00f3n de escuelas<\/h3><\/li><li>\t\t\n\t\t\t\t<img decoding=\"async\" src=\"https:\/\/realitychangers.org\/wp-content\/uploads\/2022\/07\/application-assistance.svg\" alt=\"application-assistance\" title=\"asistencia para aplicaciones\" itemprop=\"image\"\/>\n\t\t<h3>Asistencia de solicitud<\/h3><\/li><li>\t\t\n\t\t\t\t<img decoding=\"async\" src=\"https:\/\/realitychangers.org\/wp-content\/uploads\/2022\/07\/writing-support.svg\" alt=\"writing-support\" title=\"soporte de escritura\" itemprop=\"image\"\/>\n\t\t<h3>Apoyo para escribir ensayos<\/h3><\/li><li>\t\t\n\t\t\t\t<img decoding=\"async\" src=\"https:\/\/realitychangers.org\/wp-content\/uploads\/2022\/07\/financial-aid.svg\" alt=\"financial-aid\" title=\"ayuda financiera\" itemprop=\"image\"\/>\n\t\t<h3>Ayuda con la solicitud de ayuda financiera y becas<\/h3><\/li><li>\t\t\t\t\n\t\t<h3>Educaci\u00f3n financiera<\/h3><\/li><li>\t\t\n\t\t\t\t<img decoding=\"async\" src=\"https:\/\/realitychangers.org\/wp-content\/uploads\/2022\/07\/college-readiness.svg\" alt=\"college-readiness\" title=\"preparaci\u00f3n para la universidad\" itemprop=\"image\"\/>\n\t\t<h3>Preparaci\u00f3n para la vida universitaria<\/h3><\/li>\t<\/ul>\n<h3>\n\t\t\tINVOLUCRARSE\t<\/h3>\n\t\t\t\t<img decoding=\"async\" src=\"https:\/\/realitychangers.org\/wp-content\/uploads\/2022\/06\/Smiling-high-school-student-540x375.jpg\" alt=\"Smiling high school student\" title=\"Sonriente-estudiante de secundaria\" itemprop=\"image\"\/>\n\t\t<h3>\u00danase a la Academia de aplicaciones universitarias<\/h3>\t\t\t\n\t\t\t\t<p>\u00a1Los j\u00f3venes pueden unirse a Reality Changers para recibir ayuda gratuita para la solicitud de ingreso a la universidad, orientaci\u00f3n sobre ayuda financiera y m\u00e1s!<\/p>\n\t\t\t<a href=\"https:\/\/realitychangers.org\/es\/apply\/\" title=\"Haga clic aqu\u00ed\" target=\"_blank\" rel=\"noopener\"  role=\"button\" aria-label=\"Aplicar\">\n\t\t\t\t\t\t\tAplicar\n\t\t<\/a>\n\t\t\t\t<img decoding=\"async\" src=\"https:\/\/realitychangers.org\/wp-content\/uploads\/2022\/06\/First-generation-student-in-UCSD-Sweatshirt-scaled.jpg\" alt=\"First-gen UCSD student in a crowd\" title=\"Estudiante de primera generaci\u00f3n en UCSD-Sudadera\" itemprop=\"image\"\/>\n\t\t<h3>DONAR<\/h3>\t\t\t\n\t\t\t\t<p>Su donaci\u00f3n respalda las lecciones de conocimiento universitario, el entrenamiento 1 a 1 y los sistemas de apoyo saludables para los futuros graduados de primera generaci\u00f3n.<\/p>\n\t\t\t<a href=\"https:\/\/give.realitychangers.org\/give\/294052\/#!\/donation\/checkout?c_src=web\" title=\"Haga clic aqu\u00ed\" target=\"_blank\" rel=\"noopener\"  role=\"button\" aria-label=\"Dar ahora\">\n\t\t\t\t\t\t\tDar ahora\n\t\t<\/a>\n\t\t\t\t<img decoding=\"async\" src=\"https:\/\/realitychangers.org\/wp-content\/uploads\/2022\/06\/high-school-student-and-volunteer-mentor-540x375.jpg\" alt=\"volunteer mentor helps a high school student with college applications\" title=\"estudiante-de-bachillerato-y-mentor-voluntario\" itemprop=\"image\"\/>\n\t\t<h3>Voluntario<\/h3>\t\t\t\n\t\t\t\t<p>\u00a1\u00danase a nuestro equipo de asesores voluntarios de admisiones universitarias y ayude a los j\u00f3venes a ingresar a las universidades de sus sue\u00f1os!<\/p>\n\t\t\t<a href=\"https:\/\/realitychangers.org\/es\/volunteer\/\" title=\"Haga clic aqu\u00ed\" target=\"_blank\" rel=\"noopener\"  role=\"button\" aria-label=\"Aprende m\u00e1s\">\n\t\t\t\t\t\t\tAprende m\u00e1s\n\t\t<\/a>\n\t\t\t\t<img decoding=\"async\" src=\"https:\/\/realitychangers.org\/wp-content\/uploads\/2022\/06\/future-first-generation-graduates-work-on-homework-scaled.jpg\" alt=\"two high school students working on homework\" title=\"futuros-primera-generacion-graduados-trabajo-en-tarea\" itemprop=\"image\"\/>\n\t\t<h3>SUSCR\u00cdBETE A NUESTRO BOLET\u00cdN<\/h3>\t\t\t\n\t\t\t\t<p>Mant\u00e9ngase actualizado sobre los programas de asistencia para la admisi\u00f3n a la universidad, historias de estudiantes, eventos y m\u00e1s.<\/p>\n\t\t\t<a href=\"#subscribe\" title=\"Haga clic aqu\u00ed\" target=\"_blank\" rel=\"noopener\"  role=\"button\" aria-label=\"Inscribirse\">\n\t\t\t\t\t\t\tInscribirse\n\t\t<\/a>\n<h2>\n\t\t\tPOR LOS N\u00daMEROS\t<\/h2>\n<h3>\n\t\t\tA\u00f1o escolar 2023-2024\t<\/h3>\n\t\t\t<h5>187<\/h5><h3>Estudiantes atendidos<\/h3>\t\t\t\n\t\t\t\t<p>Los j\u00f3venes asistieron a los programas semanales de College Apps Academy y recibieron asistencia gratuita para la admisi\u00f3n a la universidad.<\/p>\n\t\t\t<h5>3+<\/h5><h3>HORAS POR SEMANA<\/h3>\t\t\t\n\t\t\t\t<p>Los estudiantes asisten a programas semanales, con oportunidades de unirse a excursiones, talleres, salidas de servicio comunitario y m\u00e1s.<\/p>\n\t\t\t<h5>100%<\/h5><h3>Nivel de aceptaci\u00f3n<\/h3>\t\t\t\n\t\t\t\t<p>Todos los participantes no militares fueron aceptados en una instituci\u00f3n postsecundaria de 2 o 4 a\u00f1os.<\/p>\n\t\t\t<h5>$12.8<\/h5><h3>Mill\u00f3n<\/h3>\t\t\t\n\t\t\t\t<p>La clase de 2024 gan\u00f3 m\u00e1s de $$12,800,000 en becas y subvenciones para 4 a\u00f1os de universidad.<\/p>\n\t\t\t<a href=\"https:\/\/realitychangers.org\/wp-content\/uploads\/2024\/03\/Annual-Report-22-23.pdf\" target=\"_blank\" rel=\"noopener\">\n\t\t\t\t\t\t\tLEE NUESTRO INFORME ANUAL 2022-2023\n\t\t\t\t\t<\/a>\n<h2>\n\t\t\tPreguntas frecuentes sobre la Academia de aplicaciones universitarias\t<\/h2>\n\t\t\t\t\t\t<h5>\u00bfA qui\u00e9n sirve College Apps Academy?<\/h5>\n\t\t\t<p>College Apps Academy atiende a estudiantes de 12.\u00ba grado que son futuros graduados universitarios de primera generaci\u00f3n. Esto significa que nuestros estudiantes ser\u00e1n los primeros en sus familias en graduarse de la universidad.<\/p>\n\t\t\t\t\t\t<h5>\u00bfC\u00f3mo me uno a College Apps Academy?<\/h5>\n\t\t\t<p>Los estudiantes de 12\u00ba grado que ingresan pueden completar nuestro\u00a0<a href=\"https:\/\/realitychangers.org\/es\/apply\/\">aplicaciones en linea<\/a>\u00a0la primavera antes de su \u00faltimo a\u00f1o.<\/p>\n\t\t\t\t\t\t<h5>\u00bfCu\u00e1les son los requisitos para unirse a College Apps Academy?<\/h5>\n\t\t\t<p>Para participar en cualquiera de nuestros programas, los estudiantes deben:<\/p>\n<ul>\n<li>Asistir a la escuela en el condado de San Diego\u00a0<\/li>\n<li>Estar ingresando al grado 12<\/li>\n<li>Ser de primera generaci\u00f3n<\/li>\n<li>Ser elegible para un programa de Almuerzo Gratis\/Reducido y\/o ser considerado de bajos ingresos<\/li>\n<li>Completar nuestro proceso de solicitud y ser seleccionado para unirse<\/li>\n<li>Tener un GPA de 3.0 o superior.<\/li>\n<\/ul>\n\t\t\t\t\t\t<h5>\u00bfEs College Apps Academy solo para estudiantes que asistir\u00e1n a una universidad de 4 a\u00f1os?<\/h5>\n\t\t\t<p>No, los estudiantes de \u00faltimo a\u00f1o de secundaria que ir\u00e1n a una escuela de 2 a\u00f1os son bienvenidos en College Apps Academy. Para los estudiantes que planean asistir a una escuela de 2 a\u00f1os, nuestros programas se enfocan en postularse a la universidad, prepararse para el \u00e9xito en la universidad, planificar una carrera, equilibrar el trabajo y la escuela, \u00a1y m\u00e1s!<\/p>\n\t\t\t\t\t\t<h5>\u00bfC\u00f3mo es College Apps Academy?<\/h5>\n\t\t\t<p>Obtenga mucho m\u00e1s que una mera ayuda para la admisi\u00f3n a la universidad en San Diego. College Apps Academy brinda apoyo integral para preparar a los participantes para la universidad. Cada sesi\u00f3n incluir\u00e1 una lecci\u00f3n sobre un tema relevante y tiempo para trabajar de forma independiente en el papeleo, las solicitudes universitarias y las solicitudes de becas. Los entrenadores est\u00e1n disponibles para responder preguntas y proporcionar comentarios en tiempo real.<\/p>\n\t\t\t\t\t\t<h5>\u00bfCu\u00e1les son los beneficios de College Apps Academy?<\/h5>\n\t\t\t<p>Nuestros asesores de admisiones universitarias en San Diego pueden ayudar a los estudiantes a navegar el proceso de solicitud universitaria. Brindamos a los participantes el apoyo y los recursos necesarios para prepararse para las solicitudes universitarias. Esto incluye talleres sobre ayuda financiera, redacci\u00f3n de ensayos y ex\u00e1menes estandarizados. Los estudiantes reciben apoyo espec\u00edfico de tutores para ayudarlos a identificar sus fortalezas y crear un plan personalizado para el \u00e9xito. Los estudiantes aprenden c\u00f3mo crear una aplicaci\u00f3n s\u00f3lida que muestre sus logros, intereses y cualidades \u00fanicas, lo que aumenta sus posibilidades de ser aceptados en las escuelas de su elecci\u00f3n.<\/p>\n<h3>\n\t\t\tSocios participantes\t<\/h3>","protected":false},"excerpt":{"rendered":"<p>Apply, Afford, and Prepare for College College Apps Academy provides cost-free support for high school seniors through the college application process and beyond. We help students get into the 2 and 4-year institutions that are the best fit for them, with an emphasis on maximizing financial aid options and preparing for college life. APPLY NOW [&hellip;]<\/p>\n","protected":false},"author":1,"featured_media":0,"parent":0,"menu_order":29,"comment_status":"closed","ping_status":"closed","template":"","meta":{"_acf_changed":false,"site-sidebar-layout":"default","site-content-layout":"","ast-site-content-layout":"default","site-content-style":"default","site-sidebar-style":"default","ast-global-header-display":"","ast-banner-title-visibility":"","ast-main-header-display":"","ast-hfb-above-header-display":"","ast-hfb-below-header-display":"","ast-hfb-mobile-header-display":"","site-post-title":"","ast-breadcrumbs-content":"","ast-featured-img":"","footer-sml-layout":"","ast-disable-related-posts":"","theme-transparent-header-meta":"","adv-header-id-meta":"","stick-header-meta":"","header-above-stick-meta":"","header-main-stick-meta":"","header-below-stick-meta":"","astra-migrate-meta-layouts":"set","ast-page-background-enabled":"default","ast-page-background-meta":{"desktop":{"background-color":"var(--ast-global-color-4)","background-image":"","background-repeat":"repeat","background-position":"center center","background-size":"auto","background-attachment":"scroll","background-type":"","background-media":"","overlay-type":"","overlay-color":"","overlay-opacity":"","overlay-gradient":""},"tablet":{"background-color":"","background-image":"","background-repeat":"repeat","background-position":"center center","background-size":"auto","background-attachment":"scroll","background-type":"","background-media":"","overlay-type":"","overlay-color":"","overlay-opacity":"","overlay-gradient":""},"mobile":{"background-color":"","background-image":"","background-repeat":"repeat","background-position":"center center","background-size":"auto","background-attachment":"scroll","background-type":"","background-media":"","overlay-type":"","overlay-color":"","overlay-opacity":"","overlay-gradient":""}},"ast-content-background-meta":{"desktop":{"background-color":"var(--ast-global-color-5)","background-image":"","background-repeat":"repeat","background-position":"center center","background-size":"auto","background-attachment":"scroll","background-type":"","background-media":"","overlay-type":"","overlay-color":"","overlay-opacity":"","overlay-gradient":""},"tablet":{"background-color":"var(--ast-global-color-5)","background-image":"","background-repeat":"repeat","background-position":"center center","background-size":"auto","background-attachment":"scroll","background-type":"","background-media":"","overlay-type":"","overlay-color":"","overlay-opacity":"","overlay-gradient":""},"mobile":{"background-color":"var(--ast-global-color-5)","background-image":"","background-repeat":"repeat","background-position":"center center","background-size":"auto","background-attachment":"scroll","background-type":"","background-media":"","overlay-type":"","overlay-color":"","overlay-opacity":"","overlay-gradient":""}},"footnotes":""},"class_list":["post-417","page","type-page","status-publish","hentry"],"acf":[],"yoast_head":"<!-- This site is optimized with the Yoast SEO plugin v27.5 - https:\/\/yoast.com\/product\/yoast-seo-wordpress\/ -->\n<title>College Apps Academy - Reality Changers<\/title>\n<meta name=\"description\" content=\"Reality Changers College Apps Academy provides an intensive program that helps first-generation students get into the college of their dreams.\" \/>\n<meta name=\"robots\" content=\"index, follow, max-snippet:-1, max-image-preview:large, max-video-preview:-1\" \/>\n<link rel=\"canonical\" href=\"https:\/\/realitychangers.org\/es\/college-apps-academy\/\" \/>\n<meta property=\"og:locale\" content=\"es_MX\" \/>\n<meta property=\"og:type\" content=\"article\" \/>\n<meta property=\"og:title\" content=\"College Apps Academy - Reality Changers\" \/>\n<meta property=\"og:description\" content=\"Reality Changers College Apps Academy provides an intensive program that helps first-generation students get into the college of their dreams.\" \/>\n<meta property=\"og:url\" content=\"https:\/\/realitychangers.org\/es\/college-apps-academy\/\" \/>\n<meta property=\"og:site_name\" content=\"Reality Changers\" \/>\n<meta property=\"article:publisher\" content=\"https:\/\/www.facebook.com\/RealityChangers\" \/>\n<meta property=\"article:modified_time\" content=\"2025-06-25T20:13:22+00:00\" \/>\n<meta property=\"og:image\" content=\"https:\/\/realitychangers.org\/wp-content\/uploads\/2022\/06\/We_Provide.svg\" \/>\n<meta name=\"twitter:card\" content=\"summary_large_image\" \/>\n<meta name=\"twitter:site\" content=\"@RealityChangers\" \/>\n<meta name=\"twitter:label1\" content=\"Tiempo de lectura\" \/>\n\t<meta name=\"twitter:data1\" content=\"6 minutos\" \/>\n<script type=\"application\/ld+json\" class=\"yoast-schema-graph\">{\"@context\":\"https:\\\/\\\/schema.org\",\"@graph\":[{\"@type\":\"WebPage\",\"@id\":\"https:\\\/\\\/realitychangers.org\\\/college-apps-academy\\\/\",\"url\":\"https:\\\/\\\/realitychangers.org\\\/college-apps-academy\\\/\",\"name\":\"College Apps Academy - Reality Changers\",\"isPartOf\":{\"@id\":\"https:\\\/\\\/realitychangers.org\\\/#website\"},\"primaryImageOfPage\":{\"@id\":\"https:\\\/\\\/realitychangers.org\\\/college-apps-academy\\\/#primaryimage\"},\"image\":{\"@id\":\"https:\\\/\\\/realitychangers.org\\\/college-apps-academy\\\/#primaryimage\"},\"thumbnailUrl\":\"https:\\\/\\\/realitychangers.org\\\/wp-content\\\/uploads\\\/2022\\\/06\\\/We_Provide.svg\",\"datePublished\":\"2022-06-13T18:21:28+00:00\",\"dateModified\":\"2025-06-25T20:13:22+00:00\",\"description\":\"Reality Changers College Apps Academy provides an intensive program that helps first-generation students get into the college of their dreams.\",\"breadcrumb\":{\"@id\":\"https:\\\/\\\/realitychangers.org\\\/college-apps-academy\\\/#breadcrumb\"},\"inLanguage\":\"es\",\"potentialAction\":[{\"@type\":\"ReadAction\",\"target\":[\"https:\\\/\\\/realitychangers.org\\\/college-apps-academy\\\/\"]}]},{\"@type\":\"ImageObject\",\"inLanguage\":\"es\",\"@id\":\"https:\\\/\\\/realitychangers.org\\\/college-apps-academy\\\/#primaryimage\",\"url\":\"https:\\\/\\\/realitychangers.org\\\/wp-content\\\/uploads\\\/2022\\\/06\\\/We_Provide.svg\",\"contentUrl\":\"https:\\\/\\\/realitychangers.org\\\/wp-content\\\/uploads\\\/2022\\\/06\\\/We_Provide.svg\"},{\"@type\":\"BreadcrumbList\",\"@id\":\"https:\\\/\\\/realitychangers.org\\\/college-apps-academy\\\/#breadcrumb\",\"itemListElement\":[{\"@type\":\"ListItem\",\"position\":1,\"name\":\"Home\",\"item\":\"https:\\\/\\\/realitychangers.org\\\/\"},{\"@type\":\"ListItem\",\"position\":2,\"name\":\"College Apps Academy\"}]},{\"@type\":\"WebSite\",\"@id\":\"https:\\\/\\\/realitychangers.org\\\/#website\",\"url\":\"https:\\\/\\\/realitychangers.org\\\/\",\"name\":\"Reality Changers\",\"description\":\"\",\"publisher\":{\"@id\":\"https:\\\/\\\/realitychangers.org\\\/#organization\"},\"potentialAction\":[{\"@type\":\"SearchAction\",\"target\":{\"@type\":\"EntryPoint\",\"urlTemplate\":\"https:\\\/\\\/realitychangers.org\\\/?s={search_term_string}\"},\"query-input\":{\"@type\":\"PropertyValueSpecification\",\"valueRequired\":true,\"valueName\":\"search_term_string\"}}],\"inLanguage\":\"es\"},{\"@type\":\"Organization\",\"@id\":\"https:\\\/\\\/realitychangers.org\\\/#organization\",\"name\":\"Reality Changers\",\"url\":\"https:\\\/\\\/realitychangers.org\\\/\",\"logo\":{\"@type\":\"ImageObject\",\"inLanguage\":\"es\",\"@id\":\"https:\\\/\\\/realitychangers.org\\\/#\\\/schema\\\/logo\\\/image\\\/\",\"url\":\"https:\\\/\\\/realitychangers.org\\\/wp-content\\\/uploads\\\/2020\\\/06\\\/RC-Logo.png\",\"contentUrl\":\"https:\\\/\\\/realitychangers.org\\\/wp-content\\\/uploads\\\/2020\\\/06\\\/RC-Logo.png\",\"width\":1445,\"height\":1445,\"caption\":\"Reality Changers\"},\"image\":{\"@id\":\"https:\\\/\\\/realitychangers.org\\\/#\\\/schema\\\/logo\\\/image\\\/\"},\"sameAs\":[\"https:\\\/\\\/www.facebook.com\\\/RealityChangers\",\"https:\\\/\\\/x.com\\\/RealityChangers\",\"https:\\\/\\\/www.instagram.com\\\/realitychangersorg\\\/\",\"https:\\\/\\\/www.linkedin.com\\\/company\\\/2531366\",\"https:\\\/\\\/www.youtube.com\\\/channel\\\/UCvhBURbHKKtqDKt91KwoJCg\"]}]}<\/script>\n<!-- \/ Yoast SEO plugin. -->","yoast_head_json":{"title":"College Apps Academy - Reality Changers","description":"Reality Changers College Apps Academy ofrece un programa intensivo que ayuda a los estudiantes de primera generaci\u00f3n a ingresar a la universidad de sus sue\u00f1os.","robots":{"index":"index","follow":"follow","max-snippet":"max-snippet:-1","max-image-preview":"max-image-preview:large","max-video-preview":"max-video-preview:-1"},"canonical":"https:\/\/realitychangers.org\/es\/college-apps-academy\/","og_locale":"es_MX","og_type":"article","og_title":"College Apps Academy - Reality Changers","og_description":"Reality Changers College Apps Academy provides an intensive program that helps first-generation students get into the college of their dreams.","og_url":"https:\/\/realitychangers.org\/es\/college-apps-academy\/","og_site_name":"Reality Changers","article_publisher":"https:\/\/www.facebook.com\/RealityChangers","article_modified_time":"2025-06-25T20:13:22+00:00","og_image":[{"url":"https:\/\/realitychangers.org\/wp-content\/uploads\/2022\/06\/We_Provide.svg","type":"","width":"","height":""}],"twitter_card":"summary_large_image","twitter_site":"@RealityChangers","twitter_misc":{"Tiempo de lectura":"6 minutos"},"schema":{"@context":"https:\/\/schema.org","@graph":[{"@type":"WebPage","@id":"https:\/\/realitychangers.org\/college-apps-academy\/","url":"https:\/\/realitychangers.org\/college-apps-academy\/","name":"College Apps Academy - Reality Changers","isPartOf":{"@id":"https:\/\/realitychangers.org\/#website"},"primaryImageOfPage":{"@id":"https:\/\/realitychangers.org\/college-apps-academy\/#primaryimage"},"image":{"@id":"https:\/\/realitychangers.org\/college-apps-academy\/#primaryimage"},"thumbnailUrl":"https:\/\/realitychangers.org\/wp-content\/uploads\/2022\/06\/We_Provide.svg","datePublished":"2022-06-13T18:21:28+00:00","dateModified":"2025-06-25T20:13:22+00:00","description":"Reality Changers College Apps Academy ofrece un programa intensivo que ayuda a los estudiantes de primera generaci\u00f3n a ingresar a la universidad de sus sue\u00f1os.","breadcrumb":{"@id":"https:\/\/realitychangers.org\/college-apps-academy\/#breadcrumb"},"inLanguage":"es","potentialAction":[{"@type":"ReadAction","target":["https:\/\/realitychangers.org\/college-apps-academy\/"]}]},{"@type":"ImageObject","inLanguage":"es","@id":"https:\/\/realitychangers.org\/college-apps-academy\/#primaryimage","url":"https:\/\/realitychangers.org\/wp-content\/uploads\/2022\/06\/We_Provide.svg","contentUrl":"https:\/\/realitychangers.org\/wp-content\/uploads\/2022\/06\/We_Provide.svg"},{"@type":"BreadcrumbList","@id":"https:\/\/realitychangers.org\/college-apps-academy\/#breadcrumb","itemListElement":[{"@type":"ListItem","position":1,"name":"Home","item":"https:\/\/realitychangers.org\/"},{"@type":"ListItem","position":2,"name":"College Apps Academy"}]},{"@type":"WebSite","@id":"https:\/\/realitychangers.org\/#website","url":"https:\/\/realitychangers.org\/","name":"Cambiadores de realidad","description":"","publisher":{"@id":"https:\/\/realitychangers.org\/#organization"},"potentialAction":[{"@type":"SearchAction","target":{"@type":"EntryPoint","urlTemplate":"https:\/\/realitychangers.org\/?s={search_term_string}"},"query-input":{"@type":"PropertyValueSpecification","valueRequired":true,"valueName":"search_term_string"}}],"inLanguage":"es"},{"@type":"Organization","@id":"https:\/\/realitychangers.org\/#organization","name":"Cambiadores de realidad","url":"https:\/\/realitychangers.org\/","logo":{"@type":"ImageObject","inLanguage":"es","@id":"https:\/\/realitychangers.org\/#\/schema\/logo\/image\/","url":"https:\/\/realitychangers.org\/wp-content\/uploads\/2020\/06\/RC-Logo.png","contentUrl":"https:\/\/realitychangers.org\/wp-content\/uploads\/2020\/06\/RC-Logo.png","width":1445,"height":1445,"caption":"Reality Changers"},"image":{"@id":"https:\/\/realitychangers.org\/#\/schema\/logo\/image\/"},"sameAs":["https:\/\/www.facebook.com\/RealityChangers","https:\/\/x.com\/RealityChangers","https:\/\/www.instagram.com\/realitychangersorg\/","https:\/\/www.linkedin.com\/company\/2531366","https:\/\/www.youtube.com\/channel\/UCvhBURbHKKtqDKt91KwoJCg"]}]}},"_links":{"self":[{"href":"https:\/\/realitychangers.org\/es\/wp-json\/wp\/v2\/pages\/417","targetHints":{"allow":["GET"]}}],"collection":[{"href":"https:\/\/realitychangers.org\/es\/wp-json\/wp\/v2\/pages"}],"about":[{"href":"https:\/\/realitychangers.org\/es\/wp-json\/wp\/v2\/types\/page"}],"author":[{"embeddable":true,"href":"https:\/\/realitychangers.org\/es\/wp-json\/wp\/v2\/users\/1"}],"replies":[{"embeddable":true,"href":"https:\/\/realitychangers.org\/es\/wp-json\/wp\/v2\/comments?post=417"}],"version-history":[{"count":0,"href":"https:\/\/realitychangers.org\/es\/wp-json\/wp\/v2\/pages\/417\/revisions"}],"wp:attachment":[{"href":"https:\/\/realitychangers.org\/es\/wp-json\/wp\/v2\/media?parent=417"}],"curies":[{"name":"gracias","href":"https:\/\/api.w.org\/{rel}","templated":true}]}}