{"id":321,"date":"2022-06-08T13:57:20","date_gmt":"2022-06-08T20:57:20","guid":{"rendered":"http:\/\/localhost:10272\/?page_id=321"},"modified":"2025-11-07T13:53:58","modified_gmt":"2025-11-07T21:53:58","slug":"contact","status":"publish","type":"page","link":"https:\/\/realitychangers.org\/es\/contact\/","title":{"rendered":"Contacto"},"content":{"rendered":"<h1>\n\t\t\tCont\u00e1ctenos\t<\/h1>\n\t<ul>\n\t\t<li><a href=\"mailto:Info@RealityChangers.org\" target=\"_self\"  aria-label=\"Vaya a mailto:Info@RealityChangers.org\">\t\t\t\t\n\t\tCorreo electr\u00f3nico<p>Info@RealityChangers.org<\/p><\/a><\/li><li><a href=\"tel:(619)%20516-2222\" target=\"_self\"  aria-label=\"Ir al tel\u00e9fono:(619) 516-2222\">\t\t\t\t\n\t\tTel\u00e9fono<p>(619) 516-2222<\/p><\/a><\/li><li><a href=\"\/es\/Vaya a https:\/\/www.google.com\/maps\/place\/4251+37th+St,+San+Diego,+CA+92105\/@32.7542273,-117.1155697,17z\/data=!3m1!4b1!4m5!3m4 !1s0x80d95444ddcf4b5f:0x79cc477d72ca14f7!8m2!3d32.7542228!4d-117.113381\/\" target=\"_blank\" rel=\"noopener\" aria-label=\"Vaya a https:\/\/www.google.com\/maps\/place\/4251+37th+St,+San+Diego,+CA+92105\/@32.7542273,-117.1155697,17z\/data=!3m1!4b1!4m5!3m4 !1s0x80d95444ddcf4b5f:0x79cc477d72ca14f7!8m2!3d32.7542228!4d-117.113381\">\t\t\t\t\n\t\tDirecci\u00f3n de envio<p>apartado de correos 50220<br \/>San Diego, CA 92165<\/p><\/a><\/li><li>Oficina 4305 University Ave, Ste 510<br \/>San Diego, CA 92105<\/li><li>Centro educativo 1400 Park Boulevard<br \/>San Diego, CA 92101<\/li>\t<\/ul>\n\t<p>\u00bfInteresado en asociarse con Reality Changers? <a href=\"https:\/\/realitychangers.org\/es\/partnership-inquiry\/\">\u00a1Haga clic aqu\u00ed para compartir su idea!<\/a><\/p>\n\t<div class=\"social-icons\"><div class=\"nav-item\"><a class=\"nav-link\" rel=\"nofollow noopener noreferrer\" href=\"https:\/\/www.facebook.com\/RealityChangers\" target=\"_blank\"><i class=\"fa-classic fa-brands fa-facebook-f\" aria-hidden=\"true\"><\/i><span class=\"sr-only hidden\"><i class=\"fa-classic fa-brands fa-facebook-f\" aria-hidden=\"true\"><\/i><\/span><\/a><\/div><div class=\"nav-item\"><a class=\"nav-link\" rel=\"nofollow noopener noreferrer\" href=\"https:\/\/www.linkedin.com\/groups\/6612192\/\" target=\"_blank\"><i class=\"fa-classic fa-brands fa-linkedin-in\" aria-hidden=\"true\"><\/i><span class=\"sr-only hidden\"><i class=\"fa-classic fa-brands fa-linkedin-in\" aria-hidden=\"true\"><\/i><\/span><\/a><\/div><div class=\"nav-item\"><a class=\"nav-link\" rel=\"nofollow noopener noreferrer\" href=\"https:\/\/www.instagram.com\/realitychangersalumni\/\" target=\"_blank\"><i class=\"fa-classic fa-brands fa-instagram\" aria-hidden=\"true\"><\/i><span class=\"sr-only hidden\"><i class=\"fa-classic fa-brands fa-instagram\" aria-hidden=\"true\"><\/i><\/span><\/a><\/div><\/div>\n\t<iframe src=\"https:\/\/www.google.com\/maps\/embed\/v1\/place?q=4251+37th+St%2C+San+Diego%2C+CA+92105&#038;key=AIzaSyD09zQ9PNDNNy9TadMuzRV_UsPUoWKntt8\" aria-hidden=\"true\"><\/iframe>","protected":false},"excerpt":{"rendered":"<p>Cont\u00e1ctenos Correo electr\u00f3nico Info@RealityChangers.org Tel\u00e9fono (619) 516-2222 Direcci\u00f3n postal Apartado postal 50220 San Diego, CA 92165 Oficina 4305 University Ave, Ste 510 San Diego, CA 92105 Centro educativo 1400 Park Boulevard San Diego, CA 92101 \u00bfLe interesa colaborar con Reality Changers? \u00a1Haga clic aqu\u00ed para compartir su idea!<\/p>","protected":false},"author":1,"featured_media":0,"parent":0,"menu_order":31,"comment_status":"closed","ping_status":"closed","template":"","meta":{"_acf_changed":false,"site-sidebar-layout":"default","site-content-layout":"","ast-site-content-layout":"default","site-content-style":"default","site-sidebar-style":"default","ast-global-header-display":"","ast-banner-title-visibility":"","ast-main-header-display":"","ast-hfb-above-header-display":"","ast-hfb-below-header-display":"","ast-hfb-mobile-header-display":"","site-post-title":"","ast-breadcrumbs-content":"","ast-featured-img":"","footer-sml-layout":"","ast-disable-related-posts":"","theme-transparent-header-meta":"","adv-header-id-meta":"","stick-header-meta":"","header-above-stick-meta":"","header-main-stick-meta":"","header-below-stick-meta":"","astra-migrate-meta-layouts":"set","ast-page-background-enabled":"default","ast-page-background-meta":{"desktop":{"background-color":"var(--ast-global-color-4)","background-image":"","background-repeat":"repeat","background-position":"center center","background-size":"auto","background-attachment":"scroll","background-type":"","background-media":"","overlay-type":"","overlay-color":"","overlay-opacity":"","overlay-gradient":""},"tablet":{"background-color":"","background-image":"","background-repeat":"repeat","background-position":"center center","background-size":"auto","background-attachment":"scroll","background-type":"","background-media":"","overlay-type":"","overlay-color":"","overlay-opacity":"","overlay-gradient":""},"mobile":{"background-color":"","background-image":"","background-repeat":"repeat","background-position":"center center","background-size":"auto","background-attachment":"scroll","background-type":"","background-media":"","overlay-type":"","overlay-color":"","overlay-opacity":"","overlay-gradient":""}},"ast-content-background-meta":{"desktop":{"background-color":"var(--ast-global-color-5)","background-image":"","background-repeat":"repeat","background-position":"center center","background-size":"auto","background-attachment":"scroll","background-type":"","background-media":"","overlay-type":"","overlay-color":"","overlay-opacity":"","overlay-gradient":""},"tablet":{"background-color":"var(--ast-global-color-5)","background-image":"","background-repeat":"repeat","background-position":"center center","background-size":"auto","background-attachment":"scroll","background-type":"","background-media":"","overlay-type":"","overlay-color":"","overlay-opacity":"","overlay-gradient":""},"mobile":{"background-color":"var(--ast-global-color-5)","background-image":"","background-repeat":"repeat","background-position":"center center","background-size":"auto","background-attachment":"scroll","background-type":"","background-media":"","overlay-type":"","overlay-color":"","overlay-opacity":"","overlay-gradient":""}},"footnotes":""},"class_list":["post-321","page","type-page","status-publish","hentry"],"acf":[],"yoast_head":"<!-- This site is optimized with the Yoast SEO plugin v27.3 - https:\/\/yoast.com\/product\/yoast-seo-wordpress\/ -->\n<title>Contact - Reality Changers<\/title>\n<meta name=\"description\" content=\"Want to learn more about Reality Changers? Use this form or reach us through our contact details, we&#039;re looking forward to hearing from you!\" \/>\n<meta name=\"robots\" content=\"index, follow, max-snippet:-1, max-image-preview:large, max-video-preview:-1\" \/>\n<link rel=\"canonical\" href=\"https:\/\/realitychangers.org\/es\/contact\/\" \/>\n<meta property=\"og:locale\" content=\"es_MX\" \/>\n<meta property=\"og:type\" content=\"article\" \/>\n<meta property=\"og:title\" content=\"Contact - Reality Changers\" \/>\n<meta property=\"og:description\" content=\"Want to learn more about Reality Changers? Use this form or reach us through our contact details, we&#039;re looking forward to hearing from you!\" \/>\n<meta property=\"og:url\" content=\"https:\/\/realitychangers.org\/es\/contact\/\" \/>\n<meta property=\"og:site_name\" content=\"Reality Changers\" \/>\n<meta property=\"article:publisher\" content=\"https:\/\/www.facebook.com\/RealityChangers\" \/>\n<meta property=\"article:modified_time\" content=\"2025-11-07T21:53:58+00:00\" \/>\n<meta property=\"og:image\" content=\"https:\/\/realitychangers.org\/wp-content\/uploads\/2020\/06\/RC-Logo.png\" \/>\n\t<meta property=\"og:image:width\" content=\"1445\" \/>\n\t<meta property=\"og:image:height\" content=\"1445\" \/>\n\t<meta property=\"og:image:type\" content=\"image\/png\" \/>\n<meta name=\"twitter:card\" content=\"summary_large_image\" \/>\n<meta name=\"twitter:site\" content=\"@RealityChangers\" \/>\n<meta name=\"twitter:label1\" content=\"Tiempo de lectura\" \/>\n\t<meta name=\"twitter:data1\" content=\"1 minuto\" \/>\n<script type=\"application\/ld+json\" class=\"yoast-schema-graph\">{\"@context\":\"https:\\\/\\\/schema.org\",\"@graph\":[{\"@type\":\"WebPage\",\"@id\":\"https:\\\/\\\/realitychangers.org\\\/contact\\\/\",\"url\":\"https:\\\/\\\/realitychangers.org\\\/contact\\\/\",\"name\":\"Contact - Reality Changers\",\"isPartOf\":{\"@id\":\"https:\\\/\\\/realitychangers.org\\\/#website\"},\"datePublished\":\"2022-06-08T20:57:20+00:00\",\"dateModified\":\"2025-11-07T21:53:58+00:00\",\"description\":\"Want to learn more about Reality Changers? Use this form or reach us through our contact details, we're looking forward to hearing from you!\",\"breadcrumb\":{\"@id\":\"https:\\\/\\\/realitychangers.org\\\/contact\\\/#breadcrumb\"},\"inLanguage\":\"es\",\"potentialAction\":[{\"@type\":\"ReadAction\",\"target\":[\"https:\\\/\\\/realitychangers.org\\\/contact\\\/\"]}]},{\"@type\":\"BreadcrumbList\",\"@id\":\"https:\\\/\\\/realitychangers.org\\\/contact\\\/#breadcrumb\",\"itemListElement\":[{\"@type\":\"ListItem\",\"position\":1,\"name\":\"Home\",\"item\":\"https:\\\/\\\/realitychangers.org\\\/\"},{\"@type\":\"ListItem\",\"position\":2,\"name\":\"Contact\"}]},{\"@type\":\"WebSite\",\"@id\":\"https:\\\/\\\/realitychangers.org\\\/#website\",\"url\":\"https:\\\/\\\/realitychangers.org\\\/\",\"name\":\"Reality Changers\",\"description\":\"\",\"publisher\":{\"@id\":\"https:\\\/\\\/realitychangers.org\\\/#organization\"},\"potentialAction\":[{\"@type\":\"SearchAction\",\"target\":{\"@type\":\"EntryPoint\",\"urlTemplate\":\"https:\\\/\\\/realitychangers.org\\\/?s={search_term_string}\"},\"query-input\":{\"@type\":\"PropertyValueSpecification\",\"valueRequired\":true,\"valueName\":\"search_term_string\"}}],\"inLanguage\":\"es\"},{\"@type\":\"Organization\",\"@id\":\"https:\\\/\\\/realitychangers.org\\\/#organization\",\"name\":\"Reality Changers\",\"url\":\"https:\\\/\\\/realitychangers.org\\\/\",\"logo\":{\"@type\":\"ImageObject\",\"inLanguage\":\"es\",\"@id\":\"https:\\\/\\\/realitychangers.org\\\/#\\\/schema\\\/logo\\\/image\\\/\",\"url\":\"https:\\\/\\\/realitychangers.org\\\/wp-content\\\/uploads\\\/2020\\\/06\\\/RC-Logo.png\",\"contentUrl\":\"https:\\\/\\\/realitychangers.org\\\/wp-content\\\/uploads\\\/2020\\\/06\\\/RC-Logo.png\",\"width\":1445,\"height\":1445,\"caption\":\"Reality Changers\"},\"image\":{\"@id\":\"https:\\\/\\\/realitychangers.org\\\/#\\\/schema\\\/logo\\\/image\\\/\"},\"sameAs\":[\"https:\\\/\\\/www.facebook.com\\\/RealityChangers\",\"https:\\\/\\\/x.com\\\/RealityChangers\",\"https:\\\/\\\/www.instagram.com\\\/realitychangersorg\\\/\",\"https:\\\/\\\/www.linkedin.com\\\/company\\\/2531366\",\"https:\\\/\\\/www.youtube.com\\\/channel\\\/UCvhBURbHKKtqDKt91KwoJCg\"]}]}<\/script>\n<!-- \/ Yoast SEO plugin. -->","yoast_head_json":{"title":"Contacto - Reality Changers","description":"\u00bfQuieres saber m\u00e1s sobre Reality Changers? Usa este formulario o cont\u00e1ctanos a trav\u00e9s de nuestros datos de contacto. \u00a1Esperamos tu respuesta!","robots":{"index":"index","follow":"follow","max-snippet":"max-snippet:-1","max-image-preview":"max-image-preview:large","max-video-preview":"max-video-preview:-1"},"canonical":"https:\/\/realitychangers.org\/es\/contact\/","og_locale":"es_MX","og_type":"article","og_title":"Contact - Reality Changers","og_description":"Want to learn more about Reality Changers? Use this form or reach us through our contact details, we're looking forward to hearing from you!","og_url":"https:\/\/realitychangers.org\/es\/contact\/","og_site_name":"Reality Changers","article_publisher":"https:\/\/www.facebook.com\/RealityChangers","article_modified_time":"2025-11-07T21:53:58+00:00","og_image":[{"width":1445,"height":1445,"url":"https:\/\/realitychangers.org\/wp-content\/uploads\/2020\/06\/RC-Logo.png","type":"image\/png"}],"twitter_card":"summary_large_image","twitter_site":"@RealityChangers","twitter_misc":{"Tiempo de lectura":"1 minuto"},"schema":{"@context":"https:\/\/schema.org","@graph":[{"@type":"WebPage","@id":"https:\/\/realitychangers.org\/contact\/","url":"https:\/\/realitychangers.org\/contact\/","name":"Contacto - Reality Changers","isPartOf":{"@id":"https:\/\/realitychangers.org\/#website"},"datePublished":"2022-06-08T20:57:20+00:00","dateModified":"2025-11-07T21:53:58+00:00","description":"\u00bfQuieres saber m\u00e1s sobre Reality Changers? Usa este formulario o cont\u00e1ctanos a trav\u00e9s de nuestros datos de contacto. \u00a1Esperamos tu respuesta!","breadcrumb":{"@id":"https:\/\/realitychangers.org\/contact\/#breadcrumb"},"inLanguage":"es","potentialAction":[{"@type":"ReadAction","target":["https:\/\/realitychangers.org\/contact\/"]}]},{"@type":"BreadcrumbList","@id":"https:\/\/realitychangers.org\/contact\/#breadcrumb","itemListElement":[{"@type":"ListItem","position":1,"name":"Home","item":"https:\/\/realitychangers.org\/"},{"@type":"ListItem","position":2,"name":"Contact"}]},{"@type":"WebSite","@id":"https:\/\/realitychangers.org\/#website","url":"https:\/\/realitychangers.org\/","name":"Cambiadores de realidad","description":"","publisher":{"@id":"https:\/\/realitychangers.org\/#organization"},"potentialAction":[{"@type":"SearchAction","target":{"@type":"EntryPoint","urlTemplate":"https:\/\/realitychangers.org\/?s={search_term_string}"},"query-input":{"@type":"PropertyValueSpecification","valueRequired":true,"valueName":"search_term_string"}}],"inLanguage":"es"},{"@type":"Organization","@id":"https:\/\/realitychangers.org\/#organization","name":"Cambiadores de realidad","url":"https:\/\/realitychangers.org\/","logo":{"@type":"ImageObject","inLanguage":"es","@id":"https:\/\/realitychangers.org\/#\/schema\/logo\/image\/","url":"https:\/\/realitychangers.org\/wp-content\/uploads\/2020\/06\/RC-Logo.png","contentUrl":"https:\/\/realitychangers.org\/wp-content\/uploads\/2020\/06\/RC-Logo.png","width":1445,"height":1445,"caption":"Reality Changers"},"image":{"@id":"https:\/\/realitychangers.org\/#\/schema\/logo\/image\/"},"sameAs":["https:\/\/www.facebook.com\/RealityChangers","https:\/\/x.com\/RealityChangers","https:\/\/www.instagram.com\/realitychangersorg\/","https:\/\/www.linkedin.com\/company\/2531366","https:\/\/www.youtube.com\/channel\/UCvhBURbHKKtqDKt91KwoJCg"]}]}},"_links":{"self":[{"href":"https:\/\/realitychangers.org\/es\/wp-json\/wp\/v2\/pages\/321","targetHints":{"allow":["GET"]}}],"collection":[{"href":"https:\/\/realitychangers.org\/es\/wp-json\/wp\/v2\/pages"}],"about":[{"href":"https:\/\/realitychangers.org\/es\/wp-json\/wp\/v2\/types\/page"}],"author":[{"embeddable":true,"href":"https:\/\/realitychangers.org\/es\/wp-json\/wp\/v2\/users\/1"}],"replies":[{"embeddable":true,"href":"https:\/\/realitychangers.org\/es\/wp-json\/wp\/v2\/comments?post=321"}],"version-history":[{"count":0,"href":"https:\/\/realitychangers.org\/es\/wp-json\/wp\/v2\/pages\/321\/revisions"}],"wp:attachment":[{"href":"https:\/\/realitychangers.org\/es\/wp-json\/wp\/v2\/media?parent=321"}],"curies":[{"name":"gracias","href":"https:\/\/api.w.org\/{rel}","templated":true}]}}