{"id":19643,"date":"2024-05-09T13:57:51","date_gmt":"2024-05-09T20:57:51","guid":{"rendered":"https:\/\/realitychangers.org\/?page_id=19643"},"modified":"2024-05-09T14:06:09","modified_gmt":"2024-05-09T21:06:09","slug":"an-newsletter","status":"publish","type":"page","link":"https:\/\/realitychangers.org\/es\/alumni\/an-newsletter\/","title":{"rendered":"Suscr\u00edbete al bolet\u00edn Alumni Network"},"content":{"rendered":"\n<h1>\n\t\tAlumni Newsletter Sign Up\n\t<\/h1>\n\t<p>Sign up to recieve emails about Alumni Network events and news! Please use an email address that you check regularly.<\/p>\n                            \n                        <form method='post' enctype='multipart\/form-data' target='gform_ajax_frame_31' id='gform_31'  action='\/?page_id=19643&#038;fl_builder#gf_31' data-formid='31' novalidate>\n                        <fieldset id=\"field_31_1\"  data-js-reload=\"field_31_1\"><legend class='gfield_label gform-field-label gfield_label_before_complex'>Name(Required)<\/legend>\n                                                    <input type='text' name='input_1.3' id='input_31_1_3' value=''   aria-required='true'     \/>\n                                                    <label for='input_31_1_3' class='gform-field-label gform-field-label--type-sub '>First<\/label>\n                                                    <input type='text' name='input_1.6' id='input_31_1_6' value=''   aria-required='true'     \/>\n                                                    <label for='input_31_1_6' class='gform-field-label gform-field-label--type-sub '>Last<\/label>\n                        <\/fieldset><label class='gfield_label gform-field-label' for='input_31_3'>Email(Required)<\/label>\n                            <input name='input_3' id='input_31_3' type='email' value='' class='large'    aria-required=\"true\" aria-invalid=\"false\"  \/>\n                        <label class='gfield_label gform-field-label' for='input_31_4'>High School Graduation Year(Required)<\/label><input name='input_4' id='input_31_4' type='text' value='' class='large'     aria-required=\"true\" aria-invalid=\"false\"   \/> \n         <input type='submit' id='gform_submit_button_31' class='gform_button button' value='Submit'  onclick='if(window[\"gf_submitting_31\"]){return false;}  if( !jQuery(\"#gform_31\")[0].checkValidity || jQuery(\"#gform_31\")[0].checkValidity()){window[\"gf_submitting_31\"]=true;}  ' onkeypress='if( event.keyCode == 13 ){ if(window[\"gf_submitting_31\"]){return false;} if( !jQuery(\"#gform_31\")[0].checkValidity || jQuery(\"#gform_31\")[0].checkValidity()){window[\"gf_submitting_31\"]=true;}  jQuery(\"#gform_31\").trigger(\"submit\",[true]); }' \/> <input type='hidden' name='gform_ajax' value='form_id=31&amp;title=&amp;description=1&amp;tabindex=0&amp;theme=gravity-theme' \/>\n            <input type='hidden' class='gform_hidden' name='is_submit_31' value='1' \/>\n            <input type='hidden' class='gform_hidden' name='gform_submit' value='31' \/>\n            <input type='hidden' class='gform_hidden' name='gform_unique_id' value='' \/>\n            <input type='hidden' class='gform_hidden' name='state_31' value='WyJbXSIsImM1NmUyNjhlYjQxMzcxODk5YjVkNzhjNDU5NWM4ODA3Il0=' \/>\n            <input type='hidden' class='gform_hidden' name='gform_target_page_number_31' id='gform_target_page_number_31' value='0' \/>\n            <input type='hidden' class='gform_hidden' name='gform_source_page_number_31' id='gform_source_page_number_31' value='1' \/>\n            <input type='hidden' name='gform_field_values' value='' \/>\n                        <\/form>\n\t\t                <iframe style='display:none;width:0px;height:0px;' src='about:blank' name='gform_ajax_frame_31' id='gform_ajax_frame_31' title='This iframe contains the logic required to handle Ajax powered Gravity Forms.'><\/iframe>\n\n","protected":false},"excerpt":{"rendered":"<p>Suscr\u00edbase al bolet\u00edn de antiguos alumnos \u00a1Reg\u00edstrese para recibir correos electr\u00f3nicos sobre eventos y noticias de Alumni Network! Utilice una direcci\u00f3n de correo electr\u00f3nico que consulte peri\u00f3dicamente. Nombre (obligatorio) Nombre, apellido, correo electr\u00f3nico (obligatorio) A\u00f1o de graduaci\u00f3n de la escuela secundaria (obligatorio)<\/p>","protected":false},"author":8,"featured_media":0,"parent":59,"menu_order":5,"comment_status":"closed","ping_status":"closed","template":"","meta":{"_acf_changed":false,"site-sidebar-layout":"default","site-content-layout":"","ast-site-content-layout":"default","site-content-style":"default","site-sidebar-style":"default","ast-global-header-display":"","ast-banner-title-visibility":"","ast-main-header-display":"","ast-hfb-above-header-display":"","ast-hfb-below-header-display":"","ast-hfb-mobile-header-display":"","site-post-title":"","ast-breadcrumbs-content":"","ast-featured-img":"","footer-sml-layout":"","ast-disable-related-posts":"","theme-transparent-header-meta":"","adv-header-id-meta":"","stick-header-meta":"","header-above-stick-meta":"","header-main-stick-meta":"","header-below-stick-meta":"","astra-migrate-meta-layouts":"set","ast-page-background-enabled":"default","ast-page-background-meta":{"desktop":{"background-color":"var(--ast-global-color-4)","background-image":"","background-repeat":"repeat","background-position":"center center","background-size":"auto","background-attachment":"scroll","background-type":"","background-media":"","overlay-type":"","overlay-color":"","overlay-opacity":"","overlay-gradient":""},"tablet":{"background-color":"","background-image":"","background-repeat":"repeat","background-position":"center center","background-size":"auto","background-attachment":"scroll","background-type":"","background-media":"","overlay-type":"","overlay-color":"","overlay-opacity":"","overlay-gradient":""},"mobile":{"background-color":"","background-image":"","background-repeat":"repeat","background-position":"center center","background-size":"auto","background-attachment":"scroll","background-type":"","background-media":"","overlay-type":"","overlay-color":"","overlay-opacity":"","overlay-gradient":""}},"ast-content-background-meta":{"desktop":{"background-color":"var(--ast-global-color-5)","background-image":"","background-repeat":"repeat","background-position":"center center","background-size":"auto","background-attachment":"scroll","background-type":"","background-media":"","overlay-type":"","overlay-color":"","overlay-opacity":"","overlay-gradient":""},"tablet":{"background-color":"var(--ast-global-color-5)","background-image":"","background-repeat":"repeat","background-position":"center center","background-size":"auto","background-attachment":"scroll","background-type":"","background-media":"","overlay-type":"","overlay-color":"","overlay-opacity":"","overlay-gradient":""},"mobile":{"background-color":"var(--ast-global-color-5)","background-image":"","background-repeat":"repeat","background-position":"center center","background-size":"auto","background-attachment":"scroll","background-type":"","background-media":"","overlay-type":"","overlay-color":"","overlay-opacity":"","overlay-gradient":""}},"footnotes":""},"class_list":["post-19643","page","type-page","status-publish","hentry"],"acf":[],"yoast_head":"<!-- This site is optimized with the Yoast SEO plugin v27.4 - https:\/\/yoast.com\/product\/yoast-seo-wordpress\/ -->\n<title>Alumni Network Newsletter Sign Up - Reality Changers<\/title>\n<meta name=\"robots\" content=\"noindex, follow\" \/>\n<meta property=\"og:locale\" content=\"es_MX\" \/>\n<meta property=\"og:type\" content=\"article\" \/>\n<meta property=\"og:title\" content=\"Alumni Network Newsletter Sign Up - Reality Changers\" \/>\n<meta property=\"og:description\" content=\"Alumni Newsletter Sign Up Sign up to recieve emails about Alumni Network events and news! Please use an email address that you check regularly. Name(Required) First Last Email(Required) High School Graduation Year(Required)\" \/>\n<meta property=\"og:url\" content=\"https:\/\/realitychangers.org\/es\/alumni\/an-newsletter\/\" \/>\n<meta property=\"og:site_name\" content=\"Reality Changers\" \/>\n<meta property=\"article:publisher\" content=\"https:\/\/www.facebook.com\/RealityChangers\" \/>\n<meta property=\"article:modified_time\" content=\"2024-05-09T21:06:09+00:00\" \/>\n<meta property=\"og:image\" content=\"https:\/\/realitychangers.org\/wp-content\/uploads\/2020\/06\/RC-Logo.png\" \/>\n\t<meta property=\"og:image:width\" content=\"1445\" \/>\n\t<meta property=\"og:image:height\" content=\"1445\" \/>\n\t<meta property=\"og:image:type\" content=\"image\/png\" \/>\n<meta name=\"twitter:card\" content=\"summary_large_image\" \/>\n<meta name=\"twitter:site\" content=\"@RealityChangers\" \/>\n<meta name=\"twitter:label1\" content=\"Tiempo de lectura\" \/>\n\t<meta name=\"twitter:data1\" content=\"1 minuto\" \/>\n<script type=\"application\/ld+json\" class=\"yoast-schema-graph\">{\"@context\":\"https:\\\/\\\/schema.org\",\"@graph\":[{\"@type\":\"WebPage\",\"@id\":\"https:\\\/\\\/realitychangers.org\\\/alumni\\\/an-newsletter\\\/\",\"url\":\"https:\\\/\\\/realitychangers.org\\\/alumni\\\/an-newsletter\\\/\",\"name\":\"Alumni Network Newsletter Sign Up - Reality Changers\",\"isPartOf\":{\"@id\":\"https:\\\/\\\/realitychangers.org\\\/#website\"},\"datePublished\":\"2024-05-09T20:57:51+00:00\",\"dateModified\":\"2024-05-09T21:06:09+00:00\",\"breadcrumb\":{\"@id\":\"https:\\\/\\\/realitychangers.org\\\/alumni\\\/an-newsletter\\\/#breadcrumb\"},\"inLanguage\":\"es\",\"potentialAction\":[{\"@type\":\"ReadAction\",\"target\":[\"https:\\\/\\\/realitychangers.org\\\/alumni\\\/an-newsletter\\\/\"]}]},{\"@type\":\"BreadcrumbList\",\"@id\":\"https:\\\/\\\/realitychangers.org\\\/alumni\\\/an-newsletter\\\/#breadcrumb\",\"itemListElement\":[{\"@type\":\"ListItem\",\"position\":1,\"name\":\"Home\",\"item\":\"https:\\\/\\\/realitychangers.org\\\/\"},{\"@type\":\"ListItem\",\"position\":2,\"name\":\"The Alumni Network\",\"item\":\"https:\\\/\\\/realitychangers.org\\\/alumni\\\/\"},{\"@type\":\"ListItem\",\"position\":3,\"name\":\"Alumni Network Newsletter Sign Up\"}]},{\"@type\":\"WebSite\",\"@id\":\"https:\\\/\\\/realitychangers.org\\\/#website\",\"url\":\"https:\\\/\\\/realitychangers.org\\\/\",\"name\":\"Reality Changers\",\"description\":\"\",\"publisher\":{\"@id\":\"https:\\\/\\\/realitychangers.org\\\/#organization\"},\"potentialAction\":[{\"@type\":\"SearchAction\",\"target\":{\"@type\":\"EntryPoint\",\"urlTemplate\":\"https:\\\/\\\/realitychangers.org\\\/?s={search_term_string}\"},\"query-input\":{\"@type\":\"PropertyValueSpecification\",\"valueRequired\":true,\"valueName\":\"search_term_string\"}}],\"inLanguage\":\"es\"},{\"@type\":\"Organization\",\"@id\":\"https:\\\/\\\/realitychangers.org\\\/#organization\",\"name\":\"Reality Changers\",\"url\":\"https:\\\/\\\/realitychangers.org\\\/\",\"logo\":{\"@type\":\"ImageObject\",\"inLanguage\":\"es\",\"@id\":\"https:\\\/\\\/realitychangers.org\\\/#\\\/schema\\\/logo\\\/image\\\/\",\"url\":\"https:\\\/\\\/realitychangers.org\\\/wp-content\\\/uploads\\\/2020\\\/06\\\/RC-Logo.png\",\"contentUrl\":\"https:\\\/\\\/realitychangers.org\\\/wp-content\\\/uploads\\\/2020\\\/06\\\/RC-Logo.png\",\"width\":1445,\"height\":1445,\"caption\":\"Reality Changers\"},\"image\":{\"@id\":\"https:\\\/\\\/realitychangers.org\\\/#\\\/schema\\\/logo\\\/image\\\/\"},\"sameAs\":[\"https:\\\/\\\/www.facebook.com\\\/RealityChangers\",\"https:\\\/\\\/x.com\\\/RealityChangers\",\"https:\\\/\\\/www.instagram.com\\\/realitychangersorg\\\/\",\"https:\\\/\\\/www.linkedin.com\\\/company\\\/2531366\",\"https:\\\/\\\/www.youtube.com\\\/channel\\\/UCvhBURbHKKtqDKt91KwoJCg\"]}]}<\/script>\n<!-- \/ Yoast SEO plugin. -->","yoast_head_json":{"title":"Suscripci\u00f3n al bolet\u00edn informativo de Alumni Network - Reality Changers","robots":{"index":"noindex","follow":"follow"},"og_locale":"es_MX","og_type":"article","og_title":"Alumni Network Newsletter Sign Up - Reality Changers","og_description":"Alumni Newsletter Sign Up Sign up to recieve emails about Alumni Network events and news! Please use an email address that you check regularly. Name(Required) First Last Email(Required) High School Graduation Year(Required)","og_url":"https:\/\/realitychangers.org\/es\/alumni\/an-newsletter\/","og_site_name":"Reality Changers","article_publisher":"https:\/\/www.facebook.com\/RealityChangers","article_modified_time":"2024-05-09T21:06:09+00:00","og_image":[{"width":1445,"height":1445,"url":"https:\/\/realitychangers.org\/wp-content\/uploads\/2020\/06\/RC-Logo.png","type":"image\/png"}],"twitter_card":"summary_large_image","twitter_site":"@RealityChangers","twitter_misc":{"Tiempo de lectura":"1 minuto"},"schema":{"@context":"https:\/\/schema.org","@graph":[{"@type":"WebPage","@id":"https:\/\/realitychangers.org\/alumni\/an-newsletter\/","url":"https:\/\/realitychangers.org\/alumni\/an-newsletter\/","name":"Suscripci\u00f3n al bolet\u00edn informativo de Alumni Network - Reality Changers","isPartOf":{"@id":"https:\/\/realitychangers.org\/#website"},"datePublished":"2024-05-09T20:57:51+00:00","dateModified":"2024-05-09T21:06:09+00:00","breadcrumb":{"@id":"https:\/\/realitychangers.org\/alumni\/an-newsletter\/#breadcrumb"},"inLanguage":"es","potentialAction":[{"@type":"ReadAction","target":["https:\/\/realitychangers.org\/alumni\/an-newsletter\/"]}]},{"@type":"BreadcrumbList","@id":"https:\/\/realitychangers.org\/alumni\/an-newsletter\/#breadcrumb","itemListElement":[{"@type":"ListItem","position":1,"name":"Home","item":"https:\/\/realitychangers.org\/"},{"@type":"ListItem","position":2,"name":"The Alumni Network","item":"https:\/\/realitychangers.org\/alumni\/"},{"@type":"ListItem","position":3,"name":"Alumni Network Newsletter Sign Up"}]},{"@type":"WebSite","@id":"https:\/\/realitychangers.org\/#website","url":"https:\/\/realitychangers.org\/","name":"Cambiadores de realidad","description":"","publisher":{"@id":"https:\/\/realitychangers.org\/#organization"},"potentialAction":[{"@type":"SearchAction","target":{"@type":"EntryPoint","urlTemplate":"https:\/\/realitychangers.org\/?s={search_term_string}"},"query-input":{"@type":"PropertyValueSpecification","valueRequired":true,"valueName":"search_term_string"}}],"inLanguage":"es"},{"@type":"Organization","@id":"https:\/\/realitychangers.org\/#organization","name":"Cambiadores de realidad","url":"https:\/\/realitychangers.org\/","logo":{"@type":"ImageObject","inLanguage":"es","@id":"https:\/\/realitychangers.org\/#\/schema\/logo\/image\/","url":"https:\/\/realitychangers.org\/wp-content\/uploads\/2020\/06\/RC-Logo.png","contentUrl":"https:\/\/realitychangers.org\/wp-content\/uploads\/2020\/06\/RC-Logo.png","width":1445,"height":1445,"caption":"Reality Changers"},"image":{"@id":"https:\/\/realitychangers.org\/#\/schema\/logo\/image\/"},"sameAs":["https:\/\/www.facebook.com\/RealityChangers","https:\/\/x.com\/RealityChangers","https:\/\/www.instagram.com\/realitychangersorg\/","https:\/\/www.linkedin.com\/company\/2531366","https:\/\/www.youtube.com\/channel\/UCvhBURbHKKtqDKt91KwoJCg"]}]}},"_links":{"self":[{"href":"https:\/\/realitychangers.org\/es\/wp-json\/wp\/v2\/pages\/19643","targetHints":{"allow":["GET"]}}],"collection":[{"href":"https:\/\/realitychangers.org\/es\/wp-json\/wp\/v2\/pages"}],"about":[{"href":"https:\/\/realitychangers.org\/es\/wp-json\/wp\/v2\/types\/page"}],"author":[{"embeddable":true,"href":"https:\/\/realitychangers.org\/es\/wp-json\/wp\/v2\/users\/8"}],"replies":[{"embeddable":true,"href":"https:\/\/realitychangers.org\/es\/wp-json\/wp\/v2\/comments?post=19643"}],"version-history":[{"count":0,"href":"https:\/\/realitychangers.org\/es\/wp-json\/wp\/v2\/pages\/19643\/revisions"}],"up":[{"embeddable":true,"href":"https:\/\/realitychangers.org\/es\/wp-json\/wp\/v2\/pages\/59"}],"wp:attachment":[{"href":"https:\/\/realitychangers.org\/es\/wp-json\/wp\/v2\/media?parent=19643"}],"curies":[{"name":"gracias","href":"https:\/\/api.w.org\/{rel}","templated":true}]}}