{"id":1920,"date":"2022-06-17T15:33:48","date_gmt":"2022-06-17T22:33:48","guid":{"rendered":"https:\/\/realitychangers.org\/?page_id=1920"},"modified":"2024-12-30T14:48:58","modified_gmt":"2024-12-30T22:48:58","slug":"dei","status":"publish","type":"page","link":"https:\/\/realitychangers.org\/es\/about\/dei\/","title":{"rendered":"Importancia de la diversidad, la equidad y la inclusi\u00f3n"},"content":{"rendered":"<h1>\n\t\tImportancia de la diversidad, la equidad y la inclusi\u00f3n\n\t\t\t\t<\/h1>\t\n\t<p>En Reality Changers, creemos que la diversidad, la equidad y la inclusi\u00f3n est\u00e1n conectadas con nuestra misi\u00f3n y son fundamentales para el bienestar de nuestro personal y nuestra comunidad. <\/p>\n\t\t\t<a href=\"https:\/\/realitychangers.org\/wp-content\/uploads\/2022\/06\/DEI-Statement-PDF-1.pdf\" target=\"_blank\" rel=\"noopener\">\n\t\t\t\t\t\t\tDescargar Declaraci\u00f3n DEI\n\t\t\t\t\t<\/a>\n<h3>\n\t\tSer el cambio que deseamos ver\n\t<\/h3>\n\t<p>Reality Changers defiende y camina junto a estudiantes universitarios de primera generaci\u00f3n mientras trabajamos juntos para superar las barreras sist\u00e9micas arraigadas en el racismo y la opresi\u00f3n. Somos responsables ante las diversas comunidades a las que servimos, especialmente aquellas que incluyen personas de color, y afirmamos activamente la dignidad de todas las personas.<\/p>\n<h2>\n\t\tQuienes somos\n\t<\/h2>\n<h3>\n\t\tGr\u00e1ficos demogr\u00e1ficos\n\t<\/h3>\n<h3>\n\t\tEstudiantes\n\t<\/h3>\n        <canvas id=\"pie-chart-\"><\/canvas>\n<h3>\n\t\tPersonal\n\t<\/h3>\n        <canvas id=\"pie-chart-\"><\/canvas>\n<h3>\n\t\tJunta\n\t<\/h3>\n        <canvas id=\"pie-chart-\"><\/canvas>\n<h3>\n\t\t14% de los miembros del personal de Reality Changers son graduados del programa\n\t<\/h3>\n<h3>\n\t\tEntendiendo la DEI\n\t<\/h3>\n\t<p>En Reality Changers, nuestra misi\u00f3n de preparar a los j\u00f3venes como graduados universitarios de primera generaci\u00f3n y l\u00edderes comunitarios va de la mano con nuestro compromiso con la diversidad, la equidad y la inclusi\u00f3n (<\/p>\n<p>Creemos que, si bien el talento existe en todas las comunidades, las oportunidades a menudo no existen. Por eso, fomentar la DEI no es solo un principio rector, sino una parte esencial de nuestra labor. Al derribar las barreras a la educaci\u00f3n superior y crear espacios donde cada estudiante se sienta valorado y apoyado, formamos a los l\u00edderes y creadores de cambios del futuro.<\/p>\n<p>Comprender el significado de DEI (diversidad, equidad e inclusi\u00f3n) significa reconocer que el verdadero progreso se logra cuando todos pueden participar y prosperar. Este compromiso impulsa no solo el \u00e9xito de nuestros estudiantes, sino tambi\u00e9n la riqueza cultural e intelectual de las comunidades a las que sirven.\u00a0<\/p>\n<p>Juntos, estamos construyendo un futuro donde todos los j\u00f3venes puedan acceder a las herramientas, el conocimiento y las oportunidades que necesitan para transformar sus vidas e impactar positivamente el mundo.<\/p>\n<h3>\n\t\tDiversidad\n\t<\/h3>\n\t<p>La diversidad va mucho m\u00e1s all\u00e1 de las personas presentes. Se trata de acoger las identidades, perspectivas y experiencias \u00fanicas de cada individuo. Entonces, \u00bfqu\u00e9 es la DEI para nosotros? Es el compromiso de crear espacios donde j\u00f3venes de todos los \u00e1mbitos se sientan reconocidos, valorados y capaces de prosperar.<\/p>\n<p>En Reality Changers, la diversidad adopta muchas formas: raza, etnia, g\u00e9nero, contexto socioecon\u00f3mico, idioma, sexualidad, estatus migratorio y m\u00e1s. Pero m\u00e1s all\u00e1 de la representaci\u00f3n, se trata de reconocer el poder de esas diferencias. Cuando los estudiantes, voluntarios y miembros del personal con perspectivas diversas se unen, sucede algo asombroso: surgen nuevas ideas, florece la creatividad y surgen soluciones a grandes desaf\u00edos.<\/p>\n<p>Nuestro trabajo se basa en derribar barreras para los estudiantes universitarios de primera generaci\u00f3n y crear oportunidades que reflejen la riqueza de sus experiencias. En Reality Changers, la diversidad no es solo una casilla para marcar. Es la base de la innovaci\u00f3n y la resiliencia que vemos en nuestros estudiantes todos los d\u00edas. Juntos, estamos construyendo una comunidad donde cada voz importa y cada sue\u00f1o tiene la oportunidad de prosperar.<\/p>\n<h3>\n\t\tEquidad\n\t<\/h3>\n\t<p>La equidad es m\u00e1s que una palabra de moda; est\u00e1 en el centro de todo lo que hacemos. Entonces, \u00bfqu\u00e9 significa DEI y c\u00f3mo encaja la equidad? La equidad consiste en nivelar el campo de juego abordando las barreras que afectan a los estudiantes universitarios de primera generaci\u00f3n.<\/p>\n<p>La equidad implica reconocer que no todos comienzan desde el mismo lugar. Algunos de nuestros estudiantes enfrentan desaf\u00edos sist\u00e9micos, ya sea un acceso limitado a los recursos, ciclos generacionales de desigualdad o discriminaci\u00f3n basada en su identidad o antecedentes. En Reality Changers, trabajamos para derribar esas barreras y brindar las herramientas, el apoyo y las oportunidades que cada estudiante necesita para prosperar.<\/p>\n<p>No se trata solo de justicia; se trata de acci\u00f3n. Al redistribuir recursos y crear programas adaptados a los desaf\u00edos \u00fanicos que enfrentan nuestros estudiantes, los ayudamos a alcanzar su m\u00e1ximo potencial. Ya sea mediante mentor\u00eda, orientaci\u00f3n acad\u00e9mica o fomento de la confianza, la equidad impulsa el \u00e9xito de los l\u00edderes y creadores de cambios que empoderamos a diario.<\/p>\n<p>En Reality Changers, la equidad no es s\u00f3lo un principio; es la promesa de que cada estudiante, sin importar de d\u00f3nde venga, tiene la oportunidad de brillar.<\/p>\n<h3>\n\t\tInclusi\u00f3n\n\t<\/h3>\n\t<p>La inclusi\u00f3n es el eje central de la diversidad, la inclusi\u00f3n social y la inclusi\u00f3n. Se trata de crear un espacio en el que todos sientan que pertenecen, son respetados y pueden participar plenamente. No se trata solo de sentirse bienvenido, sino de sentirse valorado y empoderado para aportar su aut\u00e9ntico yo.<\/p>\n<p>En Reality Changers, la inclusi\u00f3n significa acoger activamente las experiencias, perspectivas e identidades \u00fanicas de cada estudiante. Se trata de garantizar que no solo se escuchen todas las voces, sino que tambi\u00e9n se celebren. Desde adaptaciones bien pensadas hasta un di\u00e1logo abierto y respetuoso, la inclusi\u00f3n est\u00e1 presente en todos los aspectos de nuestro trabajo. Por este motivo, para nosotros es importante que nuestro personal y nuestros voluntarios reflejen la diversidad de nuestros estudiantes. Ofrecemos modelos a seguir y mentores con experiencias de vida similares que hacen que los j\u00f3venes se sientan parte del grupo.<\/p>\n<p>Este compromiso con la inclusi\u00f3n consiste en eliminar barreras y construir puentes. Cuando los j\u00f3venes se sienten seguros, apoyados y conectados, pueden so\u00f1ar en grande, tomar riesgos y tener \u00e9xito de maneras que nunca creyeron posibles. As\u00ed es como la DEI se convierte en algo m\u00e1s que un marco: se convierte en una experiencia vivida para cada estudiante.<\/p>\n<h3>\n\t\tAccesibilidad, antirracismo, comunidad y justicia en acci\u00f3n\n\t<\/h3>\n\t<p>En Reality Changers, la DEI es m\u00e1s que una misi\u00f3n. Es nuestra base. Pero la DEI va m\u00e1s all\u00e1 de las palabras de moda. Para nosotros, se trata de convertir valores como la accesibilidad, el antirracismo, la comunidad y la justicia en acciones significativas.<\/p>\n<p>Accesibilidad significa abrir puertas que tradicionalmente han estado cerradas. Nos esforzamos por eliminar barreras para que cada estudiante tenga las herramientas, los recursos y las oportunidades para prosperar, ya sea apoyo acad\u00e9mico, tutor\u00eda o simplemente un espacio acogedor para crecer.<\/p>\n<p>El antirracismo es un compromiso de reconocer la desigualdad racial y desafiar activamente los sistemas y prejuicios que la perpet\u00faan. Es escuchar las voces de las personas afectadas, abordar las desigualdades de frente y crear un entorno en el que los estudiantes de todos los or\u00edgenes se sientan valorados y respetados.<\/p>\n<p>La comunidad es el centro de todo lo que hacemos. Se trata de construir conexiones, fomentar la colaboraci\u00f3n y crear un sentido de pertenencia para los estudiantes y <a href=\"https:\/\/realitychangers.org\/es\/parents\/\">familias<\/a>Cuando los j\u00f3venes se sienten apoyados por una comunidad fuerte, ganan la confianza para afrontar desaf\u00edos y convertirse en l\u00edderes por derecho propio.<\/p>\n<p>La justicia nos recuerda que la equidad no consiste en tratar a todos por igual, sino en garantizar la equidad. Significa identificar y abordar las causas fundamentales de la inequidad para garantizar que cada estudiante tenga la oportunidad de alcanzar su m\u00e1ximo potencial. La justicia consiste en abordar los desaf\u00edos actuales y crear un futuro mejor.<\/p>\n<p>En Reality Changers, la DEI es una pr\u00e1ctica viva y din\u00e1mica. Est\u00e1 presente en cada conversaci\u00f3n, cada programa y cada conexi\u00f3n que construimos. Juntos, no solo moldeamos la vida de los estudiantes, sino que los ayudamos a transformar sus comunidades y el mundo. <a href=\"https:\/\/realitychangers.org\/es\/volunteer\/\">Invol\u00facrate hoy<\/a>.<\/p>\n<h3>\n\t\tReconocimiento de tierras\n\t<\/h3>\n\t<p>Reality Changers reconoce que residimos en el territorio no cedido y las tierras nativas de la Naci\u00f3n Kumeyaay, tambi\u00e9n conocida como la Naci\u00f3n Kumeyaay-Diegue\u00f1o. Es importante que nos eduquemos a nosotros mismos y a los dem\u00e1s sobre la larga historia que nos ha permitido habitar la tierra de la Naci\u00f3n Kumeyaay. Respetamos y honramos las patrias del pueblo Kumeyaay; nos esforzamos por ir m\u00e1s all\u00e1 de las palabras a acciones que encarnan plenamente un compromiso con los derechos ind\u00edgenas y nuestros valores de comunidad y equidad.<\/p>","protected":false},"excerpt":{"rendered":"<p>Importance of Diversity, Equity, and Inclusion At Reality Changers, we believe that diversity, equity, and inclusion are connected to our mission and critical to the well-being of our staff and our community. Download D.E.I. Statement Being the Change We Wish to See Reality Changers champions and walks alongside first-generation college students as we work together [&hellip;]<\/p>\n","protected":false},"author":1,"featured_media":0,"parent":61,"menu_order":23,"comment_status":"closed","ping_status":"closed","template":"","meta":{"_acf_changed":false,"site-sidebar-layout":"default","site-content-layout":"","ast-site-content-layout":"default","site-content-style":"default","site-sidebar-style":"default","ast-global-header-display":"","ast-banner-title-visibility":"","ast-main-header-display":"","ast-hfb-above-header-display":"","ast-hfb-below-header-display":"","ast-hfb-mobile-header-display":"","site-post-title":"","ast-breadcrumbs-content":"","ast-featured-img":"","footer-sml-layout":"","ast-disable-related-posts":"","theme-transparent-header-meta":"","adv-header-id-meta":"","stick-header-meta":"","header-above-stick-meta":"","header-main-stick-meta":"","header-below-stick-meta":"","astra-migrate-meta-layouts":"set","ast-page-background-enabled":"default","ast-page-background-meta":{"desktop":{"background-color":"var(--ast-global-color-4)","background-image":"","background-repeat":"repeat","background-position":"center center","background-size":"auto","background-attachment":"scroll","background-type":"","background-media":"","overlay-type":"","overlay-color":"","overlay-opacity":"","overlay-gradient":""},"tablet":{"background-color":"","background-image":"","background-repeat":"repeat","background-position":"center center","background-size":"auto","background-attachment":"scroll","background-type":"","background-media":"","overlay-type":"","overlay-color":"","overlay-opacity":"","overlay-gradient":""},"mobile":{"background-color":"","background-image":"","background-repeat":"repeat","background-position":"center center","background-size":"auto","background-attachment":"scroll","background-type":"","background-media":"","overlay-type":"","overlay-color":"","overlay-opacity":"","overlay-gradient":""}},"ast-content-background-meta":{"desktop":{"background-color":"var(--ast-global-color-5)","background-image":"","background-repeat":"repeat","background-position":"center center","background-size":"auto","background-attachment":"scroll","background-type":"","background-media":"","overlay-type":"","overlay-color":"","overlay-opacity":"","overlay-gradient":""},"tablet":{"background-color":"var(--ast-global-color-5)","background-image":"","background-repeat":"repeat","background-position":"center center","background-size":"auto","background-attachment":"scroll","background-type":"","background-media":"","overlay-type":"","overlay-color":"","overlay-opacity":"","overlay-gradient":""},"mobile":{"background-color":"var(--ast-global-color-5)","background-image":"","background-repeat":"repeat","background-position":"center center","background-size":"auto","background-attachment":"scroll","background-type":"","background-media":"","overlay-type":"","overlay-color":"","overlay-opacity":"","overlay-gradient":""}},"footnotes":""},"class_list":["post-1920","page","type-page","status-publish","hentry"],"acf":[],"yoast_head":"<!-- This site is optimized with the Yoast SEO plugin v27.3 - https:\/\/yoast.com\/product\/yoast-seo-wordpress\/ -->\n<title>Importance of Diversity, Equity, and Inclusion | Reality Changers<\/title>\n<meta name=\"description\" content=\"Explore Reality Changers&#039; commitment to diversity, equity, and inclusion (DEI). Learn how we create an inclusive environment empowering underrepresented youths to thrive and succeed.\" \/>\n<meta name=\"robots\" content=\"index, follow, max-snippet:-1, max-image-preview:large, max-video-preview:-1\" \/>\n<link rel=\"canonical\" href=\"https:\/\/realitychangers.org\/es\/about\/dei\/\" \/>\n<meta property=\"og:locale\" content=\"es_MX\" \/>\n<meta property=\"og:type\" content=\"article\" \/>\n<meta property=\"og:title\" content=\"Importance of Diversity, Equity, and Inclusion | Reality Changers\" \/>\n<meta property=\"og:description\" content=\"Explore Reality Changers&#039; commitment to diversity, equity, and inclusion (DEI). Learn how we create an inclusive environment empowering underrepresented youths to thrive and succeed.\" \/>\n<meta property=\"og:url\" content=\"https:\/\/realitychangers.org\/es\/about\/dei\/\" \/>\n<meta property=\"og:site_name\" content=\"Reality Changers\" \/>\n<meta property=\"article:publisher\" content=\"https:\/\/www.facebook.com\/RealityChangers\" \/>\n<meta property=\"article:modified_time\" content=\"2024-12-30T22:48:58+00:00\" \/>\n<meta property=\"og:image\" content=\"https:\/\/realitychangers.org\/wp-content\/uploads\/2020\/06\/RC-Logo.png\" \/>\n\t<meta property=\"og:image:width\" content=\"1445\" \/>\n\t<meta property=\"og:image:height\" content=\"1445\" \/>\n\t<meta property=\"og:image:type\" content=\"image\/png\" \/>\n<meta name=\"twitter:card\" content=\"summary_large_image\" \/>\n<meta name=\"twitter:site\" content=\"@RealityChangers\" \/>\n<meta name=\"twitter:label1\" content=\"Tiempo de lectura\" \/>\n\t<meta name=\"twitter:data1\" content=\"1 minuto\" \/>\n<script type=\"application\/ld+json\" class=\"yoast-schema-graph\">{\"@context\":\"https:\\\/\\\/schema.org\",\"@graph\":[{\"@type\":\"WebPage\",\"@id\":\"https:\\\/\\\/realitychangers.org\\\/about\\\/dei\\\/\",\"url\":\"https:\\\/\\\/realitychangers.org\\\/about\\\/dei\\\/\",\"name\":\"Importance of Diversity, Equity, and Inclusion | Reality Changers\",\"isPartOf\":{\"@id\":\"https:\\\/\\\/realitychangers.org\\\/#website\"},\"datePublished\":\"2022-06-17T22:33:48+00:00\",\"dateModified\":\"2024-12-30T22:48:58+00:00\",\"description\":\"Explore Reality Changers' commitment to diversity, equity, and inclusion (DEI). Learn how we create an inclusive environment empowering underrepresented youths to thrive and succeed.\",\"breadcrumb\":{\"@id\":\"https:\\\/\\\/realitychangers.org\\\/about\\\/dei\\\/#breadcrumb\"},\"inLanguage\":\"es\",\"potentialAction\":[{\"@type\":\"ReadAction\",\"target\":[\"https:\\\/\\\/realitychangers.org\\\/about\\\/dei\\\/\"]}]},{\"@type\":\"BreadcrumbList\",\"@id\":\"https:\\\/\\\/realitychangers.org\\\/about\\\/dei\\\/#breadcrumb\",\"itemListElement\":[{\"@type\":\"ListItem\",\"position\":1,\"name\":\"Home\",\"item\":\"https:\\\/\\\/realitychangers.org\\\/\"},{\"@type\":\"ListItem\",\"position\":2,\"name\":\"About\",\"item\":\"https:\\\/\\\/realitychangers.org\\\/about\\\/\"},{\"@type\":\"ListItem\",\"position\":3,\"name\":\"Importance of Diversity, Equity, and Inclusion\"}]},{\"@type\":\"WebSite\",\"@id\":\"https:\\\/\\\/realitychangers.org\\\/#website\",\"url\":\"https:\\\/\\\/realitychangers.org\\\/\",\"name\":\"Reality Changers\",\"description\":\"\",\"publisher\":{\"@id\":\"https:\\\/\\\/realitychangers.org\\\/#organization\"},\"potentialAction\":[{\"@type\":\"SearchAction\",\"target\":{\"@type\":\"EntryPoint\",\"urlTemplate\":\"https:\\\/\\\/realitychangers.org\\\/?s={search_term_string}\"},\"query-input\":{\"@type\":\"PropertyValueSpecification\",\"valueRequired\":true,\"valueName\":\"search_term_string\"}}],\"inLanguage\":\"es\"},{\"@type\":\"Organization\",\"@id\":\"https:\\\/\\\/realitychangers.org\\\/#organization\",\"name\":\"Reality Changers\",\"url\":\"https:\\\/\\\/realitychangers.org\\\/\",\"logo\":{\"@type\":\"ImageObject\",\"inLanguage\":\"es\",\"@id\":\"https:\\\/\\\/realitychangers.org\\\/#\\\/schema\\\/logo\\\/image\\\/\",\"url\":\"https:\\\/\\\/realitychangers.org\\\/wp-content\\\/uploads\\\/2020\\\/06\\\/RC-Logo.png\",\"contentUrl\":\"https:\\\/\\\/realitychangers.org\\\/wp-content\\\/uploads\\\/2020\\\/06\\\/RC-Logo.png\",\"width\":1445,\"height\":1445,\"caption\":\"Reality Changers\"},\"image\":{\"@id\":\"https:\\\/\\\/realitychangers.org\\\/#\\\/schema\\\/logo\\\/image\\\/\"},\"sameAs\":[\"https:\\\/\\\/www.facebook.com\\\/RealityChangers\",\"https:\\\/\\\/x.com\\\/RealityChangers\",\"https:\\\/\\\/www.instagram.com\\\/realitychangersorg\\\/\",\"https:\\\/\\\/www.linkedin.com\\\/company\\\/2531366\",\"https:\\\/\\\/www.youtube.com\\\/channel\\\/UCvhBURbHKKtqDKt91KwoJCg\"]}]}<\/script>\n<!-- \/ Yoast SEO plugin. -->","yoast_head_json":{"title":"Importancia de la Diversidad, la Equidad y la Inclusi\u00f3n | Reality Changers","description":"Explora el compromiso de Reality Changers con la diversidad, la equidad y la inclusi\u00f3n (DEI). Descubre c\u00f3mo creamos un entorno inclusivo que empodera a j\u00f3venes subrepresentados para que prosperen y triunfen.","robots":{"index":"index","follow":"follow","max-snippet":"max-snippet:-1","max-image-preview":"max-image-preview:large","max-video-preview":"max-video-preview:-1"},"canonical":"https:\/\/realitychangers.org\/es\/about\/dei\/","og_locale":"es_MX","og_type":"article","og_title":"Importance of Diversity, Equity, and Inclusion | Reality Changers","og_description":"Explore Reality Changers' commitment to diversity, equity, and inclusion (DEI). Learn how we create an inclusive environment empowering underrepresented youths to thrive and succeed.","og_url":"https:\/\/realitychangers.org\/es\/about\/dei\/","og_site_name":"Reality Changers","article_publisher":"https:\/\/www.facebook.com\/RealityChangers","article_modified_time":"2024-12-30T22:48:58+00:00","og_image":[{"width":1445,"height":1445,"url":"https:\/\/realitychangers.org\/wp-content\/uploads\/2020\/06\/RC-Logo.png","type":"image\/png"}],"twitter_card":"summary_large_image","twitter_site":"@RealityChangers","twitter_misc":{"Tiempo de lectura":"1 minuto"},"schema":{"@context":"https:\/\/schema.org","@graph":[{"@type":"WebPage","@id":"https:\/\/realitychangers.org\/about\/dei\/","url":"https:\/\/realitychangers.org\/about\/dei\/","name":"Importancia de la Diversidad, la Equidad y la Inclusi\u00f3n | Reality Changers","isPartOf":{"@id":"https:\/\/realitychangers.org\/#website"},"datePublished":"2022-06-17T22:33:48+00:00","dateModified":"2024-12-30T22:48:58+00:00","description":"Explora el compromiso de Reality Changers con la diversidad, la equidad y la inclusi\u00f3n (DEI). Descubre c\u00f3mo creamos un entorno inclusivo que empodera a j\u00f3venes subrepresentados para que prosperen y triunfen.","breadcrumb":{"@id":"https:\/\/realitychangers.org\/about\/dei\/#breadcrumb"},"inLanguage":"es","potentialAction":[{"@type":"ReadAction","target":["https:\/\/realitychangers.org\/about\/dei\/"]}]},{"@type":"BreadcrumbList","@id":"https:\/\/realitychangers.org\/about\/dei\/#breadcrumb","itemListElement":[{"@type":"ListItem","position":1,"name":"Home","item":"https:\/\/realitychangers.org\/"},{"@type":"ListItem","position":2,"name":"About","item":"https:\/\/realitychangers.org\/about\/"},{"@type":"ListItem","position":3,"name":"Importance of Diversity, Equity, and Inclusion"}]},{"@type":"WebSite","@id":"https:\/\/realitychangers.org\/#website","url":"https:\/\/realitychangers.org\/","name":"Cambiadores de realidad","description":"","publisher":{"@id":"https:\/\/realitychangers.org\/#organization"},"potentialAction":[{"@type":"SearchAction","target":{"@type":"EntryPoint","urlTemplate":"https:\/\/realitychangers.org\/?s={search_term_string}"},"query-input":{"@type":"PropertyValueSpecification","valueRequired":true,"valueName":"search_term_string"}}],"inLanguage":"es"},{"@type":"Organization","@id":"https:\/\/realitychangers.org\/#organization","name":"Cambiadores de realidad","url":"https:\/\/realitychangers.org\/","logo":{"@type":"ImageObject","inLanguage":"es","@id":"https:\/\/realitychangers.org\/#\/schema\/logo\/image\/","url":"https:\/\/realitychangers.org\/wp-content\/uploads\/2020\/06\/RC-Logo.png","contentUrl":"https:\/\/realitychangers.org\/wp-content\/uploads\/2020\/06\/RC-Logo.png","width":1445,"height":1445,"caption":"Reality Changers"},"image":{"@id":"https:\/\/realitychangers.org\/#\/schema\/logo\/image\/"},"sameAs":["https:\/\/www.facebook.com\/RealityChangers","https:\/\/x.com\/RealityChangers","https:\/\/www.instagram.com\/realitychangersorg\/","https:\/\/www.linkedin.com\/company\/2531366","https:\/\/www.youtube.com\/channel\/UCvhBURbHKKtqDKt91KwoJCg"]}]}},"_links":{"self":[{"href":"https:\/\/realitychangers.org\/es\/wp-json\/wp\/v2\/pages\/1920","targetHints":{"allow":["GET"]}}],"collection":[{"href":"https:\/\/realitychangers.org\/es\/wp-json\/wp\/v2\/pages"}],"about":[{"href":"https:\/\/realitychangers.org\/es\/wp-json\/wp\/v2\/types\/page"}],"author":[{"embeddable":true,"href":"https:\/\/realitychangers.org\/es\/wp-json\/wp\/v2\/users\/1"}],"replies":[{"embeddable":true,"href":"https:\/\/realitychangers.org\/es\/wp-json\/wp\/v2\/comments?post=1920"}],"version-history":[{"count":0,"href":"https:\/\/realitychangers.org\/es\/wp-json\/wp\/v2\/pages\/1920\/revisions"}],"up":[{"embeddable":true,"href":"https:\/\/realitychangers.org\/es\/wp-json\/wp\/v2\/pages\/61"}],"wp:attachment":[{"href":"https:\/\/realitychangers.org\/es\/wp-json\/wp\/v2\/media?parent=1920"}],"curies":[{"name":"gracias","href":"https:\/\/api.w.org\/{rel}","templated":true}]}}