{"id":19033,"date":"2023-03-03T15:10:03","date_gmt":"2023-03-03T23:10:03","guid":{"rendered":"https:\/\/realitychangers.org\/?page_id=19033"},"modified":"2025-09-04T09:44:06","modified_gmt":"2025-09-04T16:44:06","slug":"application-instructions","status":"publish","type":"page","link":"https:\/\/realitychangers.org\/es\/apply\/application-instructions\/","title":{"rendered":"Instrucciones de aplicaci\u00f3n"},"content":{"rendered":"<h2>\n\t\t\tInstrucciones de aplicaci\u00f3n\t<\/h2>\n<h1>\n\t\tCambiadores de realidad\n\t\t\t\t<\/h1>\t\n<h3>\n\t\t\t\u00danete a Reality Changers\t<\/h3>\n\t<p>Lea detenidamente esta p\u00e1gina antes de iniciar su solicitud. Si tiene alguna pregunta, env\u00ede un correo electr\u00f3nico <a href=\"mailto:Tom@RealityChangers.org\" target=\"_blank\" rel=\"noopener\">Tom@RealityChangers.org<\/a>.<\/p>\n<p><strong>El enlace para comenzar su solicitud en l\u00ednea est\u00e1 en el <a href=\"#button\">parte inferior de esta p\u00e1gina.<\/a><\/strong><\/p>\n<h3>\n\t\t\tCOMPONENTES DE APLICACI\u00d3N\t<\/h3>\n\t<ul>\n\t\t<li>\t\t\n\t\t\t\t<img decoding=\"async\" src=\"https:\/\/realitychangers.org\/wp-content\/uploads\/2023\/03\/4.png\" alt=\"4\" title=\"4\" itemprop=\"image\"\/>\n\t\t<h3>APLICACIONES EN LINEA<\/h3><p>Esto tardar\u00e1 aproximadamente 1,5 horas en completarse.<\/p><\/li><li>\t\t\n\t\t\t\t<img decoding=\"async\" src=\"https:\/\/realitychangers.org\/wp-content\/uploads\/2023\/03\/8.png\" alt=\"8\" title=\"8\" itemprop=\"image\"\/>\n\t\t<h3>Respuesta de ensayo<\/h3><p>Escriba sus respuestas antes de comenzar su solicitud. <a href=\"#essay\"><u>Haga clic aqu\u00ed para ver las preguntas.<\/u><\/a><\/p><\/li><li>\t\t\n\t\t\t\t<img decoding=\"async\" src=\"https:\/\/realitychangers.org\/wp-content\/uploads\/2023\/03\/5.png\" alt=\"5\" title=\"5\" itemprop=\"image\"\/>\n\t\t<h3>Transcripci\u00f3n acad\u00e9mica<\/h3><p>Recoja esto y t\u00e9ngalo listo antes de comenzar su aplicaci\u00f3n.<\/p><\/li><li>\t\t\n\t\t\t\t<img decoding=\"async\" src=\"https:\/\/realitychangers.org\/wp-content\/uploads\/2023\/03\/6.png\" alt=\"6\" title=\"6\" itemprop=\"image\"\/>\n\t\t<h3>Formulario de verificaci\u00f3n financiera<\/h3><p><a href=\"https:\/\/realitychangers.org\/wp-content\/uploads\/2025\/03\/2.e.-FY-2025-CDBG-Self-Certification-Form.pdf\" target=\"_blank\" rel=\"noopener\"><u>Descargar este formulario<\/u><\/a> y compl\u00e9telo antes de comenzar su solicitud.<\/p><\/li><li>\t\t\n\t\t\t\t<img decoding=\"async\" src=\"https:\/\/realitychangers.org\/wp-content\/uploads\/2023\/03\/6.png\" alt=\"6\" title=\"6\" itemprop=\"image\"\/>\n\t\t<h3>Formulario de consentimiento y liberaci\u00f3n<\/h3><p><a href=\"https:\/\/realitychangers.org\/wp-content\/uploads\/2023\/03\/RC-Medical-Consent-and-Participation-Agreement.pdf\" target=\"_blank\" rel=\"noopener\"><u>Descargar este formulario<\/u><\/a> y compl\u00e9telo antes de comenzar su solicitud.<\/p><\/li><li>\t\t\n\t\t\t\t<img decoding=\"async\" src=\"https:\/\/realitychangers.org\/wp-content\/uploads\/2023\/03\/6.png\" alt=\"6\" title=\"6\" itemprop=\"image\"\/>\n\t\t<h3>Formulario de impuestos 1040<\/h3><p>Re\u00fane esto y tenlo listo antes de comenzar tu solicitud. Deber\u00e1s subir ambas p\u00e1ginas.<\/p><\/li>\t<\/ul>\n<h3>\n\t\t\tInstrucciones\t<\/h3>\n\t\t\t<h5>Aplicaciones en linea<\/h5>\t\t\t\n\t\t\t\t<p><b><br \/>Se recomienda que los estudiantes reserven alrededor de una hora a una hora y media para completar la solicitud.<\/b> No podemos garantizar que las solicitudes se guarden en l\u00ednea y dejar la pantalla desatendida durante un per\u00edodo prolongado de tiempo puede hacer que pierda su progreso.\u00a0<\/p>\n<p>Ser\u00e1 m\u00e1s f\u00e1cil completar esta solicitud en una computadora de escritorio o port\u00e1til (a diferencia de un tel\u00e9fono o tableta). <a href=\"#video\">Haga clic aqu\u00ed para ver un video paso a paso para completar la solicitud.<\/a><\/p>\n\t\t\t<h5>Formularios para descargar<\/h5>\t\t\t\n\t\t\t\t<p><b><br \/>Antes de iniciar la aplicaci\u00f3n, descargue el <a href=\"https:\/\/realitychangers.org\/wp-content\/uploads\/2025\/03\/2.e.-FY-2025-CDBG-Self-Certification-Form.pdf\" target=\"_blank\" rel=\"noopener\"><u>Formulario de verificaci\u00f3n financiera<\/u><\/a> y <u><a href=\"https:\/\/realitychangers.org\/wp-content\/uploads\/2023\/03\/RC-Medical-Consent-and-Participation-Agreement.pdf\" target=\"_blank\" rel=\"noopener\">Formulario de consentimiento y liberaci\u00f3n<\/a><\/u>. Estos documentos deber\u00e1n completarse y luego escanearse y cargarse en l\u00ednea, como parte del proceso de solicitud. No podemos aceptar solicitudes en papel o materiales en papel en este momento. Las solicitudes que no incluyan estos anexos se considerar\u00e1n incompletas.<\/b><\/p>\n\t\t\t<h5>Documentos para subir<\/h5>\t\t\t\n\t\t\t\t<p><br \/>Cuando complete su solicitud, deber\u00e1 cargar varios documentos, incluido el <strong>Formulario de verificaci\u00f3n financiera<\/strong> y el <strong>Formulario de consentimiento y liberaci\u00f3n<\/strong>. <\/p>\n<p>Adem\u00e1s, deber\u00e1s cargar tu <strong>expediente acad\u00e9mico<\/strong> y tu familia <strong>formulario de impuestos 1040<\/strong> (ambas p\u00e1ginas). <em>Este es un formulario que su familia pudo haber completado y presentado al gobierno federal cuando completaron sus impuestos de 2021 o 2020. Es preferible que env\u00ede un formulario 1040, pero a\u00fan puede presentar una solicitud si no tiene uno.<\/em><\/p>\n\t\n<h3>\n\t\t\tPreguntas de ensayo\t<\/h3>\n\t<p><strong>Recomendamos redactar las respuestas de su ensayo con anticipaci\u00f3n y luego copiarlas y pegarlas en la solicitud. <\/strong>Essay questions can be found below. Make sure that you are responding to the appropriate questions based on your grade level.\u00a0<\/p>\n<h4>\n\t\t\tCollege Town (estudiantes que ingresan a los grados 9 a 11 en el oto\u00f1o de 2023)\t<\/h4>\n\t<ol>\n<li>Reality Changers cree que la historia de un individuo puede ser muy poderosa y que la historia de todos es \u00fanica. Describa su pasado, presente y futuro, y el impacto que Reality Changers tendr\u00e1 en su vida. <i>(m\u00e1ximo 500 palabras)<\/i><\/li>\n<li> \u00bfCu\u00e1l es una meta que tienes para ti mismo en el pr\u00f3ximo a\u00f1o o dos y c\u00f3mo puede Reality Changers apoyarte y\/o motivarte para alcanzar esa meta? <i>(m\u00e1ximo 500 palabras)<\/i><\/li>\n<\/ol>\n<h4>\n\t\t\tCollege Apps Academy (Estudiantes que ingresan al 12.\u00b0 grado en el oto\u00f1o de 2023)\t<\/h4>\n\t<p><strong><em>Parte uno:<\/em> Responda una de las siguientes indicaciones.<\/strong><\/p>\n<p>Describa el desaf\u00edo m\u00e1s significativo que ha enfrentado y los pasos que ha tomado para superar este desaf\u00edo. (<em>1 a 2 p\u00e1rrafos<\/em>)<\/p>\n<p>O<\/p>\n<p>Describa un ejemplo de su experiencia de liderazgo en el que haya influido positivamente en otros, ayudado a resolver disputas o contribuido a los esfuerzos del grupo a lo largo del tiempo. (<em>1 a 2 p\u00e1rrafos<\/em>).<\/p>\n<p><strong><em>La segunda parte:<\/em> Elige 5 de las siguientes preguntas y resp\u00f3ndelas en 15 palabras o menos (cada una).<\/strong><\/p>\n<p><\/p>\n<ol>\n<li aria-level=\"1\">Cu\u00e1l es el trabajo de tus sue\u00f1os?<\/li>\n<li aria-level=\"1\">Descr\u00edbete en 3 palabras.<\/li>\n<li aria-level=\"1\">Si pudieras dar una clase sobre cualquier tema, \u00bfcu\u00e1l ser\u00eda?<\/li>\n<li aria-level=\"1\">\u00bfQuien te inspira? \u00bfPor qu\u00e9?<\/li>\n<li aria-level=\"1\">\u00bfCita favorita (y de qui\u00e9n)?<\/li>\n<li aria-level=\"1\">\u00bfCu\u00e1l es tu comida favorita?<\/li>\n<li aria-level=\"1\">Si ma\u00f1ana tuvieras la tarde libre, \u00bfqu\u00e9 har\u00edas?<\/li>\n<li aria-level=\"1\">\u00bfCu\u00e1l es una de las materias\/clases m\u00e1s dif\u00edciles para ti en la escuela secundaria?<\/li>\n<li aria-level=\"1\">\u00bfC\u00f3mo expresas tu creatividad?\u00a0<\/li>\n<li aria-level=\"1\">\u00bfCu\u00e1les son las 3 cosas sobre ti que a\u00fan no se comparten en esta aplicaci\u00f3n?<\/li>\n<li aria-level=\"1\">Si pudieras asistir a cualquier colegio\/universidad\/escuela de oficios despu\u00e9s de la secundaria, \u00bfcu\u00e1l ser\u00eda? No dude en enumerar algunas escuelas o sistemas universitarios (p. ej., CSU, UC, Community College, privado, fuera del estado).<\/li>\n<\/ol>\n\t\n<h2>\n\t\t\tTu futuro comienza aqu\u00ed\t<\/h2>\n\t\t\t<a href=\"https:\/\/realitychangers.my.site.com\/s\/\" target=\"_self\">\n\t\t\t\t\t\t\tHaga clic aqu\u00ed para iniciar su aplicaci\u00f3n\n\t\t\t\t\t<\/a>\n\t\n<h3>\n\t\t\tVideo instructivo de la aplicaci\u00f3n\t<\/h3>\n\t<p><strong>El siguiente video lo guiar\u00e1 a trav\u00e9s de la solicitud en l\u00ednea, paso a paso.<\/strong> Tenga en cuenta que este video muestra c\u00f3mo presentar una solicitud para College Apps Academy (estudiantes actuales de 11.\u00b0 grado que ingresar\u00e1n a 12.\u00b0 grado). Los pasos son similares, pero no exactamente iguales para College Town (estudiantes actuales de 8.\u00b0 grado, 9.\u00b0 grado y 10.\u00b0 grado).<\/p>\n\t\t<iframe width=\"560\" height=\"315\" src=\"https:\/\/www.youtube.com\/embed\/LRLywY4JU5c\" title=\"reproductor de videos de youtube\" frameborder=\"0\" allow=\"accelerometer; autoplay; clipboard-write; encrypted-media; gyroscope; picture-in-picture; web-share\" allowfullscreen><\/iframe>","protected":false},"excerpt":{"rendered":"<p>Application Instructions Reality Changers Join Reality Changers Please read through this page thoroughly before starting your application. If you have any questions, email Tom@RealityChangers.org. The link to begin your online application is at the bottom of this page. APPLICATION cOMPONENTS ONLINE APPLICATION This will take about 1.5 hours to complete. Essay Response Write your answers [&hellip;]<\/p>\n","protected":false},"author":8,"featured_media":0,"parent":1895,"menu_order":0,"comment_status":"closed","ping_status":"closed","template":"","meta":{"_acf_changed":false,"site-sidebar-layout":"default","site-content-layout":"","ast-site-content-layout":"default","site-content-style":"default","site-sidebar-style":"default","ast-global-header-display":"","ast-banner-title-visibility":"","ast-main-header-display":"","ast-hfb-above-header-display":"","ast-hfb-below-header-display":"","ast-hfb-mobile-header-display":"","site-post-title":"","ast-breadcrumbs-content":"","ast-featured-img":"","footer-sml-layout":"","ast-disable-related-posts":"","theme-transparent-header-meta":"","adv-header-id-meta":"","stick-header-meta":"","header-above-stick-meta":"","header-main-stick-meta":"","header-below-stick-meta":"","astra-migrate-meta-layouts":"set","ast-page-background-enabled":"default","ast-page-background-meta":{"desktop":{"background-color":"var(--ast-global-color-4)","background-image":"","background-repeat":"repeat","background-position":"center center","background-size":"auto","background-attachment":"scroll","background-type":"","background-media":"","overlay-type":"","overlay-color":"","overlay-opacity":"","overlay-gradient":""},"tablet":{"background-color":"","background-image":"","background-repeat":"repeat","background-position":"center center","background-size":"auto","background-attachment":"scroll","background-type":"","background-media":"","overlay-type":"","overlay-color":"","overlay-opacity":"","overlay-gradient":""},"mobile":{"background-color":"","background-image":"","background-repeat":"repeat","background-position":"center center","background-size":"auto","background-attachment":"scroll","background-type":"","background-media":"","overlay-type":"","overlay-color":"","overlay-opacity":"","overlay-gradient":""}},"ast-content-background-meta":{"desktop":{"background-color":"var(--ast-global-color-5)","background-image":"","background-repeat":"repeat","background-position":"center center","background-size":"auto","background-attachment":"scroll","background-type":"","background-media":"","overlay-type":"","overlay-color":"","overlay-opacity":"","overlay-gradient":""},"tablet":{"background-color":"var(--ast-global-color-5)","background-image":"","background-repeat":"repeat","background-position":"center center","background-size":"auto","background-attachment":"scroll","background-type":"","background-media":"","overlay-type":"","overlay-color":"","overlay-opacity":"","overlay-gradient":""},"mobile":{"background-color":"var(--ast-global-color-5)","background-image":"","background-repeat":"repeat","background-position":"center center","background-size":"auto","background-attachment":"scroll","background-type":"","background-media":"","overlay-type":"","overlay-color":"","overlay-opacity":"","overlay-gradient":""}},"footnotes":""},"class_list":["post-19033","page","type-page","status-publish","hentry"],"acf":[],"yoast_head":"<!-- This site is optimized with the Yoast SEO plugin v27.3 - https:\/\/yoast.com\/product\/yoast-seo-wordpress\/ -->\n<title>Application Instructions - Reality Changers<\/title>\n<meta name=\"robots\" content=\"noindex, nofollow\" \/>\n<meta property=\"og:locale\" content=\"es_MX\" \/>\n<meta property=\"og:type\" content=\"article\" \/>\n<meta property=\"og:title\" content=\"Application Instructions - Reality Changers\" \/>\n<meta property=\"og:description\" content=\"Application Instructions Reality Changers Join Reality Changers Please read through this page thoroughly before starting your application. If you have any questions, email Tom@RealityChangers.org. The link to begin your online application is at the bottom of this page. APPLICATION cOMPONENTS ONLINE APPLICATION This will take about 1.5 hours to complete. Essay Response Write your answers [&hellip;]\" \/>\n<meta property=\"og:url\" content=\"https:\/\/realitychangers.org\/es\/apply\/application-instructions\/\" \/>\n<meta property=\"og:site_name\" content=\"Reality Changers\" \/>\n<meta property=\"article:publisher\" content=\"https:\/\/www.facebook.com\/RealityChangers\" \/>\n<meta property=\"article:modified_time\" content=\"2025-09-04T16:44:06+00:00\" \/>\n<meta property=\"og:image\" content=\"https:\/\/realitychangers.org\/wp-content\/uploads\/2023\/03\/4.png\" \/>\n<meta name=\"twitter:card\" content=\"summary_large_image\" \/>\n<meta name=\"twitter:site\" content=\"@RealityChangers\" \/>\n<meta name=\"twitter:label1\" content=\"Tiempo de lectura\" \/>\n\t<meta name=\"twitter:data1\" content=\"5 minutos\" \/>\n<script type=\"application\/ld+json\" class=\"yoast-schema-graph\">{\"@context\":\"https:\\\/\\\/schema.org\",\"@graph\":[{\"@type\":\"WebPage\",\"@id\":\"https:\\\/\\\/realitychangers.org\\\/apply\\\/application-instructions\\\/\",\"url\":\"https:\\\/\\\/realitychangers.org\\\/apply\\\/application-instructions\\\/\",\"name\":\"Application Instructions - Reality Changers\",\"isPartOf\":{\"@id\":\"https:\\\/\\\/realitychangers.org\\\/#website\"},\"primaryImageOfPage\":{\"@id\":\"https:\\\/\\\/realitychangers.org\\\/apply\\\/application-instructions\\\/#primaryimage\"},\"image\":{\"@id\":\"https:\\\/\\\/realitychangers.org\\\/apply\\\/application-instructions\\\/#primaryimage\"},\"thumbnailUrl\":\"https:\\\/\\\/realitychangers.org\\\/wp-content\\\/uploads\\\/2023\\\/03\\\/4.png\",\"datePublished\":\"2023-03-03T23:10:03+00:00\",\"dateModified\":\"2025-09-04T16:44:06+00:00\",\"breadcrumb\":{\"@id\":\"https:\\\/\\\/realitychangers.org\\\/apply\\\/application-instructions\\\/#breadcrumb\"},\"inLanguage\":\"es\",\"potentialAction\":[{\"@type\":\"ReadAction\",\"target\":[\"https:\\\/\\\/realitychangers.org\\\/apply\\\/application-instructions\\\/\"]}]},{\"@type\":\"ImageObject\",\"inLanguage\":\"es\",\"@id\":\"https:\\\/\\\/realitychangers.org\\\/apply\\\/application-instructions\\\/#primaryimage\",\"url\":\"https:\\\/\\\/realitychangers.org\\\/wp-content\\\/uploads\\\/2023\\\/03\\\/4.png\",\"contentUrl\":\"https:\\\/\\\/realitychangers.org\\\/wp-content\\\/uploads\\\/2023\\\/03\\\/4.png\"},{\"@type\":\"BreadcrumbList\",\"@id\":\"https:\\\/\\\/realitychangers.org\\\/apply\\\/application-instructions\\\/#breadcrumb\",\"itemListElement\":[{\"@type\":\"ListItem\",\"position\":1,\"name\":\"Home\",\"item\":\"https:\\\/\\\/realitychangers.org\\\/\"},{\"@type\":\"ListItem\",\"position\":2,\"name\":\"Apply\",\"item\":\"https:\\\/\\\/realitychangers.org\\\/apply\\\/\"},{\"@type\":\"ListItem\",\"position\":3,\"name\":\"Application Instructions\"}]},{\"@type\":\"WebSite\",\"@id\":\"https:\\\/\\\/realitychangers.org\\\/#website\",\"url\":\"https:\\\/\\\/realitychangers.org\\\/\",\"name\":\"Reality Changers\",\"description\":\"\",\"publisher\":{\"@id\":\"https:\\\/\\\/realitychangers.org\\\/#organization\"},\"potentialAction\":[{\"@type\":\"SearchAction\",\"target\":{\"@type\":\"EntryPoint\",\"urlTemplate\":\"https:\\\/\\\/realitychangers.org\\\/?s={search_term_string}\"},\"query-input\":{\"@type\":\"PropertyValueSpecification\",\"valueRequired\":true,\"valueName\":\"search_term_string\"}}],\"inLanguage\":\"es\"},{\"@type\":\"Organization\",\"@id\":\"https:\\\/\\\/realitychangers.org\\\/#organization\",\"name\":\"Reality Changers\",\"url\":\"https:\\\/\\\/realitychangers.org\\\/\",\"logo\":{\"@type\":\"ImageObject\",\"inLanguage\":\"es\",\"@id\":\"https:\\\/\\\/realitychangers.org\\\/#\\\/schema\\\/logo\\\/image\\\/\",\"url\":\"https:\\\/\\\/realitychangers.org\\\/wp-content\\\/uploads\\\/2020\\\/06\\\/RC-Logo.png\",\"contentUrl\":\"https:\\\/\\\/realitychangers.org\\\/wp-content\\\/uploads\\\/2020\\\/06\\\/RC-Logo.png\",\"width\":1445,\"height\":1445,\"caption\":\"Reality Changers\"},\"image\":{\"@id\":\"https:\\\/\\\/realitychangers.org\\\/#\\\/schema\\\/logo\\\/image\\\/\"},\"sameAs\":[\"https:\\\/\\\/www.facebook.com\\\/RealityChangers\",\"https:\\\/\\\/x.com\\\/RealityChangers\",\"https:\\\/\\\/www.instagram.com\\\/realitychangersorg\\\/\",\"https:\\\/\\\/www.linkedin.com\\\/company\\\/2531366\",\"https:\\\/\\\/www.youtube.com\\\/channel\\\/UCvhBURbHKKtqDKt91KwoJCg\"]}]}<\/script>\n<!-- \/ Yoast SEO plugin. -->","yoast_head_json":{"title":"Instrucciones de aplicaci\u00f3n - Reality Changers","robots":{"index":"noindex","follow":"nofollow"},"og_locale":"es_MX","og_type":"article","og_title":"Application Instructions - Reality Changers","og_description":"Application Instructions Reality Changers Join Reality Changers Please read through this page thoroughly before starting your application. If you have any questions, email Tom@RealityChangers.org. The link to begin your online application is at the bottom of this page. APPLICATION cOMPONENTS ONLINE APPLICATION This will take about 1.5 hours to complete. Essay Response Write your answers [&hellip;]","og_url":"https:\/\/realitychangers.org\/es\/apply\/application-instructions\/","og_site_name":"Reality Changers","article_publisher":"https:\/\/www.facebook.com\/RealityChangers","article_modified_time":"2025-09-04T16:44:06+00:00","og_image":[{"url":"https:\/\/realitychangers.org\/wp-content\/uploads\/2023\/03\/4.png","type":"","width":"","height":""}],"twitter_card":"summary_large_image","twitter_site":"@RealityChangers","twitter_misc":{"Tiempo de lectura":"5 minutos"},"schema":{"@context":"https:\/\/schema.org","@graph":[{"@type":"WebPage","@id":"https:\/\/realitychangers.org\/apply\/application-instructions\/","url":"https:\/\/realitychangers.org\/apply\/application-instructions\/","name":"Instrucciones de aplicaci\u00f3n - Reality Changers","isPartOf":{"@id":"https:\/\/realitychangers.org\/#website"},"primaryImageOfPage":{"@id":"https:\/\/realitychangers.org\/apply\/application-instructions\/#primaryimage"},"image":{"@id":"https:\/\/realitychangers.org\/apply\/application-instructions\/#primaryimage"},"thumbnailUrl":"https:\/\/realitychangers.org\/wp-content\/uploads\/2023\/03\/4.png","datePublished":"2023-03-03T23:10:03+00:00","dateModified":"2025-09-04T16:44:06+00:00","breadcrumb":{"@id":"https:\/\/realitychangers.org\/apply\/application-instructions\/#breadcrumb"},"inLanguage":"es","potentialAction":[{"@type":"ReadAction","target":["https:\/\/realitychangers.org\/apply\/application-instructions\/"]}]},{"@type":"ImageObject","inLanguage":"es","@id":"https:\/\/realitychangers.org\/apply\/application-instructions\/#primaryimage","url":"https:\/\/realitychangers.org\/wp-content\/uploads\/2023\/03\/4.png","contentUrl":"https:\/\/realitychangers.org\/wp-content\/uploads\/2023\/03\/4.png"},{"@type":"BreadcrumbList","@id":"https:\/\/realitychangers.org\/apply\/application-instructions\/#breadcrumb","itemListElement":[{"@type":"ListItem","position":1,"name":"Home","item":"https:\/\/realitychangers.org\/"},{"@type":"ListItem","position":2,"name":"Apply","item":"https:\/\/realitychangers.org\/apply\/"},{"@type":"ListItem","position":3,"name":"Application Instructions"}]},{"@type":"WebSite","@id":"https:\/\/realitychangers.org\/#website","url":"https:\/\/realitychangers.org\/","name":"Cambiadores de realidad","description":"","publisher":{"@id":"https:\/\/realitychangers.org\/#organization"},"potentialAction":[{"@type":"SearchAction","target":{"@type":"EntryPoint","urlTemplate":"https:\/\/realitychangers.org\/?s={search_term_string}"},"query-input":{"@type":"PropertyValueSpecification","valueRequired":true,"valueName":"search_term_string"}}],"inLanguage":"es"},{"@type":"Organization","@id":"https:\/\/realitychangers.org\/#organization","name":"Cambiadores de realidad","url":"https:\/\/realitychangers.org\/","logo":{"@type":"ImageObject","inLanguage":"es","@id":"https:\/\/realitychangers.org\/#\/schema\/logo\/image\/","url":"https:\/\/realitychangers.org\/wp-content\/uploads\/2020\/06\/RC-Logo.png","contentUrl":"https:\/\/realitychangers.org\/wp-content\/uploads\/2020\/06\/RC-Logo.png","width":1445,"height":1445,"caption":"Reality Changers"},"image":{"@id":"https:\/\/realitychangers.org\/#\/schema\/logo\/image\/"},"sameAs":["https:\/\/www.facebook.com\/RealityChangers","https:\/\/x.com\/RealityChangers","https:\/\/www.instagram.com\/realitychangersorg\/","https:\/\/www.linkedin.com\/company\/2531366","https:\/\/www.youtube.com\/channel\/UCvhBURbHKKtqDKt91KwoJCg"]}]}},"_links":{"self":[{"href":"https:\/\/realitychangers.org\/es\/wp-json\/wp\/v2\/pages\/19033","targetHints":{"allow":["GET"]}}],"collection":[{"href":"https:\/\/realitychangers.org\/es\/wp-json\/wp\/v2\/pages"}],"about":[{"href":"https:\/\/realitychangers.org\/es\/wp-json\/wp\/v2\/types\/page"}],"author":[{"embeddable":true,"href":"https:\/\/realitychangers.org\/es\/wp-json\/wp\/v2\/users\/8"}],"replies":[{"embeddable":true,"href":"https:\/\/realitychangers.org\/es\/wp-json\/wp\/v2\/comments?post=19033"}],"version-history":[{"count":0,"href":"https:\/\/realitychangers.org\/es\/wp-json\/wp\/v2\/pages\/19033\/revisions"}],"up":[{"embeddable":true,"href":"https:\/\/realitychangers.org\/es\/wp-json\/wp\/v2\/pages\/1895"}],"wp:attachment":[{"href":"https:\/\/realitychangers.org\/es\/wp-json\/wp\/v2\/media?parent=19033"}],"curies":[{"name":"gracias","href":"https:\/\/api.w.org\/{rel}","templated":true}]}}