{"id":1781,"date":"2022-06-15T11:21:15","date_gmt":"2022-06-15T18:21:15","guid":{"rendered":"https:\/\/realitychangers.org\/?page_id=1781"},"modified":"2022-09-26T22:41:33","modified_gmt":"2022-09-27T05:41:33","slug":"blog","status":"publish","type":"page","link":"https:\/\/realitychangers.org\/es\/blog\/","title":{"rendered":"Blog"},"content":{"rendered":"<h1>\n\t\tBLOG Y COBERTURA DE MEDIOS\n\t<\/h1>\n\t\t\t\t\t\t\t\t\t\t\t\t\t\t<a href=\"https:\/\/realitychangers.org\/es\/22nd-annual-scholar-celebration\/\" target=\"_self\" title=\"22a Celebraci\u00f3n Anual de Acad\u00e9micos\" rel=\"noopener\">\n\t\t\t\t<img decoding=\"async\" src=\"https:\/\/realitychangers.org\/wp-content\/uploads\/2022\/07\/CONGRATULATIONS-Blog-Banner-540x375.png\" alt=\"\">\n\t\t\t\t<\/a>\n\t\t\t\t\t\t<h3>\n\t\t\t\t<a href=\"https:\/\/realitychangers.org\/es\/22nd-annual-scholar-celebration\/\" title=\"22a Celebraci\u00f3n Anual de Acad\u00e9micos\" tabindex=\"0\">22a Celebraci\u00f3n Anual de Acad\u00e9micos<\/a>\t\t\t<\/h3>\n\t\t\t\t\t\t\t\tEl domingo 22 de mayo de 2022, unas 300 personas se reunieron en UC San Diego @ Park &amp; Market para celebrar a los estudiantes de \u00faltimo a\u00f1o de secundaria que se graduaron de Reality Changers. \u2026\n\t\t\t\t\t<a href=\"https:\/\/realitychangers.org\/es\/22nd-annual-scholar-celebration\/\" target=\"_self\" rel=\"noopener\">Leer m\u00e1s \u2192<\/a>\t\t\n\t\t\t\t\t\t\t\t\t\t\t\t\t\t<a href=\"https:\/\/realitychangers.org\/es\/were-just-getting-started-2022\/\" target=\"_self\" title=\"Reci\u00e9n estamos comenzando\" rel=\"noopener\">\n\t\t\t\t<img decoding=\"async\" src=\"https:\/\/realitychangers.org\/wp-content\/uploads\/2022\/07\/Were-Just-Getting-Started-540x375.png\" alt=\"\">\n\t\t\t\t<\/a>\n\t\t\t\t\t\t<h3>\n\t\t\t\t<a href=\"https:\/\/realitychangers.org\/es\/were-just-getting-started-2022\/\" title=\"Reci\u00e9n estamos comenzando\" tabindex=\"0\">Reci\u00e9n estamos comenzando<\/a>\t\t\t<\/h3>\n\t\t\t\t\t\t\t\tDesde 2001, m\u00e1s de 3.000 alumnos se han graduado del Reality Changers. Esta primavera, celebraremos a 142 estudiantes de \u00faltimo a\u00f1o de secundaria adicionales que se graduar\u00e1n y se convertir\u00e1n en...\n\t\t\t\t\t<a href=\"https:\/\/realitychangers.org\/es\/were-just-getting-started-2022\/\" target=\"_self\" rel=\"noopener\">Leer m\u00e1s \u2192<\/a>\t\t\n\t\t\t\t\t\t\t\t\t\t\t\t\t\t<a href=\"https:\/\/realitychangers.org\/es\/guest-blog-ashley-carbonell\/\" target=\"_self\" title=\"Blog invitado: Ashley Carbonell\" rel=\"noopener\">\n\t\t\t\t<img decoding=\"async\" src=\"https:\/\/realitychangers.org\/wp-content\/uploads\/2022\/07\/3.18.22-blog-2-540x375.png\" alt=\"\">\n\t\t\t\t<\/a>\n\t\t\t\t\t\t<h3>\n\t\t\t\t<a href=\"https:\/\/realitychangers.org\/es\/guest-blog-ashley-carbonell\/\" title=\"Blog invitado: Ashley Carbonell\" tabindex=\"0\">Blog invitado: Ashley Carbonell<\/a>\t\t\t<\/h3>\n\t\t\t\t\t\t\t\tRecientemente, compartimos una publicaci\u00f3n de blog sobre Wendy Kim y su programa de liderazgo gratuito para graduados de Reality Changers (haga clic aqu\u00ed para obtener m\u00e1s informaci\u00f3n). Uno de ...\n\t\t\t\t\t<a href=\"https:\/\/realitychangers.org\/es\/guest-blog-ashley-carbonell\/\" target=\"_self\" rel=\"noopener\">Leer m\u00e1s \u2192<\/a>\t\t\n\t\t\t\t\t\t\t\t\t\t\t\t\t\t<a href=\"https:\/\/realitychangers.org\/es\/wendy-kim\/\" target=\"_self\" title=\"Haciendo historia: liderazgo y aprendizaje para mujeres de color\" rel=\"noopener\">\n\t\t\t\t<img decoding=\"async\" src=\"https:\/\/realitychangers.org\/wp-content\/uploads\/2022\/07\/3.18.22-blog-1-540x375.png\" alt=\"\">\n\t\t\t\t<\/a>\n\t\t\t\t\t\t<h3>\n\t\t\t\t<a href=\"https:\/\/realitychangers.org\/es\/wendy-kim\/\" title=\"Haciendo historia: liderazgo y aprendizaje para mujeres de color\" tabindex=\"0\">Haciendo historia: liderazgo y aprendizaje para mujeres de color<\/a>\t\t\t<\/h3>\n\t\t\t\t\t\t\t\tEste Mes de la Historia de la Mujer, nos gustar\u00eda celebrar a Wendy Kim de Beyond Blending In. Wendy es una autora de best-sellers internacionales #1, una oradora p\u00fablica profesional,...\n\t\t\t\t\t<a href=\"https:\/\/realitychangers.org\/es\/wendy-kim\/\" target=\"_self\" rel=\"noopener\">Leer m\u00e1s \u2192<\/a>\t\t\n\t\t\t\t\t\t\t\t\t\t\t\t\t\t<a href=\"https:\/\/realitychangers.org\/es\/2020-2021-annual-report\/\" target=\"_self\" title=\"Informe Anual 2020-2021\" rel=\"noopener\">\n\t\t\t\t<img decoding=\"async\" src=\"https:\/\/realitychangers.org\/wp-content\/uploads\/2022\/07\/Annual-Report-blog-cover-540x375.png\" alt=\"\">\n\t\t\t\t<\/a>\n\t\t\t\t\t\t<h3>\n\t\t\t\t<a href=\"https:\/\/realitychangers.org\/es\/2020-2021-annual-report\/\" title=\"Informe Anual 2020-2021\" tabindex=\"0\">Informe Anual 2020-2021<\/a>\t\t\t<\/h3>\n\t\t\t\t\t\t\t\t\u00a1Estamos encantados de anunciar el lanzamiento del Informe Anual 2021 de Reality Changers! El informe de este a\u00f1o muestra a algunos de nuestros incre\u00edbles estudiantes y desglosa los...\n\t\t\t\t\t<a href=\"https:\/\/realitychangers.org\/es\/2020-2021-annual-report\/\" target=\"_self\" rel=\"noopener\">Leer m\u00e1s \u2192<\/a>\t\t\n\t\t\t\t\t\t\t\t\t\t\t\t\t\t<a href=\"https:\/\/realitychangers.org\/es\/michelle-and-reality-changers\/\" target=\"_self\" title=\"Michelle y los cambiadores de realidad\" rel=\"noopener\">\n\t\t\t\t<img decoding=\"async\" src=\"https:\/\/realitychangers.org\/wp-content\/uploads\/2022\/07\/YEA-2021-Blog-Covers-1-540x375.png\" alt=\"\">\n\t\t\t\t<\/a>\n\t\t\t\t\t\t<h3>\n\t\t\t\t<a href=\"https:\/\/realitychangers.org\/es\/michelle-and-reality-changers\/\" title=\"Michelle y los cambiadores de realidad\" tabindex=\"0\">Michelle y los cambiadores de realidad<\/a>\t\t\t<\/h3>\n\t\t\t\t\t\t\t\tConoce a Michelle. \u00bfAlguna vez has pensado en c\u00f3mo tu vida podr\u00eda haber sido diferente? \u00bfHay alg\u00fan momento crucial en tu vida que...\n\t\t\t\t\t<a href=\"https:\/\/realitychangers.org\/es\/michelle-and-reality-changers\/\" target=\"_self\" rel=\"noopener\">Leer m\u00e1s \u2192<\/a>\t\t\n\t\t\t\t\t\t\t\t\t\t\t\t\t\t<a href=\"https:\/\/realitychangers.org\/es\/michelles-story\/\" target=\"_self\" title=\"la historia de michelle\" rel=\"noopener\">\n\t\t\t\t<img decoding=\"async\" src=\"https:\/\/realitychangers.org\/wp-content\/uploads\/2022\/07\/YEA-2021-Blog-Covers-540x375.png\" alt=\"\">\n\t\t\t\t<\/a>\n\t\t\t\t\t\t<h3>\n\t\t\t\t<a href=\"https:\/\/realitychangers.org\/es\/michelles-story\/\" title=\"la historia de michelle\" tabindex=\"0\">la historia de michelle<\/a>\t\t\t<\/h3>\n\t\t\t\t\t\t\t\tConozca a Michelle, graduada del programa Reality Changers. Michelle se uni\u00f3 a Reality Changers en 2016 y se gradu\u00f3 de Hoover High School en 2020. A lo largo de la escuela secundaria, Michelle hab\u00eda...\n\t\t\t\t\t<a href=\"https:\/\/realitychangers.org\/es\/michelles-story\/\" target=\"_self\" rel=\"noopener\">Leer m\u00e1s \u2192<\/a>\t\t\n\t\t\t\t\t\t\t\t\t\t\t\t\t\t<a href=\"https:\/\/realitychangers.org\/es\/fundraising-strategies\/\" target=\"_self\" title=\"Estrategias de recaudaci\u00f3n de fondos: consejos e ideas para comenzar\" rel=\"noopener\">\n\t\t\t\t<img decoding=\"async\" src=\"https:\/\/realitychangers.org\/wp-content\/uploads\/2022\/07\/CollegeTownJordan-540x375.jpg\" alt=\"\">\n\t\t\t\t<\/a>\n\t\t\t\t\t\t<h3>\n\t\t\t\t<a href=\"https:\/\/realitychangers.org\/es\/fundraising-strategies\/\" title=\"Estrategias de recaudaci\u00f3n de fondos: consejos e ideas para comenzar\" tabindex=\"0\">Estrategias de recaudaci\u00f3n de fondos: consejos e ideas para comenzar<\/a>\t\t\t<\/h3>\n\t\t\t\t\t\t\t\tEl fen\u00f3meno del f\u00fatbol y el b\u00e9isbol Bo Jackson dijo una vez: &quot;Establece metas altas y no te detengas hasta llegar all\u00ed&quot;. Puedes canalizar esta energ\u00eda como...\n\t\t\t\t\t<a href=\"https:\/\/realitychangers.org\/es\/fundraising-strategies\/\" target=\"_self\" rel=\"noopener\">Leer m\u00e1s \u2192<\/a>\t\t\n\t\t\t\t\t\t\t\t\t\t\t\t\t\t<a href=\"https:\/\/realitychangers.org\/es\/welcome-aditi-alexis-and-parker\/\" target=\"_self\" title=\"\u00a1Bienvenidos, Aditi, Alexis y Parker!\" rel=\"noopener\">\n\t\t\t\t<img decoding=\"async\" src=\"https:\/\/realitychangers.org\/wp-content\/uploads\/2022\/07\/Board-Updates-540x375.png\" alt=\"\">\n\t\t\t\t<\/a>\n\t\t\t\t\t\t<h3>\n\t\t\t\t<a href=\"https:\/\/realitychangers.org\/es\/welcome-aditi-alexis-and-parker\/\" title=\"\u00a1Bienvenidos, Aditi, Alexis y Parker!\" tabindex=\"0\">\u00a1Bienvenidos, Aditi, Alexis y Parker!<\/a>\t\t\t<\/h3>\n\t\t\t\t\t\t\t\tEstamos agradecidos de agregar nuevos miembros de la Junta a nuestra familia Reality Changers. Este mes estamos emocionados de dar la bienvenida a Aditi Salvi, Alexia Urias y...\n\t\t\t\t\t<a href=\"https:\/\/realitychangers.org\/es\/welcome-aditi-alexis-and-parker\/\" target=\"_self\" rel=\"noopener\">Leer m\u00e1s \u2192<\/a>\t\t\n\t\t\t\t\t\t\t\t\t\t\t\t\t\t<a href=\"https:\/\/realitychangers.org\/es\/get-ready-for-college-applications\/\" target=\"_self\" title=\"\u00a1Prep\u00e1rese para las solicitudes universitarias!\" rel=\"noopener\">\n\t\t\t\t<img decoding=\"async\" src=\"https:\/\/realitychangers.org\/wp-content\/uploads\/2022\/07\/Blog-Cover-YEA-540x375.png\" alt=\"\">\n\t\t\t\t<\/a>\n\t\t\t\t\t\t<h3>\n\t\t\t\t<a href=\"https:\/\/realitychangers.org\/es\/get-ready-for-college-applications\/\" title=\"\u00a1Prep\u00e1rese para las solicitudes universitarias!\" tabindex=\"0\">\u00a1Prep\u00e1rese para las solicitudes universitarias!<\/a>\t\t\t<\/h3>\n\t\t\t\t\t\t\t\tRe\u00fana sus materiales de solicitud: \u00a1es hora de enviar ensayos, cumplir con los plazos y lograr sus sue\u00f1os de ingresar a la universidad! Aunque aplicar a la universidad puede parecer...\n\t\t\t\t\t<a href=\"https:\/\/realitychangers.org\/es\/get-ready-for-college-applications\/\" target=\"_self\" rel=\"noopener\">Leer m\u00e1s \u2192<\/a>\t\t\n\t\t\t\t\t\t\t\t\t\t\t\t\t\t<a href=\"https:\/\/realitychangers.org\/es\/carloss-story\/\" target=\"_self\" title=\"la historia de carlos\" rel=\"noopener\">\n\t\t\t\t<img decoding=\"async\" src=\"https:\/\/realitychangers.org\/wp-content\/uploads\/2022\/07\/Carlos-blog-cover-540x375.png\" alt=\"\">\n\t\t\t\t<\/a>\n\t\t\t\t\t\t<h3>\n\t\t\t\t<a href=\"https:\/\/realitychangers.org\/es\/carloss-story\/\" title=\"la historia de carlos\" tabindex=\"0\">la historia de carlos<\/a>\t\t\t<\/h3>\n\t\t\t\t\t\t\t\tConozca al ex alumno de Reality Changers, Carlos. Desde que Carlos puede recordar, ha tenido un objetivo. En el jard\u00edn de infantes, en la primera excursi\u00f3n de Carlos de parte de Daniel...\n\t\t\t\t\t<a href=\"https:\/\/realitychangers.org\/es\/carloss-story\/\" target=\"_self\" rel=\"noopener\">Leer m\u00e1s \u2192<\/a>\t\t\n\t\t\t\t\t\t\t\t\t\t\t\t\t\t<a href=\"https:\/\/realitychangers.org\/es\/welcome-veronica\/\" target=\"_self\" title=\"\u00a1Bienvenida, Ver\u00f3nica!\" rel=\"noopener\">\n\t\t\t\t<img decoding=\"async\" src=\"https:\/\/realitychangers.org\/wp-content\/uploads\/2022\/07\/Board-Updates-540x375.png\" alt=\"\">\n\t\t\t\t<\/a>\n\t\t\t\t\t\t<h3>\n\t\t\t\t<a href=\"https:\/\/realitychangers.org\/es\/welcome-veronica\/\" title=\"\u00a1Bienvenida, Ver\u00f3nica!\" tabindex=\"0\">\u00a1Bienvenida, Ver\u00f3nica!<\/a>\t\t\t<\/h3>\n\t\t\t\t\t\t\t\tEstamos agradecidos de agregar un nuevo miembro de la junta a nuestra familia Reality Changers. \u00a1Nuestra familia Reality Changers sigue creciendo! Esta semana estamos...\n\t\t\t\t\t<a href=\"https:\/\/realitychangers.org\/es\/welcome-veronica\/\" target=\"_self\" rel=\"noopener\">Leer m\u00e1s \u2192<\/a>\t\t\n\t\t\t<ul class=\"page-numbers\">\n\t<li>1<\/li>\n\t<li><a href=\"https:\/\/realitychangers.org\/es\/page\/2\/?page_id=1781&amp;fl_builder\">2<\/a><\/li>\n\t<li><a href=\"https:\/\/realitychangers.org\/es\/page\/3\/?page_id=1781&amp;fl_builder\">3<\/a><\/li>\n\t<li>\u2026<\/li>\n\t<li><a href=\"https:\/\/realitychangers.org\/es\/page\/9\/?page_id=1781&amp;fl_builder\">9<\/a><\/li>\n\t<li><a href=\"https:\/\/realitychangers.org\/es\/page\/2\/?page_id=1781&amp;fl_builder\">Pr\u00f3ximo &quot;<\/a><\/li>\n<\/ul>","protected":false},"excerpt":{"rendered":"<p>BLOG AND MEDIA COVERAGE 22nd Annual Scholar Celebration On Sunday, May 22, 2022, about 300 people gathered at UC San Diego @ Park &amp; Market to celebrate Reality Changers&#8217; graduating high school seniors. &#8230; Read More \u2192 We\u2019re Just Getting Started Since 2001, more than 3,000 students have graduated from Reality Changers. This spring, we&#8217;re [&hellip;]<\/p>\n","protected":false},"author":1,"featured_media":0,"parent":0,"menu_order":30,"comment_status":"closed","ping_status":"closed","template":"","meta":{"_acf_changed":false,"site-sidebar-layout":"default","site-content-layout":"","ast-site-content-layout":"default","site-content-style":"default","site-sidebar-style":"default","ast-global-header-display":"","ast-banner-title-visibility":"","ast-main-header-display":"","ast-hfb-above-header-display":"","ast-hfb-below-header-display":"","ast-hfb-mobile-header-display":"","site-post-title":"","ast-breadcrumbs-content":"","ast-featured-img":"","footer-sml-layout":"","ast-disable-related-posts":"","theme-transparent-header-meta":"","adv-header-id-meta":"","stick-header-meta":"","header-above-stick-meta":"","header-main-stick-meta":"","header-below-stick-meta":"","astra-migrate-meta-layouts":"default","ast-page-background-enabled":"default","ast-page-background-meta":{"desktop":{"background-color":"var(--ast-global-color-4)","background-image":"","background-repeat":"repeat","background-position":"center center","background-size":"auto","background-attachment":"scroll","background-type":"","background-media":"","overlay-type":"","overlay-color":"","overlay-opacity":"","overlay-gradient":""},"tablet":{"background-color":"","background-image":"","background-repeat":"repeat","background-position":"center center","background-size":"auto","background-attachment":"scroll","background-type":"","background-media":"","overlay-type":"","overlay-color":"","overlay-opacity":"","overlay-gradient":""},"mobile":{"background-color":"","background-image":"","background-repeat":"repeat","background-position":"center center","background-size":"auto","background-attachment":"scroll","background-type":"","background-media":"","overlay-type":"","overlay-color":"","overlay-opacity":"","overlay-gradient":""}},"ast-content-background-meta":{"desktop":{"background-color":"var(--ast-global-color-5)","background-image":"","background-repeat":"repeat","background-position":"center center","background-size":"auto","background-attachment":"scroll","background-type":"","background-media":"","overlay-type":"","overlay-color":"","overlay-opacity":"","overlay-gradient":""},"tablet":{"background-color":"var(--ast-global-color-5)","background-image":"","background-repeat":"repeat","background-position":"center center","background-size":"auto","background-attachment":"scroll","background-type":"","background-media":"","overlay-type":"","overlay-color":"","overlay-opacity":"","overlay-gradient":""},"mobile":{"background-color":"var(--ast-global-color-5)","background-image":"","background-repeat":"repeat","background-position":"center center","background-size":"auto","background-attachment":"scroll","background-type":"","background-media":"","overlay-type":"","overlay-color":"","overlay-opacity":"","overlay-gradient":""}},"footnotes":""},"class_list":["post-1781","page","type-page","status-publish","hentry"],"acf":[],"yoast_head":"<!-- This site is optimized with the Yoast SEO plugin v27.5 - https:\/\/yoast.com\/product\/yoast-seo-wordpress\/ -->\n<title>Blog - Reality Changers<\/title>\n<meta name=\"description\" content=\"Get to know and discover Reality Changers&#039; news, insights, and our work through our blogs and media coverage.\" \/>\n<meta name=\"robots\" content=\"index, follow, max-snippet:-1, max-image-preview:large, max-video-preview:-1\" \/>\n<link rel=\"canonical\" href=\"https:\/\/realitychangers.org\/es\/blog\/\" \/>\n<meta property=\"og:locale\" content=\"es_MX\" \/>\n<meta property=\"og:type\" content=\"article\" \/>\n<meta property=\"og:title\" content=\"Blog - Reality Changers\" \/>\n<meta property=\"og:description\" content=\"Get to know and discover Reality Changers&#039; news, insights, and our work through our blogs and media coverage.\" \/>\n<meta property=\"og:url\" content=\"https:\/\/realitychangers.org\/es\/blog\/\" \/>\n<meta property=\"og:site_name\" content=\"Reality Changers\" \/>\n<meta property=\"article:publisher\" content=\"https:\/\/www.facebook.com\/RealityChangers\" \/>\n<meta property=\"article:modified_time\" content=\"2022-09-27T05:41:33+00:00\" \/>\n<meta property=\"og:image\" content=\"https:\/\/realitychangers.org\/wp-content\/uploads\/2022\/07\/CONGRATULATIONS-Blog-Banner-540x375.png\" \/>\n<meta name=\"twitter:card\" content=\"summary_large_image\" \/>\n<meta name=\"twitter:site\" content=\"@RealityChangers\" \/>\n<meta name=\"twitter:label1\" content=\"Tiempo de lectura\" \/>\n\t<meta name=\"twitter:data1\" content=\"5 minutos\" \/>\n<script type=\"application\/ld+json\" class=\"yoast-schema-graph\">{\"@context\":\"https:\\\/\\\/schema.org\",\"@graph\":[{\"@type\":\"WebPage\",\"@id\":\"https:\\\/\\\/realitychangers.org\\\/blog\\\/\",\"url\":\"https:\\\/\\\/realitychangers.org\\\/blog\\\/\",\"name\":\"Blog - Reality Changers\",\"isPartOf\":{\"@id\":\"https:\\\/\\\/realitychangers.org\\\/#website\"},\"primaryImageOfPage\":{\"@id\":\"https:\\\/\\\/realitychangers.org\\\/blog\\\/#primaryimage\"},\"image\":{\"@id\":\"https:\\\/\\\/realitychangers.org\\\/blog\\\/#primaryimage\"},\"thumbnailUrl\":\"https:\\\/\\\/realitychangers.org\\\/wp-content\\\/uploads\\\/2022\\\/07\\\/CONGRATULATIONS-Blog-Banner-540x375.png\",\"datePublished\":\"2022-06-15T18:21:15+00:00\",\"dateModified\":\"2022-09-27T05:41:33+00:00\",\"description\":\"Get to know and discover Reality Changers' news, insights, and our work through our blogs and media coverage.\",\"breadcrumb\":{\"@id\":\"https:\\\/\\\/realitychangers.org\\\/blog\\\/#breadcrumb\"},\"inLanguage\":\"es\",\"potentialAction\":[{\"@type\":\"ReadAction\",\"target\":[\"https:\\\/\\\/realitychangers.org\\\/blog\\\/\"]}]},{\"@type\":\"ImageObject\",\"inLanguage\":\"es\",\"@id\":\"https:\\\/\\\/realitychangers.org\\\/blog\\\/#primaryimage\",\"url\":\"https:\\\/\\\/realitychangers.org\\\/wp-content\\\/uploads\\\/2022\\\/07\\\/CONGRATULATIONS-Blog-Banner-540x375.png\",\"contentUrl\":\"https:\\\/\\\/realitychangers.org\\\/wp-content\\\/uploads\\\/2022\\\/07\\\/CONGRATULATIONS-Blog-Banner-540x375.png\"},{\"@type\":\"BreadcrumbList\",\"@id\":\"https:\\\/\\\/realitychangers.org\\\/blog\\\/#breadcrumb\",\"itemListElement\":[{\"@type\":\"ListItem\",\"position\":1,\"name\":\"Home\",\"item\":\"https:\\\/\\\/realitychangers.org\\\/\"},{\"@type\":\"ListItem\",\"position\":2,\"name\":\"Blog\"}]},{\"@type\":\"WebSite\",\"@id\":\"https:\\\/\\\/realitychangers.org\\\/#website\",\"url\":\"https:\\\/\\\/realitychangers.org\\\/\",\"name\":\"Reality Changers\",\"description\":\"\",\"publisher\":{\"@id\":\"https:\\\/\\\/realitychangers.org\\\/#organization\"},\"potentialAction\":[{\"@type\":\"SearchAction\",\"target\":{\"@type\":\"EntryPoint\",\"urlTemplate\":\"https:\\\/\\\/realitychangers.org\\\/?s={search_term_string}\"},\"query-input\":{\"@type\":\"PropertyValueSpecification\",\"valueRequired\":true,\"valueName\":\"search_term_string\"}}],\"inLanguage\":\"es\"},{\"@type\":\"Organization\",\"@id\":\"https:\\\/\\\/realitychangers.org\\\/#organization\",\"name\":\"Reality Changers\",\"url\":\"https:\\\/\\\/realitychangers.org\\\/\",\"logo\":{\"@type\":\"ImageObject\",\"inLanguage\":\"es\",\"@id\":\"https:\\\/\\\/realitychangers.org\\\/#\\\/schema\\\/logo\\\/image\\\/\",\"url\":\"https:\\\/\\\/realitychangers.org\\\/wp-content\\\/uploads\\\/2020\\\/06\\\/RC-Logo.png\",\"contentUrl\":\"https:\\\/\\\/realitychangers.org\\\/wp-content\\\/uploads\\\/2020\\\/06\\\/RC-Logo.png\",\"width\":1445,\"height\":1445,\"caption\":\"Reality Changers\"},\"image\":{\"@id\":\"https:\\\/\\\/realitychangers.org\\\/#\\\/schema\\\/logo\\\/image\\\/\"},\"sameAs\":[\"https:\\\/\\\/www.facebook.com\\\/RealityChangers\",\"https:\\\/\\\/x.com\\\/RealityChangers\",\"https:\\\/\\\/www.instagram.com\\\/realitychangersorg\\\/\",\"https:\\\/\\\/www.linkedin.com\\\/company\\\/2531366\",\"https:\\\/\\\/www.youtube.com\\\/channel\\\/UCvhBURbHKKtqDKt91KwoJCg\"]}]}<\/script>\n<!-- \/ Yoast SEO plugin. -->","yoast_head_json":{"title":"Blog - Reality Changers","description":"Conozca y descubra las noticias, ideas y el trabajo de Reality Changers a trav\u00e9s de nuestros blogs y cobertura medi\u00e1tica.","robots":{"index":"index","follow":"follow","max-snippet":"max-snippet:-1","max-image-preview":"max-image-preview:large","max-video-preview":"max-video-preview:-1"},"canonical":"https:\/\/realitychangers.org\/es\/blog\/","og_locale":"es_MX","og_type":"article","og_title":"Blog - Reality Changers","og_description":"Get to know and discover Reality Changers' news, insights, and our work through our blogs and media coverage.","og_url":"https:\/\/realitychangers.org\/es\/blog\/","og_site_name":"Reality Changers","article_publisher":"https:\/\/www.facebook.com\/RealityChangers","article_modified_time":"2022-09-27T05:41:33+00:00","og_image":[{"url":"https:\/\/realitychangers.org\/wp-content\/uploads\/2022\/07\/CONGRATULATIONS-Blog-Banner-540x375.png","type":"","width":"","height":""}],"twitter_card":"summary_large_image","twitter_site":"@RealityChangers","twitter_misc":{"Tiempo de lectura":"5 minutos"},"schema":{"@context":"https:\/\/schema.org","@graph":[{"@type":"WebPage","@id":"https:\/\/realitychangers.org\/blog\/","url":"https:\/\/realitychangers.org\/blog\/","name":"Blog - Reality Changers","isPartOf":{"@id":"https:\/\/realitychangers.org\/#website"},"primaryImageOfPage":{"@id":"https:\/\/realitychangers.org\/blog\/#primaryimage"},"image":{"@id":"https:\/\/realitychangers.org\/blog\/#primaryimage"},"thumbnailUrl":"https:\/\/realitychangers.org\/wp-content\/uploads\/2022\/07\/CONGRATULATIONS-Blog-Banner-540x375.png","datePublished":"2022-06-15T18:21:15+00:00","dateModified":"2022-09-27T05:41:33+00:00","description":"Conozca y descubra las noticias, ideas y el trabajo de Reality Changers a trav\u00e9s de nuestros blogs y cobertura medi\u00e1tica.","breadcrumb":{"@id":"https:\/\/realitychangers.org\/blog\/#breadcrumb"},"inLanguage":"es","potentialAction":[{"@type":"ReadAction","target":["https:\/\/realitychangers.org\/blog\/"]}]},{"@type":"ImageObject","inLanguage":"es","@id":"https:\/\/realitychangers.org\/blog\/#primaryimage","url":"https:\/\/realitychangers.org\/wp-content\/uploads\/2022\/07\/CONGRATULATIONS-Blog-Banner-540x375.png","contentUrl":"https:\/\/realitychangers.org\/wp-content\/uploads\/2022\/07\/CONGRATULATIONS-Blog-Banner-540x375.png"},{"@type":"BreadcrumbList","@id":"https:\/\/realitychangers.org\/blog\/#breadcrumb","itemListElement":[{"@type":"ListItem","position":1,"name":"Home","item":"https:\/\/realitychangers.org\/"},{"@type":"ListItem","position":2,"name":"Blog"}]},{"@type":"WebSite","@id":"https:\/\/realitychangers.org\/#website","url":"https:\/\/realitychangers.org\/","name":"Cambiadores de realidad","description":"","publisher":{"@id":"https:\/\/realitychangers.org\/#organization"},"potentialAction":[{"@type":"SearchAction","target":{"@type":"EntryPoint","urlTemplate":"https:\/\/realitychangers.org\/?s={search_term_string}"},"query-input":{"@type":"PropertyValueSpecification","valueRequired":true,"valueName":"search_term_string"}}],"inLanguage":"es"},{"@type":"Organization","@id":"https:\/\/realitychangers.org\/#organization","name":"Cambiadores de realidad","url":"https:\/\/realitychangers.org\/","logo":{"@type":"ImageObject","inLanguage":"es","@id":"https:\/\/realitychangers.org\/#\/schema\/logo\/image\/","url":"https:\/\/realitychangers.org\/wp-content\/uploads\/2020\/06\/RC-Logo.png","contentUrl":"https:\/\/realitychangers.org\/wp-content\/uploads\/2020\/06\/RC-Logo.png","width":1445,"height":1445,"caption":"Reality Changers"},"image":{"@id":"https:\/\/realitychangers.org\/#\/schema\/logo\/image\/"},"sameAs":["https:\/\/www.facebook.com\/RealityChangers","https:\/\/x.com\/RealityChangers","https:\/\/www.instagram.com\/realitychangersorg\/","https:\/\/www.linkedin.com\/company\/2531366","https:\/\/www.youtube.com\/channel\/UCvhBURbHKKtqDKt91KwoJCg"]}]}},"_links":{"self":[{"href":"https:\/\/realitychangers.org\/es\/wp-json\/wp\/v2\/pages\/1781","targetHints":{"allow":["GET"]}}],"collection":[{"href":"https:\/\/realitychangers.org\/es\/wp-json\/wp\/v2\/pages"}],"about":[{"href":"https:\/\/realitychangers.org\/es\/wp-json\/wp\/v2\/types\/page"}],"author":[{"embeddable":true,"href":"https:\/\/realitychangers.org\/es\/wp-json\/wp\/v2\/users\/1"}],"replies":[{"embeddable":true,"href":"https:\/\/realitychangers.org\/es\/wp-json\/wp\/v2\/comments?post=1781"}],"version-history":[{"count":0,"href":"https:\/\/realitychangers.org\/es\/wp-json\/wp\/v2\/pages\/1781\/revisions"}],"wp:attachment":[{"href":"https:\/\/realitychangers.org\/es\/wp-json\/wp\/v2\/media?parent=1781"}],"curies":[{"name":"gracias","href":"https:\/\/api.w.org\/{rel}","templated":true}]}}